{"id":46881,"date":"2023-12-07T15:27:14","date_gmt":"2023-12-07T13:27:14","guid":{"rendered":"https:\/\/vspa.ee\/rituali\/klaaristav-ja-rahustav-naohoolitsus-antioksudantidega\/"},"modified":"2025-03-10T09:05:47","modified_gmt":"2025-03-10T07:05:47","slug":"klaaristav-ja-rahustav-naohoolitsus-antioksudantidega","status":"publish","type":"page","link":"https:\/\/vana.vspa.ee\/lv\/rituali\/klaaristav-ja-rahustav-naohoolitsus-antioksudantidega\/","title":{"rendered":"Att\u012bro\u0161a un nomierino\u0161a sejas proced\u016bra ar antioksidantiem"},"content":{"rendered":"<p>\u0160\u012b antioksidantu sejas kop\u0161anas proced\u016bra satur vitam\u012bnus, miner\u0101lvielas un mikroelementus, k\u0101 ar\u012b aminosk\u0101bes un antioksidantus, kas atrodami j\u016brasz\u0101l\u0113s. Tie mitrina \u0101du un veido aizsargbarjeru pret \u0101r\u0113j\u0101s vides negat\u012bvo ietekmi, t\u0101d\u0113j\u0101di pal\u012bdzot samazin\u0101t \u0101das jut\u012bgumu un aizsarg\u0101jot \u0101du. Proced\u016bra ir labi piem\u0113rota \u0101dai ar kuperozes un rosacejas izpausm\u0113m.<\/p>\n<p>Proced\u016br\u0101 tiek izmantoti <strong>Repechage<\/strong> z\u012bmola produkti.<\/p>\n","protected":false},"excerpt":{"rendered":"<p>\u0160\u012b antioksidantu sejas kop\u0161anas proced\u016bra satur vitam\u012bnus, miner\u0101lvielas un mikroelementus, k\u0101 ar\u012b aminosk\u0101bes un antioksidantus, kas atrodami j\u016brasz\u0101l\u0113s. Tie mitrina&#8230;<\/p>\n","protected":false},"author":1,"featured_media":0,"parent":1094,"menu_order":0,"comment_status":"closed","ping_status":"closed","template":"page-templates\/tpl-offer1.php","meta":{"_acf_changed":false,"_monsterinsights_skip_tracking":false,"_monsterinsights_sitenote_active":false,"_monsterinsights_sitenote_note":"","_monsterinsights_sitenote_category":0,"footnotes":"","_links_to":"","_links_to_target":""},"class_list":["post-46881","page","type-page","status-publish","hentry"],"acf":[],"yoast_head":"<!-- This site is optimized with the Yoast SEO plugin v24.7 - https:\/\/yoast.com\/wordpress\/plugins\/seo\/ -->\n<title>Att\u012bro\u0161a un nomierino\u0161a sejas proced\u016bra ar antioksidantiem - V Spa<\/title>\n<meta name=\"robots\" content=\"noindex, follow, max-snippet:-1, max-image-preview:large, max-video-preview:-1\" \/>\n<meta property=\"og:locale\" content=\"lv_LV\" \/>\n<meta property=\"og:type\" content=\"article\" \/>\n<meta property=\"og:title\" content=\"Att\u012bro\u0161a un nomierino\u0161a sejas proced\u016bra ar antioksidantiem - V Spa\" \/>\n<meta property=\"og:description\" content=\"\u0160\u012b antioksidantu sejas kop\u0161anas proced\u016bra satur vitam\u012bnus, miner\u0101lvielas un mikroelementus, k\u0101 ar\u012b aminosk\u0101bes un antioksidantus, kas atrodami j\u016brasz\u0101l\u0113s. Tie mitrina...\" \/>\n<meta property=\"og:url\" content=\"https:\/\/vana.vspa.ee\/hoolitsused\/klaaristav-ja-rahustav-naohoolitsus-antioksudantidega\/\" \/>\n<meta property=\"og:site_name\" content=\"V Spa\" \/>\n<meta property=\"article:modified_time\" content=\"2025-03-10T07:05:47+00:00\" \/>\n<meta name=\"twitter:card\" content=\"summary_large_image\" \/>\n<meta name=\"twitter:label1\" content=\"Est. reading time\" \/>\n\t<meta name=\"twitter:data1\" content=\"1 min\u016b\u0161u\" \/>\n<script type=\"application\/ld+json\" class=\"yoast-schema-graph\">{\"@context\":\"https:\/\/schema.org\",\"@graph\":[{\"@type\":\"WebPage\",\"@id\":\"https:\/\/vana.vspa.ee\/hoolitsused\/klaaristav-ja-rahustav-naohoolitsus-antioksudantidega\/\",\"url\":\"https:\/\/vana.vspa.ee\/hoolitsused\/klaaristav-ja-rahustav-naohoolitsus-antioksudantidega\/\",\"name\":\"Att\u012bro\u0161a un nomierino\u0161a sejas proced\u016bra ar antioksidantiem - V Spa\",\"isPartOf\":{\"@id\":\"https:\/\/vana.vspa.ee\/#website\"},\"datePublished\":\"2023-12-07T13:27:14+00:00\",\"dateModified\":\"2025-03-10T07:05:47+00:00\",\"breadcrumb\":{\"@id\":\"https:\/\/vana.vspa.ee\/hoolitsused\/klaaristav-ja-rahustav-naohoolitsus-antioksudantidega\/#breadcrumb\"},\"inLanguage\":\"lv-LV\",\"potentialAction\":[{\"@type\":\"ReadAction\",\"target\":[\"https:\/\/vana.vspa.ee\/hoolitsused\/klaaristav-ja-rahustav-naohoolitsus-antioksudantidega\/\"]}]},{\"@type\":\"BreadcrumbList\",\"@id\":\"https:\/\/vana.vspa.ee\/hoolitsused\/klaaristav-ja-rahustav-naohoolitsus-antioksudantidega\/#breadcrumb\",\"itemListElement\":[{\"@type\":\"ListItem\",\"position\":1,\"name\":\"Home\",\"item\":\"https:\/\/vana.vspa.ee\/lv\/\"},{\"@type\":\"ListItem\",\"position\":2,\"name\":\"Ritu\u0101li\",\"item\":\"https:\/\/vana.vspa.ee\/hoolitsused\/\"},{\"@type\":\"ListItem\",\"position\":3,\"name\":\"Att\u012bro\u0161a un nomierino\u0161a sejas proced\u016bra ar antioksidantiem\"}]},{\"@type\":\"WebSite\",\"@id\":\"https:\/\/vana.vspa.ee\/#website\",\"url\":\"https:\/\/vana.vspa.ee\/\",\"name\":\"V Spa\",\"description\":\"V\u00f5ta veest viimast!\",\"potentialAction\":[{\"@type\":\"SearchAction\",\"target\":{\"@type\":\"EntryPoint\",\"urlTemplate\":\"https:\/\/vana.vspa.ee\/?s={search_term_string}\"},\"query-input\":{\"@type\":\"PropertyValueSpecification\",\"valueRequired\":true,\"valueName\":\"search_term_string\"}}],\"inLanguage\":\"lv-LV\"}]}<\/script>\n<!-- \/ Yoast SEO plugin. -->","yoast_head_json":{"title":"Att\u012bro\u0161a un nomierino\u0161a sejas proced\u016bra ar antioksidantiem - V Spa","robots":{"index":"noindex","follow":"follow","max-snippet":"max-snippet:-1","max-image-preview":"max-image-preview:large","max-video-preview":"max-video-preview:-1"},"og_locale":"lv_LV","og_type":"article","og_title":"Att\u012bro\u0161a un nomierino\u0161a sejas proced\u016bra ar antioksidantiem - V Spa","og_description":"\u0160\u012b antioksidantu sejas kop\u0161anas proced\u016bra satur vitam\u012bnus, miner\u0101lvielas un mikroelementus, k\u0101 ar\u012b aminosk\u0101bes un antioksidantus, kas atrodami j\u016brasz\u0101l\u0113s. Tie mitrina...","og_url":"https:\/\/vana.vspa.ee\/hoolitsused\/klaaristav-ja-rahustav-naohoolitsus-antioksudantidega\/","og_site_name":"V Spa","article_modified_time":"2025-03-10T07:05:47+00:00","twitter_card":"summary_large_image","twitter_misc":{"Est. reading time":"1 min\u016b\u0161u"},"schema":{"@context":"https:\/\/schema.org","@graph":[{"@type":"WebPage","@id":"https:\/\/vana.vspa.ee\/hoolitsused\/klaaristav-ja-rahustav-naohoolitsus-antioksudantidega\/","url":"https:\/\/vana.vspa.ee\/hoolitsused\/klaaristav-ja-rahustav-naohoolitsus-antioksudantidega\/","name":"Att\u012bro\u0161a un nomierino\u0161a sejas proced\u016bra ar antioksidantiem - V Spa","isPartOf":{"@id":"https:\/\/vana.vspa.ee\/#website"},"datePublished":"2023-12-07T13:27:14+00:00","dateModified":"2025-03-10T07:05:47+00:00","breadcrumb":{"@id":"https:\/\/vana.vspa.ee\/hoolitsused\/klaaristav-ja-rahustav-naohoolitsus-antioksudantidega\/#breadcrumb"},"inLanguage":"lv-LV","potentialAction":[{"@type":"ReadAction","target":["https:\/\/vana.vspa.ee\/hoolitsused\/klaaristav-ja-rahustav-naohoolitsus-antioksudantidega\/"]}]},{"@type":"BreadcrumbList","@id":"https:\/\/vana.vspa.ee\/hoolitsused\/klaaristav-ja-rahustav-naohoolitsus-antioksudantidega\/#breadcrumb","itemListElement":[{"@type":"ListItem","position":1,"name":"Home","item":"https:\/\/vana.vspa.ee\/lv\/"},{"@type":"ListItem","position":2,"name":"Ritu\u0101li","item":"https:\/\/vana.vspa.ee\/hoolitsused\/"},{"@type":"ListItem","position":3,"name":"Att\u012bro\u0161a un nomierino\u0161a sejas proced\u016bra ar antioksidantiem"}]},{"@type":"WebSite","@id":"https:\/\/vana.vspa.ee\/#website","url":"https:\/\/vana.vspa.ee\/","name":"V Spa","description":"V\u00f5ta veest viimast!","potentialAction":[{"@type":"SearchAction","target":{"@type":"EntryPoint","urlTemplate":"https:\/\/vana.vspa.ee\/?s={search_term_string}"},"query-input":{"@type":"PropertyValueSpecification","valueRequired":true,"valueName":"search_term_string"}}],"inLanguage":"lv-LV"}]}},"_links":{"self":[{"href":"https:\/\/vana.vspa.ee\/lv\/wp-json\/wp\/v2\/pages\/46881","targetHints":{"allow":["GET"]}}],"collection":[{"href":"https:\/\/vana.vspa.ee\/lv\/wp-json\/wp\/v2\/pages"}],"about":[{"href":"https:\/\/vana.vspa.ee\/lv\/wp-json\/wp\/v2\/types\/page"}],"author":[{"embeddable":true,"href":"https:\/\/vana.vspa.ee\/lv\/wp-json\/wp\/v2\/users\/1"}],"replies":[{"embeddable":true,"href":"https:\/\/vana.vspa.ee\/lv\/wp-json\/wp\/v2\/comments?post=46881"}],"version-history":[{"count":2,"href":"https:\/\/vana.vspa.ee\/lv\/wp-json\/wp\/v2\/pages\/46881\/revisions"}],"predecessor-version":[{"id":49374,"href":"https:\/\/vana.vspa.ee\/lv\/wp-json\/wp\/v2\/pages\/46881\/revisions\/49374"}],"up":[{"embeddable":true,"href":"https:\/\/vana.vspa.ee\/lv\/wp-json\/wp\/v2\/pages\/1094"}],"wp:attachment":[{"href":"https:\/\/vana.vspa.ee\/lv\/wp-json\/wp\/v2\/media?parent=46881"}],"curies":[{"name":"wp","href":"https:\/\/api.w.org\/{rel}","templated":true}]}}