{"id":46884,"date":"2018-03-20T14:47:03","date_gmt":"2018-03-20T12:47:03","guid":{"rendered":"https:\/\/vspa.ee\/rituali\/lisateenused-naohoolitsustele\/"},"modified":"2024-11-11T16:23:17","modified_gmt":"2024-11-11T14:23:17","slug":"lisateenused-naohoolitsustele","status":"publish","type":"page","link":"https:\/\/vana.vspa.ee\/lv\/rituali\/lisateenused-naohoolitsustele\/","title":{"rendered":"Papildus pakalpojumi sejas proced\u016br\u0101m"},"content":{"rendered":"<p><strong>Papildus iesp\u0113jams rezerv\u0113t ar\u012b: <\/strong><\/p>\n<p>Skropstu un uzacu kr\u0101so\u0161ana un model\u0113\u0161ana: 30 min &#8211; 20\u20ac<\/p>\n<p>Uzacu kr\u0101so\u0161ana un model\u0113\u0161ana: 30 min &#8211; 15\u20ac<\/p>\n<p>Uzacu korekcija: 15 min &#8211; \u20ac10<\/p>\n<p>Skropstu kr\u0101so\u0161ana: 30 min &#8211; 15\u20ac<\/p>\n<p>NB! Papildu pakalpojumus iesp\u0113jams rezerv\u0113t tikai kop\u0101 ar sejas proced\u016br\u0101m.<\/p>\n<p>*Lai rezerv\u0113tu papildu pakalpojumus, sazinieties ar mums pa t\u0101lruni +372 740 4070 vai e-pastu info@vspa.ee<\/p>\n<p>&nbsp;<\/p>\n","protected":false},"excerpt":{"rendered":"<p>Papildus iesp\u0113jams rezerv\u0113t ar\u012b: Skropstu un uzacu kr\u0101so\u0161ana un model\u0113\u0161ana: 30 min &#8211; 20\u20ac Uzacu kr\u0101so\u0161ana un model\u0113\u0161ana: 30 min&#8230;<\/p>\n","protected":false},"author":1,"featured_media":0,"parent":1094,"menu_order":0,"comment_status":"closed","ping_status":"closed","template":"page-templates\/tpl-offer1.php","meta":{"_acf_changed":false,"_monsterinsights_skip_tracking":false,"_monsterinsights_sitenote_active":false,"_monsterinsights_sitenote_note":"","_monsterinsights_sitenote_category":0,"footnotes":"","_links_to":"","_links_to_target":""},"class_list":["post-46884","page","type-page","status-publish","hentry"],"acf":[],"yoast_head":"<!-- This site is optimized with the Yoast SEO plugin v24.7 - https:\/\/yoast.com\/wordpress\/plugins\/seo\/ -->\n<title>Papildus pakalpojumi sejas proced\u016br\u0101m - V Spa<\/title>\n<meta name=\"robots\" content=\"noindex, follow, max-snippet:-1, max-image-preview:large, max-video-preview:-1\" \/>\n<meta property=\"og:locale\" content=\"lv_LV\" \/>\n<meta property=\"og:type\" content=\"article\" \/>\n<meta property=\"og:title\" content=\"Papildus pakalpojumi sejas proced\u016br\u0101m - V Spa\" \/>\n<meta property=\"og:description\" content=\"Papildus iesp\u0113jams rezerv\u0113t ar\u012b: Skropstu un uzacu kr\u0101so\u0161ana un model\u0113\u0161ana: 30 min &#8211; 20\u20ac Uzacu kr\u0101so\u0161ana un model\u0113\u0161ana: 30 min...\" \/>\n<meta property=\"og:url\" content=\"https:\/\/vana.vspa.ee\/hoolitsused\/lisateenused-naohoolitsustele\/\" \/>\n<meta property=\"og:site_name\" content=\"V Spa\" \/>\n<meta property=\"article:modified_time\" content=\"2024-11-11T14:23:17+00:00\" \/>\n<meta name=\"twitter:card\" content=\"summary_large_image\" \/>\n<meta name=\"twitter:label1\" content=\"Est. reading time\" \/>\n\t<meta name=\"twitter:data1\" content=\"1 min\u016b\u0161u\" \/>\n<script type=\"application\/ld+json\" class=\"yoast-schema-graph\">{\"@context\":\"https:\/\/schema.org\",\"@graph\":[{\"@type\":\"WebPage\",\"@id\":\"https:\/\/vana.vspa.ee\/hoolitsused\/lisateenused-naohoolitsustele\/\",\"url\":\"https:\/\/vana.vspa.ee\/hoolitsused\/lisateenused-naohoolitsustele\/\",\"name\":\"Papildus pakalpojumi sejas proced\u016br\u0101m - V Spa\",\"isPartOf\":{\"@id\":\"https:\/\/vana.vspa.ee\/#website\"},\"datePublished\":\"2018-03-20T12:47:03+00:00\",\"dateModified\":\"2024-11-11T14:23:17+00:00\",\"breadcrumb\":{\"@id\":\"https:\/\/vana.vspa.ee\/hoolitsused\/lisateenused-naohoolitsustele\/#breadcrumb\"},\"inLanguage\":\"lv-LV\",\"potentialAction\":[{\"@type\":\"ReadAction\",\"target\":[\"https:\/\/vana.vspa.ee\/hoolitsused\/lisateenused-naohoolitsustele\/\"]}]},{\"@type\":\"BreadcrumbList\",\"@id\":\"https:\/\/vana.vspa.ee\/hoolitsused\/lisateenused-naohoolitsustele\/#breadcrumb\",\"itemListElement\":[{\"@type\":\"ListItem\",\"position\":1,\"name\":\"Home\",\"item\":\"https:\/\/vana.vspa.ee\/lv\/\"},{\"@type\":\"ListItem\",\"position\":2,\"name\":\"Ritu\u0101li\",\"item\":\"https:\/\/vana.vspa.ee\/hoolitsused\/\"},{\"@type\":\"ListItem\",\"position\":3,\"name\":\"Papildus pakalpojumi sejas proced\u016br\u0101m\"}]},{\"@type\":\"WebSite\",\"@id\":\"https:\/\/vana.vspa.ee\/#website\",\"url\":\"https:\/\/vana.vspa.ee\/\",\"name\":\"V Spa\",\"description\":\"V\u00f5ta veest viimast!\",\"potentialAction\":[{\"@type\":\"SearchAction\",\"target\":{\"@type\":\"EntryPoint\",\"urlTemplate\":\"https:\/\/vana.vspa.ee\/?s={search_term_string}\"},\"query-input\":{\"@type\":\"PropertyValueSpecification\",\"valueRequired\":true,\"valueName\":\"search_term_string\"}}],\"inLanguage\":\"lv-LV\"}]}<\/script>\n<!-- \/ Yoast SEO plugin. -->","yoast_head_json":{"title":"Papildus pakalpojumi sejas proced\u016br\u0101m - V Spa","robots":{"index":"noindex","follow":"follow","max-snippet":"max-snippet:-1","max-image-preview":"max-image-preview:large","max-video-preview":"max-video-preview:-1"},"og_locale":"lv_LV","og_type":"article","og_title":"Papildus pakalpojumi sejas proced\u016br\u0101m - V Spa","og_description":"Papildus iesp\u0113jams rezerv\u0113t ar\u012b: Skropstu un uzacu kr\u0101so\u0161ana un model\u0113\u0161ana: 30 min &#8211; 20\u20ac Uzacu kr\u0101so\u0161ana un model\u0113\u0161ana: 30 min...","og_url":"https:\/\/vana.vspa.ee\/hoolitsused\/lisateenused-naohoolitsustele\/","og_site_name":"V Spa","article_modified_time":"2024-11-11T14:23:17+00:00","twitter_card":"summary_large_image","twitter_misc":{"Est. reading time":"1 min\u016b\u0161u"},"schema":{"@context":"https:\/\/schema.org","@graph":[{"@type":"WebPage","@id":"https:\/\/vana.vspa.ee\/hoolitsused\/lisateenused-naohoolitsustele\/","url":"https:\/\/vana.vspa.ee\/hoolitsused\/lisateenused-naohoolitsustele\/","name":"Papildus pakalpojumi sejas proced\u016br\u0101m - V Spa","isPartOf":{"@id":"https:\/\/vana.vspa.ee\/#website"},"datePublished":"2018-03-20T12:47:03+00:00","dateModified":"2024-11-11T14:23:17+00:00","breadcrumb":{"@id":"https:\/\/vana.vspa.ee\/hoolitsused\/lisateenused-naohoolitsustele\/#breadcrumb"},"inLanguage":"lv-LV","potentialAction":[{"@type":"ReadAction","target":["https:\/\/vana.vspa.ee\/hoolitsused\/lisateenused-naohoolitsustele\/"]}]},{"@type":"BreadcrumbList","@id":"https:\/\/vana.vspa.ee\/hoolitsused\/lisateenused-naohoolitsustele\/#breadcrumb","itemListElement":[{"@type":"ListItem","position":1,"name":"Home","item":"https:\/\/vana.vspa.ee\/lv\/"},{"@type":"ListItem","position":2,"name":"Ritu\u0101li","item":"https:\/\/vana.vspa.ee\/hoolitsused\/"},{"@type":"ListItem","position":3,"name":"Papildus pakalpojumi sejas proced\u016br\u0101m"}]},{"@type":"WebSite","@id":"https:\/\/vana.vspa.ee\/#website","url":"https:\/\/vana.vspa.ee\/","name":"V Spa","description":"V\u00f5ta veest viimast!","potentialAction":[{"@type":"SearchAction","target":{"@type":"EntryPoint","urlTemplate":"https:\/\/vana.vspa.ee\/?s={search_term_string}"},"query-input":{"@type":"PropertyValueSpecification","valueRequired":true,"valueName":"search_term_string"}}],"inLanguage":"lv-LV"}]}},"_links":{"self":[{"href":"https:\/\/vana.vspa.ee\/lv\/wp-json\/wp\/v2\/pages\/46884","targetHints":{"allow":["GET"]}}],"collection":[{"href":"https:\/\/vana.vspa.ee\/lv\/wp-json\/wp\/v2\/pages"}],"about":[{"href":"https:\/\/vana.vspa.ee\/lv\/wp-json\/wp\/v2\/types\/page"}],"author":[{"embeddable":true,"href":"https:\/\/vana.vspa.ee\/lv\/wp-json\/wp\/v2\/users\/1"}],"replies":[{"embeddable":true,"href":"https:\/\/vana.vspa.ee\/lv\/wp-json\/wp\/v2\/comments?post=46884"}],"version-history":[{"count":1,"href":"https:\/\/vana.vspa.ee\/lv\/wp-json\/wp\/v2\/pages\/46884\/revisions"}],"predecessor-version":[{"id":46887,"href":"https:\/\/vana.vspa.ee\/lv\/wp-json\/wp\/v2\/pages\/46884\/revisions\/46887"}],"up":[{"embeddable":true,"href":"https:\/\/vana.vspa.ee\/lv\/wp-json\/wp\/v2\/pages\/1094"}],"wp:attachment":[{"href":"https:\/\/vana.vspa.ee\/lv\/wp-json\/wp\/v2\/media?parent=46884"}],"curies":[{"name":"wp","href":"https:\/\/api.w.org\/{rel}","templated":true}]}}