{"id":46888,"date":"2023-12-18T16:45:02","date_gmt":"2023-12-18T14:45:02","guid":{"rendered":"https:\/\/vspa.ee\/rituali\/velusjet-hoolitsus\/"},"modified":"2024-11-28T15:36:14","modified_gmt":"2024-11-28T13:36:14","slug":"velusjet-hoolitsus","status":"publish","type":"page","link":"https:\/\/vana.vspa.ee\/lv\/rituali\/velusjet-hoolitsus\/","title":{"rendered":"VelusJet proced\u016bra"},"content":{"rendered":"<p>Pabeidziet savu spa pieredzi ar relaks\u0113jo\u0161u, 15 min\u016b\u0161u ilgu, visa \u0137erme\u0146a mas\u0101\u017eu VelusJet mas\u0101\u017eas ier\u012bc\u0113.<\/p>\n<p>VelusJet iepriek\u0161\u0113ja pieteik\u0161an\u0101s nav nepiecie\u0161ama, to var baud\u012bt kop\u0101 ar spa apmekl\u0113jumu, ieg\u0101d\u0101joties spa centra bi\u013ceti.<\/p>\n","protected":false},"excerpt":{"rendered":"<p>Pabeidziet savu spa pieredzi ar relaks\u0113jo\u0161u, 15 min\u016b\u0161u ilgu, visa \u0137erme\u0146a mas\u0101\u017eu VelusJet mas\u0101\u017eas ier\u012bc\u0113. VelusJet iepriek\u0161\u0113ja pieteik\u0161an\u0101s nav nepiecie\u0161ama,&#8230;<\/p>\n","protected":false},"author":1,"featured_media":0,"parent":1094,"menu_order":0,"comment_status":"closed","ping_status":"closed","template":"page-templates\/tpl-offer1.php","meta":{"_acf_changed":false,"_monsterinsights_skip_tracking":false,"_monsterinsights_sitenote_active":false,"_monsterinsights_sitenote_note":"","_monsterinsights_sitenote_category":0,"footnotes":"","_links_to":"","_links_to_target":""},"class_list":["post-46888","page","type-page","status-publish","hentry"],"acf":[],"yoast_head":"<!-- This site is optimized with the Yoast SEO plugin v24.7 - https:\/\/yoast.com\/wordpress\/plugins\/seo\/ -->\n<title>VelusJet proced\u016bra - V Spa<\/title>\n<meta name=\"robots\" content=\"noindex, follow, max-snippet:-1, max-image-preview:large, max-video-preview:-1\" \/>\n<meta property=\"og:locale\" content=\"lv_LV\" \/>\n<meta property=\"og:type\" content=\"article\" \/>\n<meta property=\"og:title\" content=\"VelusJet proced\u016bra - V Spa\" \/>\n<meta property=\"og:description\" content=\"Pabeidziet savu spa pieredzi ar relaks\u0113jo\u0161u, 15 min\u016b\u0161u ilgu, visa \u0137erme\u0146a mas\u0101\u017eu VelusJet mas\u0101\u017eas ier\u012bc\u0113. VelusJet iepriek\u0161\u0113ja pieteik\u0161an\u0101s nav nepiecie\u0161ama,...\" \/>\n<meta property=\"og:url\" content=\"https:\/\/vana.vspa.ee\/hoolitsused\/velusjet-hoolitsus\/\" \/>\n<meta property=\"og:site_name\" content=\"V Spa\" \/>\n<meta property=\"article:modified_time\" content=\"2024-11-28T13:36:14+00:00\" \/>\n<meta name=\"twitter:card\" content=\"summary_large_image\" \/>\n<meta name=\"twitter:label1\" content=\"Est. reading time\" \/>\n\t<meta name=\"twitter:data1\" content=\"1 min\u016b\u0161u\" \/>\n<script type=\"application\/ld+json\" class=\"yoast-schema-graph\">{\"@context\":\"https:\/\/schema.org\",\"@graph\":[{\"@type\":\"WebPage\",\"@id\":\"https:\/\/vana.vspa.ee\/hoolitsused\/velusjet-hoolitsus\/\",\"url\":\"https:\/\/vana.vspa.ee\/hoolitsused\/velusjet-hoolitsus\/\",\"name\":\"VelusJet proced\u016bra - V Spa\",\"isPartOf\":{\"@id\":\"https:\/\/vana.vspa.ee\/#website\"},\"datePublished\":\"2023-12-18T14:45:02+00:00\",\"dateModified\":\"2024-11-28T13:36:14+00:00\",\"breadcrumb\":{\"@id\":\"https:\/\/vana.vspa.ee\/hoolitsused\/velusjet-hoolitsus\/#breadcrumb\"},\"inLanguage\":\"lv-LV\",\"potentialAction\":[{\"@type\":\"ReadAction\",\"target\":[\"https:\/\/vana.vspa.ee\/hoolitsused\/velusjet-hoolitsus\/\"]}]},{\"@type\":\"BreadcrumbList\",\"@id\":\"https:\/\/vana.vspa.ee\/hoolitsused\/velusjet-hoolitsus\/#breadcrumb\",\"itemListElement\":[{\"@type\":\"ListItem\",\"position\":1,\"name\":\"Home\",\"item\":\"https:\/\/vana.vspa.ee\/lv\/\"},{\"@type\":\"ListItem\",\"position\":2,\"name\":\"Ritu\u0101li\",\"item\":\"https:\/\/vana.vspa.ee\/hoolitsused\/\"},{\"@type\":\"ListItem\",\"position\":3,\"name\":\"VelusJet proced\u016bra\"}]},{\"@type\":\"WebSite\",\"@id\":\"https:\/\/vana.vspa.ee\/#website\",\"url\":\"https:\/\/vana.vspa.ee\/\",\"name\":\"V Spa\",\"description\":\"V\u00f5ta veest viimast!\",\"potentialAction\":[{\"@type\":\"SearchAction\",\"target\":{\"@type\":\"EntryPoint\",\"urlTemplate\":\"https:\/\/vana.vspa.ee\/?s={search_term_string}\"},\"query-input\":{\"@type\":\"PropertyValueSpecification\",\"valueRequired\":true,\"valueName\":\"search_term_string\"}}],\"inLanguage\":\"lv-LV\"}]}<\/script>\n<!-- \/ Yoast SEO plugin. -->","yoast_head_json":{"title":"VelusJet proced\u016bra - V Spa","robots":{"index":"noindex","follow":"follow","max-snippet":"max-snippet:-1","max-image-preview":"max-image-preview:large","max-video-preview":"max-video-preview:-1"},"og_locale":"lv_LV","og_type":"article","og_title":"VelusJet proced\u016bra - V Spa","og_description":"Pabeidziet savu spa pieredzi ar relaks\u0113jo\u0161u, 15 min\u016b\u0161u ilgu, visa \u0137erme\u0146a mas\u0101\u017eu VelusJet mas\u0101\u017eas ier\u012bc\u0113. VelusJet iepriek\u0161\u0113ja pieteik\u0161an\u0101s nav nepiecie\u0161ama,...","og_url":"https:\/\/vana.vspa.ee\/hoolitsused\/velusjet-hoolitsus\/","og_site_name":"V Spa","article_modified_time":"2024-11-28T13:36:14+00:00","twitter_card":"summary_large_image","twitter_misc":{"Est. reading time":"1 min\u016b\u0161u"},"schema":{"@context":"https:\/\/schema.org","@graph":[{"@type":"WebPage","@id":"https:\/\/vana.vspa.ee\/hoolitsused\/velusjet-hoolitsus\/","url":"https:\/\/vana.vspa.ee\/hoolitsused\/velusjet-hoolitsus\/","name":"VelusJet proced\u016bra - V Spa","isPartOf":{"@id":"https:\/\/vana.vspa.ee\/#website"},"datePublished":"2023-12-18T14:45:02+00:00","dateModified":"2024-11-28T13:36:14+00:00","breadcrumb":{"@id":"https:\/\/vana.vspa.ee\/hoolitsused\/velusjet-hoolitsus\/#breadcrumb"},"inLanguage":"lv-LV","potentialAction":[{"@type":"ReadAction","target":["https:\/\/vana.vspa.ee\/hoolitsused\/velusjet-hoolitsus\/"]}]},{"@type":"BreadcrumbList","@id":"https:\/\/vana.vspa.ee\/hoolitsused\/velusjet-hoolitsus\/#breadcrumb","itemListElement":[{"@type":"ListItem","position":1,"name":"Home","item":"https:\/\/vana.vspa.ee\/lv\/"},{"@type":"ListItem","position":2,"name":"Ritu\u0101li","item":"https:\/\/vana.vspa.ee\/hoolitsused\/"},{"@type":"ListItem","position":3,"name":"VelusJet proced\u016bra"}]},{"@type":"WebSite","@id":"https:\/\/vana.vspa.ee\/#website","url":"https:\/\/vana.vspa.ee\/","name":"V Spa","description":"V\u00f5ta veest viimast!","potentialAction":[{"@type":"SearchAction","target":{"@type":"EntryPoint","urlTemplate":"https:\/\/vana.vspa.ee\/?s={search_term_string}"},"query-input":{"@type":"PropertyValueSpecification","valueRequired":true,"valueName":"search_term_string"}}],"inLanguage":"lv-LV"}]}},"_links":{"self":[{"href":"https:\/\/vana.vspa.ee\/lv\/wp-json\/wp\/v2\/pages\/46888","targetHints":{"allow":["GET"]}}],"collection":[{"href":"https:\/\/vana.vspa.ee\/lv\/wp-json\/wp\/v2\/pages"}],"about":[{"href":"https:\/\/vana.vspa.ee\/lv\/wp-json\/wp\/v2\/types\/page"}],"author":[{"embeddable":true,"href":"https:\/\/vana.vspa.ee\/lv\/wp-json\/wp\/v2\/users\/1"}],"replies":[{"embeddable":true,"href":"https:\/\/vana.vspa.ee\/lv\/wp-json\/wp\/v2\/comments?post=46888"}],"version-history":[{"count":2,"href":"https:\/\/vana.vspa.ee\/lv\/wp-json\/wp\/v2\/pages\/46888\/revisions"}],"predecessor-version":[{"id":47194,"href":"https:\/\/vana.vspa.ee\/lv\/wp-json\/wp\/v2\/pages\/46888\/revisions\/47194"}],"up":[{"embeddable":true,"href":"https:\/\/vana.vspa.ee\/lv\/wp-json\/wp\/v2\/pages\/1094"}],"wp:attachment":[{"href":"https:\/\/vana.vspa.ee\/lv\/wp-json\/wp\/v2\/media?parent=46888"}],"curies":[{"name":"wp","href":"https:\/\/api.w.org\/{rel}","templated":true}]}}