{"id":47017,"date":"2018-08-22T17:41:51","date_gmt":"2018-08-22T14:41:51","guid":{"rendered":"https:\/\/vspa.ee\/rituali\/isic\/"},"modified":"2024-11-18T11:55:39","modified_gmt":"2024-11-18T09:55:39","slug":"isic","status":"publish","type":"page","link":"https:\/\/vana.vspa.ee\/lv\/rituali\/isic\/","title":{"rendered":"V Spa atlaides studentiem"},"content":{"rendered":"<p>P-Pk l\u012bdz plkst. 14:00, V Spa parast\u0101s cenas bi\u013cetes pieejamas ar atlaid\u0113m, uzr\u0101dot <strong>ISIC studenta apliec\u012bbu<\/strong>.<\/p>\n<p>Uzr\u0101dot ISIC karti iesp\u0113jams sa\u0146emt 20% atlaidi Wellness procedur\u0101m. Studentiem* ar ISIC karti tiek piem\u0113rotas \u0161\u0101das cenas:<\/p>\n<p><a href=\"https:\/\/vspa.ee\/lv\/rituali\/muguras-un-skausta-dalas-masaza\/\" class=\"broken_link\">Muguras un skausta da\u013cas mas\u0101\u017ea<\/a>\u00a030\/45 min\u00a0 &#8211; 27,2\/37,6\u20ac<br \/>\n<a href=\"https:\/\/vspa.ee\/lv\/rituali\/galvas-masaza\/\" class=\"broken_link\">Galvas mas\u0101\u017ea ar siltu e\u013c\u013cu<\/a>\u00a030 min &#8211; 27,2\u20ac<br \/>\n<a href=\"https:\/\/vspa.ee\/lv\/rituali\/kaju-masaza\/\" class=\"broken_link\">K\u0101ju mas\u0101\u017ea<\/a>\u00a030\/45 min &#8211; 27,2\/37,6\u20ac<br \/>\n<a href=\"https:\/\/vspa.ee\/lv\/rituali\/aromatiska-masaza\/\" class=\"broken_link\">Arom\u0101tisk\u0101 mas\u0101\u017ea<\/a>\u00a060 min &#8211; 45,6\u20ac<br \/>\n<a href=\"https:\/\/vspa.ee\/lv\/rituali\/klassikaline-naomassaaz\/\">Klasisk\u0101 sejas mas\u0101\u017ea<\/a>\u00a030 min &#8211; 27,2\u20ac<br \/>\n<a href=\"https:\/\/vspa.ee\/lv\/rituali\/hydradermie-noortele\/\">Hydradermie jaunie\u0161iem<\/a>\u00a060 min &#8211; 48\u20ac<br \/>\n<a href=\"https:\/\/vspa.ee\/lv\/rituali\/klasiska-kaju-kopsanas-procedura\/\" class=\"broken_link\">Klasisk\u0101 k\u0101ju kop\u0161anas proced\u016bra<\/a>\u00a060 min &#8211; 40\u20ac<br \/>\n<a href=\"https:\/\/vspa.ee\/lv\/rituali\/kate-ja-kuuntehoolitsus-kuuma-oliga\/\">Silt\u0101s e\u013c\u013cas roku un nagu kop\u0161anas proced\u016bra<\/a>\u00a045 min &#8211; 31,2\u20ac<\/p>\n<p>*Atlaide ir sp\u0113k\u0101, ja proced\u016bra tiek rezerv\u0113ta P-Pk 09:00-14:00<\/p>\n","protected":false},"excerpt":{"rendered":"<p>P-Pk l\u012bdz plkst. 14:00, V Spa parast\u0101s cenas bi\u013cetes pieejamas ar atlaid\u0113m, uzr\u0101dot ISIC studenta apliec\u012bbu. Uzr\u0101dot ISIC karti iesp\u0113jams&#8230;<\/p>\n","protected":false},"author":1,"featured_media":0,"parent":1094,"menu_order":0,"comment_status":"closed","ping_status":"closed","template":"page-templates\/tpl-offer1.php","meta":{"_acf_changed":false,"_monsterinsights_skip_tracking":false,"_monsterinsights_sitenote_active":false,"_monsterinsights_sitenote_note":"","_monsterinsights_sitenote_category":0,"footnotes":"","_links_to":"","_links_to_target":""},"class_list":["post-47017","page","type-page","status-publish","hentry"],"acf":[],"yoast_head":"<!-- This site is optimized with the Yoast SEO plugin v24.7 - https:\/\/yoast.com\/wordpress\/plugins\/seo\/ -->\n<title>V Spa atlaides studentiem - V Spa<\/title>\n<meta name=\"robots\" content=\"noindex, follow, max-snippet:-1, max-image-preview:large, max-video-preview:-1\" \/>\n<meta property=\"og:locale\" content=\"lv_LV\" \/>\n<meta property=\"og:type\" content=\"article\" \/>\n<meta property=\"og:title\" content=\"V Spa atlaides studentiem - V Spa\" \/>\n<meta property=\"og:description\" content=\"P-Pk l\u012bdz plkst. 14:00, V Spa parast\u0101s cenas bi\u013cetes pieejamas ar atlaid\u0113m, uzr\u0101dot ISIC studenta apliec\u012bbu. Uzr\u0101dot ISIC karti iesp\u0113jams...\" \/>\n<meta property=\"og:url\" content=\"https:\/\/vana.vspa.ee\/hoolitsused\/isic\/\" \/>\n<meta property=\"og:site_name\" content=\"V Spa\" \/>\n<meta property=\"article:modified_time\" content=\"2024-11-18T09:55:39+00:00\" \/>\n<meta name=\"twitter:card\" content=\"summary_large_image\" \/>\n<meta name=\"twitter:label1\" content=\"Est. reading time\" \/>\n\t<meta name=\"twitter:data1\" content=\"1 min\u016b\u0161u\" \/>\n<script type=\"application\/ld+json\" class=\"yoast-schema-graph\">{\"@context\":\"https:\/\/schema.org\",\"@graph\":[{\"@type\":\"WebPage\",\"@id\":\"https:\/\/vana.vspa.ee\/hoolitsused\/isic\/\",\"url\":\"https:\/\/vana.vspa.ee\/hoolitsused\/isic\/\",\"name\":\"V Spa atlaides studentiem - V Spa\",\"isPartOf\":{\"@id\":\"https:\/\/vana.vspa.ee\/#website\"},\"datePublished\":\"2018-08-22T14:41:51+00:00\",\"dateModified\":\"2024-11-18T09:55:39+00:00\",\"breadcrumb\":{\"@id\":\"https:\/\/vana.vspa.ee\/hoolitsused\/isic\/#breadcrumb\"},\"inLanguage\":\"lv-LV\",\"potentialAction\":[{\"@type\":\"ReadAction\",\"target\":[\"https:\/\/vana.vspa.ee\/hoolitsused\/isic\/\"]}]},{\"@type\":\"BreadcrumbList\",\"@id\":\"https:\/\/vana.vspa.ee\/hoolitsused\/isic\/#breadcrumb\",\"itemListElement\":[{\"@type\":\"ListItem\",\"position\":1,\"name\":\"Home\",\"item\":\"https:\/\/vana.vspa.ee\/lv\/\"},{\"@type\":\"ListItem\",\"position\":2,\"name\":\"Ritu\u0101li\",\"item\":\"https:\/\/vana.vspa.ee\/hoolitsused\/\"},{\"@type\":\"ListItem\",\"position\":3,\"name\":\"V Spa atlaides studentiem\"}]},{\"@type\":\"WebSite\",\"@id\":\"https:\/\/vana.vspa.ee\/#website\",\"url\":\"https:\/\/vana.vspa.ee\/\",\"name\":\"V Spa\",\"description\":\"V\u00f5ta veest viimast!\",\"potentialAction\":[{\"@type\":\"SearchAction\",\"target\":{\"@type\":\"EntryPoint\",\"urlTemplate\":\"https:\/\/vana.vspa.ee\/?s={search_term_string}\"},\"query-input\":{\"@type\":\"PropertyValueSpecification\",\"valueRequired\":true,\"valueName\":\"search_term_string\"}}],\"inLanguage\":\"lv-LV\"}]}<\/script>\n<!-- \/ Yoast SEO plugin. -->","yoast_head_json":{"title":"V Spa atlaides studentiem - V Spa","robots":{"index":"noindex","follow":"follow","max-snippet":"max-snippet:-1","max-image-preview":"max-image-preview:large","max-video-preview":"max-video-preview:-1"},"og_locale":"lv_LV","og_type":"article","og_title":"V Spa atlaides studentiem - V Spa","og_description":"P-Pk l\u012bdz plkst. 14:00, V Spa parast\u0101s cenas bi\u013cetes pieejamas ar atlaid\u0113m, uzr\u0101dot ISIC studenta apliec\u012bbu. Uzr\u0101dot ISIC karti iesp\u0113jams...","og_url":"https:\/\/vana.vspa.ee\/hoolitsused\/isic\/","og_site_name":"V Spa","article_modified_time":"2024-11-18T09:55:39+00:00","twitter_card":"summary_large_image","twitter_misc":{"Est. reading time":"1 min\u016b\u0161u"},"schema":{"@context":"https:\/\/schema.org","@graph":[{"@type":"WebPage","@id":"https:\/\/vana.vspa.ee\/hoolitsused\/isic\/","url":"https:\/\/vana.vspa.ee\/hoolitsused\/isic\/","name":"V Spa atlaides studentiem - V Spa","isPartOf":{"@id":"https:\/\/vana.vspa.ee\/#website"},"datePublished":"2018-08-22T14:41:51+00:00","dateModified":"2024-11-18T09:55:39+00:00","breadcrumb":{"@id":"https:\/\/vana.vspa.ee\/hoolitsused\/isic\/#breadcrumb"},"inLanguage":"lv-LV","potentialAction":[{"@type":"ReadAction","target":["https:\/\/vana.vspa.ee\/hoolitsused\/isic\/"]}]},{"@type":"BreadcrumbList","@id":"https:\/\/vana.vspa.ee\/hoolitsused\/isic\/#breadcrumb","itemListElement":[{"@type":"ListItem","position":1,"name":"Home","item":"https:\/\/vana.vspa.ee\/lv\/"},{"@type":"ListItem","position":2,"name":"Ritu\u0101li","item":"https:\/\/vana.vspa.ee\/hoolitsused\/"},{"@type":"ListItem","position":3,"name":"V Spa atlaides studentiem"}]},{"@type":"WebSite","@id":"https:\/\/vana.vspa.ee\/#website","url":"https:\/\/vana.vspa.ee\/","name":"V Spa","description":"V\u00f5ta veest viimast!","potentialAction":[{"@type":"SearchAction","target":{"@type":"EntryPoint","urlTemplate":"https:\/\/vana.vspa.ee\/?s={search_term_string}"},"query-input":{"@type":"PropertyValueSpecification","valueRequired":true,"valueName":"search_term_string"}}],"inLanguage":"lv-LV"}]}},"_links":{"self":[{"href":"https:\/\/vana.vspa.ee\/lv\/wp-json\/wp\/v2\/pages\/47017","targetHints":{"allow":["GET"]}}],"collection":[{"href":"https:\/\/vana.vspa.ee\/lv\/wp-json\/wp\/v2\/pages"}],"about":[{"href":"https:\/\/vana.vspa.ee\/lv\/wp-json\/wp\/v2\/types\/page"}],"author":[{"embeddable":true,"href":"https:\/\/vana.vspa.ee\/lv\/wp-json\/wp\/v2\/users\/1"}],"replies":[{"embeddable":true,"href":"https:\/\/vana.vspa.ee\/lv\/wp-json\/wp\/v2\/comments?post=47017"}],"version-history":[{"count":2,"href":"https:\/\/vana.vspa.ee\/lv\/wp-json\/wp\/v2\/pages\/47017\/revisions"}],"predecessor-version":[{"id":47019,"href":"https:\/\/vana.vspa.ee\/lv\/wp-json\/wp\/v2\/pages\/47017\/revisions\/47019"}],"up":[{"embeddable":true,"href":"https:\/\/vana.vspa.ee\/lv\/wp-json\/wp\/v2\/pages\/1094"}],"wp:attachment":[{"href":"https:\/\/vana.vspa.ee\/lv\/wp-json\/wp\/v2\/media?parent=47017"}],"curies":[{"name":"wp","href":"https:\/\/api.w.org\/{rel}","templated":true}]}}