{"id":47025,"date":"2018-03-28T12:45:59","date_gmt":"2018-03-28T09:45:59","guid":{"rendered":"https:\/\/vspa.ee\/rituali\/lisateenused-kuuntehoolitsustele\/"},"modified":"2024-11-18T12:45:29","modified_gmt":"2024-11-18T10:45:29","slug":"lisateenused-kuuntehoolitsustele","status":"publish","type":"page","link":"https:\/\/vana.vspa.ee\/lv\/rituali\/lisateenused-kuuntehoolitsustele\/","title":{"rendered":"Papildu pakalpojumi nagu kop\u0161anas proced\u016br\u0101m"},"content":{"rendered":"<p><strong>Papildus iesp\u0113jams rezerv\u0113t ar\u012b:<\/strong><\/p>\n<p>Nagu parkl\u0101\u0161ana ar g\u0113la laku: 30 min &#8211; 16\u20ac<br \/>\nG\u0113la lakas no\u0146em\u0161ana: 30 min &#8211; \u20ac24<br \/>\nNagu p\u0101rkl\u0101\u0161ana ar dekorat\u012bvo laku 15 min &#8211; 10\u20ac<\/p>\n<p><strong>Proced\u016bras, kur\u0101m var ieg\u0101d\u0101ties papildu pakalpojumus:<br \/>\n<a href=\"https:\/\/vspa.ee\/lv\/rituali\/ekspressmanikuur\/\">Ekspressmanik\u012brs<br \/>\n<\/a><a href=\"https:\/\/vspa.ee\/lv\/rituali\/klassikaline-manikuur\/\">Klasiskais manik\u012brs<br \/>\n<\/a><a href=\"https:\/\/vspa.ee\/lv\/rituali\/wellness-kate-ja-kuuntehoolitsus\/\">Wellness roku un nagu kop\u0161anas proced\u016bra<br \/>\n<\/a><a href=\"https:\/\/vspa.ee\/lv\/rituali\/klasiska-kaju-kopsanas-procedura\/\" class=\"broken_link\">Klasisk\u0101 k\u0101ju kop\u0161anas proced\u016bra<br \/>\n<\/a><a href=\"https:\/\/vspa.ee\/lv\/rituali\/wellness-kaju-kopsanas-procedura\/\" class=\"broken_link\">Wellness k\u0101ju kop\u0161anas proced\u016bra<\/a><\/strong><\/p>\n<p>&nbsp;<\/p>\n","protected":false},"excerpt":{"rendered":"<p>Papildus iesp\u0113jams rezerv\u0113t ar\u012b: Nagu parkl\u0101\u0161ana ar g\u0113la laku: 30 min &#8211; 16\u20ac G\u0113la lakas no\u0146em\u0161ana: 30 min &#8211; \u20ac24&#8230;<\/p>\n","protected":false},"author":1,"featured_media":0,"parent":1094,"menu_order":4,"comment_status":"closed","ping_status":"closed","template":"page-templates\/tpl-offer1.php","meta":{"_acf_changed":false,"_monsterinsights_skip_tracking":false,"_monsterinsights_sitenote_active":false,"_monsterinsights_sitenote_note":"","_monsterinsights_sitenote_category":0,"footnotes":"","_links_to":"","_links_to_target":""},"class_list":["post-47025","page","type-page","status-publish","hentry"],"acf":[],"yoast_head":"<!-- This site is optimized with the Yoast SEO plugin v24.7 - https:\/\/yoast.com\/wordpress\/plugins\/seo\/ -->\n<title>Papildu pakalpojumi nagu kop\u0161anas proced\u016br\u0101m - V Spa<\/title>\n<meta name=\"robots\" content=\"noindex, follow, max-snippet:-1, max-image-preview:large, max-video-preview:-1\" \/>\n<meta property=\"og:locale\" content=\"lv_LV\" \/>\n<meta property=\"og:type\" content=\"article\" \/>\n<meta property=\"og:title\" content=\"Papildu pakalpojumi nagu kop\u0161anas proced\u016br\u0101m - V Spa\" \/>\n<meta property=\"og:description\" content=\"Papildus iesp\u0113jams rezerv\u0113t ar\u012b: Nagu parkl\u0101\u0161ana ar g\u0113la laku: 30 min &#8211; 16\u20ac G\u0113la lakas no\u0146em\u0161ana: 30 min &#8211; \u20ac24...\" \/>\n<meta property=\"og:url\" content=\"https:\/\/vana.vspa.ee\/hoolitsused\/lisateenused-kuuntehoolitsustele\/\" \/>\n<meta property=\"og:site_name\" content=\"V Spa\" \/>\n<meta property=\"article:modified_time\" content=\"2024-11-18T10:45:29+00:00\" \/>\n<meta name=\"twitter:card\" content=\"summary_large_image\" \/>\n<meta name=\"twitter:label1\" content=\"Est. reading time\" \/>\n\t<meta name=\"twitter:data1\" content=\"1 min\u016b\u0161u\" \/>\n<script type=\"application\/ld+json\" class=\"yoast-schema-graph\">{\"@context\":\"https:\/\/schema.org\",\"@graph\":[{\"@type\":\"WebPage\",\"@id\":\"https:\/\/vana.vspa.ee\/hoolitsused\/lisateenused-kuuntehoolitsustele\/\",\"url\":\"https:\/\/vana.vspa.ee\/hoolitsused\/lisateenused-kuuntehoolitsustele\/\",\"name\":\"Papildu pakalpojumi nagu kop\u0161anas proced\u016br\u0101m - V Spa\",\"isPartOf\":{\"@id\":\"https:\/\/vana.vspa.ee\/#website\"},\"datePublished\":\"2018-03-28T09:45:59+00:00\",\"dateModified\":\"2024-11-18T10:45:29+00:00\",\"breadcrumb\":{\"@id\":\"https:\/\/vana.vspa.ee\/hoolitsused\/lisateenused-kuuntehoolitsustele\/#breadcrumb\"},\"inLanguage\":\"lv-LV\",\"potentialAction\":[{\"@type\":\"ReadAction\",\"target\":[\"https:\/\/vana.vspa.ee\/hoolitsused\/lisateenused-kuuntehoolitsustele\/\"]}]},{\"@type\":\"BreadcrumbList\",\"@id\":\"https:\/\/vana.vspa.ee\/hoolitsused\/lisateenused-kuuntehoolitsustele\/#breadcrumb\",\"itemListElement\":[{\"@type\":\"ListItem\",\"position\":1,\"name\":\"Home\",\"item\":\"https:\/\/vana.vspa.ee\/lv\/\"},{\"@type\":\"ListItem\",\"position\":2,\"name\":\"Ritu\u0101li\",\"item\":\"https:\/\/vana.vspa.ee\/hoolitsused\/\"},{\"@type\":\"ListItem\",\"position\":3,\"name\":\"Papildu pakalpojumi nagu kop\u0161anas proced\u016br\u0101m\"}]},{\"@type\":\"WebSite\",\"@id\":\"https:\/\/vana.vspa.ee\/#website\",\"url\":\"https:\/\/vana.vspa.ee\/\",\"name\":\"V Spa\",\"description\":\"V\u00f5ta veest viimast!\",\"potentialAction\":[{\"@type\":\"SearchAction\",\"target\":{\"@type\":\"EntryPoint\",\"urlTemplate\":\"https:\/\/vana.vspa.ee\/?s={search_term_string}\"},\"query-input\":{\"@type\":\"PropertyValueSpecification\",\"valueRequired\":true,\"valueName\":\"search_term_string\"}}],\"inLanguage\":\"lv-LV\"}]}<\/script>\n<!-- \/ Yoast SEO plugin. -->","yoast_head_json":{"title":"Papildu pakalpojumi nagu kop\u0161anas proced\u016br\u0101m - V Spa","robots":{"index":"noindex","follow":"follow","max-snippet":"max-snippet:-1","max-image-preview":"max-image-preview:large","max-video-preview":"max-video-preview:-1"},"og_locale":"lv_LV","og_type":"article","og_title":"Papildu pakalpojumi nagu kop\u0161anas proced\u016br\u0101m - V Spa","og_description":"Papildus iesp\u0113jams rezerv\u0113t ar\u012b: Nagu parkl\u0101\u0161ana ar g\u0113la laku: 30 min &#8211; 16\u20ac G\u0113la lakas no\u0146em\u0161ana: 30 min &#8211; \u20ac24...","og_url":"https:\/\/vana.vspa.ee\/hoolitsused\/lisateenused-kuuntehoolitsustele\/","og_site_name":"V Spa","article_modified_time":"2024-11-18T10:45:29+00:00","twitter_card":"summary_large_image","twitter_misc":{"Est. reading time":"1 min\u016b\u0161u"},"schema":{"@context":"https:\/\/schema.org","@graph":[{"@type":"WebPage","@id":"https:\/\/vana.vspa.ee\/hoolitsused\/lisateenused-kuuntehoolitsustele\/","url":"https:\/\/vana.vspa.ee\/hoolitsused\/lisateenused-kuuntehoolitsustele\/","name":"Papildu pakalpojumi nagu kop\u0161anas proced\u016br\u0101m - V Spa","isPartOf":{"@id":"https:\/\/vana.vspa.ee\/#website"},"datePublished":"2018-03-28T09:45:59+00:00","dateModified":"2024-11-18T10:45:29+00:00","breadcrumb":{"@id":"https:\/\/vana.vspa.ee\/hoolitsused\/lisateenused-kuuntehoolitsustele\/#breadcrumb"},"inLanguage":"lv-LV","potentialAction":[{"@type":"ReadAction","target":["https:\/\/vana.vspa.ee\/hoolitsused\/lisateenused-kuuntehoolitsustele\/"]}]},{"@type":"BreadcrumbList","@id":"https:\/\/vana.vspa.ee\/hoolitsused\/lisateenused-kuuntehoolitsustele\/#breadcrumb","itemListElement":[{"@type":"ListItem","position":1,"name":"Home","item":"https:\/\/vana.vspa.ee\/lv\/"},{"@type":"ListItem","position":2,"name":"Ritu\u0101li","item":"https:\/\/vana.vspa.ee\/hoolitsused\/"},{"@type":"ListItem","position":3,"name":"Papildu pakalpojumi nagu kop\u0161anas proced\u016br\u0101m"}]},{"@type":"WebSite","@id":"https:\/\/vana.vspa.ee\/#website","url":"https:\/\/vana.vspa.ee\/","name":"V Spa","description":"V\u00f5ta veest viimast!","potentialAction":[{"@type":"SearchAction","target":{"@type":"EntryPoint","urlTemplate":"https:\/\/vana.vspa.ee\/?s={search_term_string}"},"query-input":{"@type":"PropertyValueSpecification","valueRequired":true,"valueName":"search_term_string"}}],"inLanguage":"lv-LV"}]}},"_links":{"self":[{"href":"https:\/\/vana.vspa.ee\/lv\/wp-json\/wp\/v2\/pages\/47025","targetHints":{"allow":["GET"]}}],"collection":[{"href":"https:\/\/vana.vspa.ee\/lv\/wp-json\/wp\/v2\/pages"}],"about":[{"href":"https:\/\/vana.vspa.ee\/lv\/wp-json\/wp\/v2\/types\/page"}],"author":[{"embeddable":true,"href":"https:\/\/vana.vspa.ee\/lv\/wp-json\/wp\/v2\/users\/1"}],"replies":[{"embeddable":true,"href":"https:\/\/vana.vspa.ee\/lv\/wp-json\/wp\/v2\/comments?post=47025"}],"version-history":[{"count":2,"href":"https:\/\/vana.vspa.ee\/lv\/wp-json\/wp\/v2\/pages\/47025\/revisions"}],"predecessor-version":[{"id":47026,"href":"https:\/\/vana.vspa.ee\/lv\/wp-json\/wp\/v2\/pages\/47025\/revisions\/47026"}],"up":[{"embeddable":true,"href":"https:\/\/vana.vspa.ee\/lv\/wp-json\/wp\/v2\/pages\/1094"}],"wp:attachment":[{"href":"https:\/\/vana.vspa.ee\/lv\/wp-json\/wp\/v2\/media?parent=47025"}],"curies":[{"name":"wp","href":"https:\/\/api.w.org\/{rel}","templated":true}]}}