{"id":47031,"date":"2024-11-14T15:59:57","date_gmt":"2024-11-14T13:59:57","guid":{"rendered":"https:\/\/vspa.ee\/rituali\/luksuslik-noorendav-age-summum-hoolitsus-naole-kaelale-dekolteele-ja-katele\/"},"modified":"2025-02-20T14:36:11","modified_gmt":"2025-02-20T12:36:11","slug":"luksuslik-noorendav-age-summum-hoolitsus-naole-kaelale-dekolteele-ja-katele","status":"publish","type":"page","link":"https:\/\/vana.vspa.ee\/lv\/rituali\/luksuslik-noorendav-age-summum-hoolitsus-naole-kaelale-dekolteele-ja-katele\/","title":{"rendered":"Ekskluz\u012bva, \u0101du atjaunojo\u0161a age summum proced\u016bra sejai, kaklam, dekolt\u0113 un rok\u0101m."},"content":{"rendered":"<p>Uzd\u0101vini sev mirdzo\u0161u un vesel\u012bgu \u0101du! Age Summum proced\u016br\u0101 tiek izmantots Immune Complex un C vitam\u012bns, kas baro un atjauno noguru\u0161u \u0101du, pie\u0161\u0137irot tai svaigu un vesel\u012bgu mirdzumu. \u0100du stimul\u0113jo\u0161as mas\u0101\u017eas tehnikas izl\u012bdzina un atjauno \u0101das strukt\u016bru, iedarb\u012bgi mazinot noveco\u0161an\u0101s paz\u012bmes uz sejas, kakla, dekolt\u0113 un rok\u0101m.<br \/>\nIde\u0101la izv\u0113le, lai atp\u016bstos un atkal mirdz\u0113tu! Ide\u0101la \u0101das kop\u0161anas proced\u016bra pirms gaid\u0101maj\u0101m svin\u012bb\u0101m!<\/p>\n","protected":false},"excerpt":{"rendered":"<p>Uzd\u0101vini sev mirdzo\u0161u un vesel\u012bgu \u0101du! Age Summum proced\u016br\u0101 tiek izmantots Immune Complex un C vitam\u012bns, kas baro un atjauno&#8230;<\/p>\n","protected":false},"author":1,"featured_media":0,"parent":1094,"menu_order":0,"comment_status":"closed","ping_status":"closed","template":"page-templates\/tpl-offer1.php","meta":{"_acf_changed":false,"_monsterinsights_skip_tracking":false,"_monsterinsights_sitenote_active":false,"_monsterinsights_sitenote_note":"","_monsterinsights_sitenote_category":0,"footnotes":"","_links_to":"","_links_to_target":""},"class_list":["post-47031","page","type-page","status-publish","hentry"],"acf":[],"yoast_head":"<!-- This site is optimized with the Yoast SEO plugin v24.7 - https:\/\/yoast.com\/wordpress\/plugins\/seo\/ -->\n<title>Ekskluz\u012bva, \u0101du atjaunojo\u0161a age summum proced\u016bra sejai, kaklam, dekolt\u0113 un rok\u0101m. - V Spa<\/title>\n<meta name=\"robots\" content=\"noindex, follow, max-snippet:-1, max-image-preview:large, max-video-preview:-1\" \/>\n<meta property=\"og:locale\" content=\"lv_LV\" \/>\n<meta property=\"og:type\" content=\"article\" \/>\n<meta property=\"og:title\" content=\"Ekskluz\u012bva, \u0101du atjaunojo\u0161a age summum proced\u016bra sejai, kaklam, dekolt\u0113 un rok\u0101m. - V Spa\" \/>\n<meta property=\"og:description\" content=\"Uzd\u0101vini sev mirdzo\u0161u un vesel\u012bgu \u0101du! Age Summum proced\u016br\u0101 tiek izmantots Immune Complex un C vitam\u012bns, kas baro un atjauno...\" \/>\n<meta property=\"og:url\" content=\"https:\/\/vana.vspa.ee\/lv\/rituali\/luksuslik-noorendav-age-summum-hoolitsus-naole-kaelale-dekolteele-ja-katele\/\" \/>\n<meta property=\"og:site_name\" content=\"V Spa\" \/>\n<meta property=\"article:modified_time\" content=\"2025-02-20T12:36:11+00:00\" \/>\n<meta name=\"twitter:card\" content=\"summary_large_image\" \/>\n<meta name=\"twitter:label1\" content=\"Est. reading time\" \/>\n\t<meta name=\"twitter:data1\" content=\"1 min\u016b\u0161u\" \/>\n<script type=\"application\/ld+json\" class=\"yoast-schema-graph\">{\"@context\":\"https:\/\/schema.org\",\"@graph\":[{\"@type\":\"WebPage\",\"@id\":\"https:\/\/vana.vspa.ee\/lv\/rituali\/luksuslik-noorendav-age-summum-hoolitsus-naole-kaelale-dekolteele-ja-katele\/\",\"url\":\"https:\/\/vana.vspa.ee\/lv\/rituali\/luksuslik-noorendav-age-summum-hoolitsus-naole-kaelale-dekolteele-ja-katele\/\",\"name\":\"Ekskluz\u012bva, \u0101du atjaunojo\u0161a age summum proced\u016bra sejai, kaklam, dekolt\u0113 un rok\u0101m. - V Spa\",\"isPartOf\":{\"@id\":\"https:\/\/vana.vspa.ee\/#website\"},\"datePublished\":\"2024-11-14T13:59:57+00:00\",\"dateModified\":\"2025-02-20T12:36:11+00:00\",\"breadcrumb\":{\"@id\":\"https:\/\/vana.vspa.ee\/lv\/rituali\/luksuslik-noorendav-age-summum-hoolitsus-naole-kaelale-dekolteele-ja-katele\/#breadcrumb\"},\"inLanguage\":\"lv-LV\",\"potentialAction\":[{\"@type\":\"ReadAction\",\"target\":[\"https:\/\/vana.vspa.ee\/lv\/rituali\/luksuslik-noorendav-age-summum-hoolitsus-naole-kaelale-dekolteele-ja-katele\/\"]}]},{\"@type\":\"BreadcrumbList\",\"@id\":\"https:\/\/vana.vspa.ee\/lv\/rituali\/luksuslik-noorendav-age-summum-hoolitsus-naole-kaelale-dekolteele-ja-katele\/#breadcrumb\",\"itemListElement\":[{\"@type\":\"ListItem\",\"position\":1,\"name\":\"Home\",\"item\":\"https:\/\/vana.vspa.ee\/lv\/\"},{\"@type\":\"ListItem\",\"position\":2,\"name\":\"Ritu\u0101li\",\"item\":\"https:\/\/vana.vspa.ee\/hoolitsused\/\"},{\"@type\":\"ListItem\",\"position\":3,\"name\":\"Ekskluz\u012bva, \u0101du atjaunojo\u0161a age summum proced\u016bra sejai, kaklam, dekolt\u0113 un rok\u0101m.\"}]},{\"@type\":\"WebSite\",\"@id\":\"https:\/\/vana.vspa.ee\/#website\",\"url\":\"https:\/\/vana.vspa.ee\/\",\"name\":\"V Spa\",\"description\":\"V\u00f5ta veest viimast!\",\"potentialAction\":[{\"@type\":\"SearchAction\",\"target\":{\"@type\":\"EntryPoint\",\"urlTemplate\":\"https:\/\/vana.vspa.ee\/?s={search_term_string}\"},\"query-input\":{\"@type\":\"PropertyValueSpecification\",\"valueRequired\":true,\"valueName\":\"search_term_string\"}}],\"inLanguage\":\"lv-LV\"}]}<\/script>\n<!-- \/ Yoast SEO plugin. -->","yoast_head_json":{"title":"Ekskluz\u012bva, \u0101du atjaunojo\u0161a age summum proced\u016bra sejai, kaklam, dekolt\u0113 un rok\u0101m. - V Spa","robots":{"index":"noindex","follow":"follow","max-snippet":"max-snippet:-1","max-image-preview":"max-image-preview:large","max-video-preview":"max-video-preview:-1"},"og_locale":"lv_LV","og_type":"article","og_title":"Ekskluz\u012bva, \u0101du atjaunojo\u0161a age summum proced\u016bra sejai, kaklam, dekolt\u0113 un rok\u0101m. - V Spa","og_description":"Uzd\u0101vini sev mirdzo\u0161u un vesel\u012bgu \u0101du! Age Summum proced\u016br\u0101 tiek izmantots Immune Complex un C vitam\u012bns, kas baro un atjauno...","og_url":"https:\/\/vana.vspa.ee\/lv\/rituali\/luksuslik-noorendav-age-summum-hoolitsus-naole-kaelale-dekolteele-ja-katele\/","og_site_name":"V Spa","article_modified_time":"2025-02-20T12:36:11+00:00","twitter_card":"summary_large_image","twitter_misc":{"Est. reading time":"1 min\u016b\u0161u"},"schema":{"@context":"https:\/\/schema.org","@graph":[{"@type":"WebPage","@id":"https:\/\/vana.vspa.ee\/lv\/rituali\/luksuslik-noorendav-age-summum-hoolitsus-naole-kaelale-dekolteele-ja-katele\/","url":"https:\/\/vana.vspa.ee\/lv\/rituali\/luksuslik-noorendav-age-summum-hoolitsus-naole-kaelale-dekolteele-ja-katele\/","name":"Ekskluz\u012bva, \u0101du atjaunojo\u0161a age summum proced\u016bra sejai, kaklam, dekolt\u0113 un rok\u0101m. - V Spa","isPartOf":{"@id":"https:\/\/vana.vspa.ee\/#website"},"datePublished":"2024-11-14T13:59:57+00:00","dateModified":"2025-02-20T12:36:11+00:00","breadcrumb":{"@id":"https:\/\/vana.vspa.ee\/lv\/rituali\/luksuslik-noorendav-age-summum-hoolitsus-naole-kaelale-dekolteele-ja-katele\/#breadcrumb"},"inLanguage":"lv-LV","potentialAction":[{"@type":"ReadAction","target":["https:\/\/vana.vspa.ee\/lv\/rituali\/luksuslik-noorendav-age-summum-hoolitsus-naole-kaelale-dekolteele-ja-katele\/"]}]},{"@type":"BreadcrumbList","@id":"https:\/\/vana.vspa.ee\/lv\/rituali\/luksuslik-noorendav-age-summum-hoolitsus-naole-kaelale-dekolteele-ja-katele\/#breadcrumb","itemListElement":[{"@type":"ListItem","position":1,"name":"Home","item":"https:\/\/vana.vspa.ee\/lv\/"},{"@type":"ListItem","position":2,"name":"Ritu\u0101li","item":"https:\/\/vana.vspa.ee\/hoolitsused\/"},{"@type":"ListItem","position":3,"name":"Ekskluz\u012bva, \u0101du atjaunojo\u0161a age summum proced\u016bra sejai, kaklam, dekolt\u0113 un rok\u0101m."}]},{"@type":"WebSite","@id":"https:\/\/vana.vspa.ee\/#website","url":"https:\/\/vana.vspa.ee\/","name":"V Spa","description":"V\u00f5ta veest viimast!","potentialAction":[{"@type":"SearchAction","target":{"@type":"EntryPoint","urlTemplate":"https:\/\/vana.vspa.ee\/?s={search_term_string}"},"query-input":{"@type":"PropertyValueSpecification","valueRequired":true,"valueName":"search_term_string"}}],"inLanguage":"lv-LV"}]}},"_links":{"self":[{"href":"https:\/\/vana.vspa.ee\/lv\/wp-json\/wp\/v2\/pages\/47031","targetHints":{"allow":["GET"]}}],"collection":[{"href":"https:\/\/vana.vspa.ee\/lv\/wp-json\/wp\/v2\/pages"}],"about":[{"href":"https:\/\/vana.vspa.ee\/lv\/wp-json\/wp\/v2\/types\/page"}],"author":[{"embeddable":true,"href":"https:\/\/vana.vspa.ee\/lv\/wp-json\/wp\/v2\/users\/1"}],"replies":[{"embeddable":true,"href":"https:\/\/vana.vspa.ee\/lv\/wp-json\/wp\/v2\/comments?post=47031"}],"version-history":[{"count":3,"href":"https:\/\/vana.vspa.ee\/lv\/wp-json\/wp\/v2\/pages\/47031\/revisions"}],"predecessor-version":[{"id":49146,"href":"https:\/\/vana.vspa.ee\/lv\/wp-json\/wp\/v2\/pages\/47031\/revisions\/49146"}],"up":[{"embeddable":true,"href":"https:\/\/vana.vspa.ee\/lv\/wp-json\/wp\/v2\/pages\/1094"}],"wp:attachment":[{"href":"https:\/\/vana.vspa.ee\/lv\/wp-json\/wp\/v2\/media?parent=47031"}],"curies":[{"name":"wp","href":"https:\/\/api.w.org\/{rel}","templated":true}]}}