{"id":4870,"date":"2017-01-23T10:15:51","date_gmt":"2017-01-23T08:15:51","guid":{"rendered":"http:\/\/vspa.ee\/rituali\/abhyanga-massaaz\/"},"modified":"2023-12-07T16:42:18","modified_gmt":"2023-12-07T14:42:18","slug":"abhyanga-massaaz","status":"publish","type":"page","link":"https:\/\/vana.vspa.ee\/lv\/rituali\/abhyanga-massaaz\/","title":{"rendered":"Abhyanga mas\u0101\u017ea"},"content":{"rendered":"<p>Abhyanga (tie\u0161\u0101 tulkojum\u0101: e\u013c\u013cas mas\u0101\u017ea) ir \u013coti \u012bpa\u0161s, dzi\u013ci relaks\u0113jo\u0161s Indij\u0101 radies ritu\u0101ls, kas aktiviz\u0113 \u0137erme\u0146a ener\u0123isko lauku. Mas\u0101\u017eai tiek izmantota \u012bpa\u0161a silta e\u013c\u013ca ar kuras pal\u012bdz\u012bbu atjauno \u201cPr\u0101nu\u201d jeb ener\u0123ijas kust\u012bbu. Mas\u0101\u017e\u0101 izmanto bag\u0101t\u012bgu daudzumu \u012bpa\u0161\u0101 e\u013c\u013cas mais\u012bjuma, tas tiek iemas\u0113ts ar\u012b matos vis\u0101 to garum\u0101. \u0160\u012b e\u013c\u013ca ir \u013coti noder\u012bga matu stiprin\u0101\u0161anai un m\u0113s ieskam izmazg\u0101t to tikai n\u0101kamaj\u0101 dien\u0101. Proced\u016br\u0101 tiek izmantota sezama un mande\u013cu e\u013c\u013ca, kas baro un atjauno \u0161\u016bnas, k\u0101 ar\u012b pal\u012bdz atbr\u012bvoties no toks\u012bniem. Abhyanga mas\u0101\u017eai piem\u012bt dzi\u013ci dziedino\u0161as \u012bpa\u0161\u012bbas, t\u0101 l\u012bdzsvaro gan \u0137ermeni, gan pr\u0101tu. Mas\u0101\u017ea aktiviz\u0113 \u0161\u016bnas, uzlabo asinsriti, k\u0101 ar\u012b atjauno visu \u0137ermeni uzlabojot metabolismu un atbr\u012bvojot no stresa. Abhyanga mas\u0101\u017e\u0101 tiek stimul\u0113ti aj\u016brv\u0113das ener\u0123ijas marmas punkti, kas atrodas kr\u016bt\u012bs, v\u0113der\u0101, mugur\u0101, rok\u0101s un kakla zon\u0101. \u0160\u012b mas\u0101\u017ea ir \u012bpa\u0161i piem\u0113rota cilv\u0113kiem ar sausu \u0101du un l\u0113nu asinsriti, kas p\u0113c Aj\u016brv\u0113das Do\u0161a tipa tiek iedal\u012bta ka Vata (v\u0113ja un gaisa ener\u0123ija).<\/p>\n","protected":false},"excerpt":{"rendered":"<p>Abhyanga (tie\u0161\u0101 tulkojum\u0101: e\u013c\u013cas mas\u0101\u017ea) ir \u013coti \u012bpa\u0161s, dzi\u013ci relaks\u0113jo\u0161s Indij\u0101 radies ritu\u0101ls, kas aktiviz\u0113 \u0137erme\u0146a ener\u0123isko lauku. Mas\u0101\u017eai tiek&#8230;<\/p>\n","protected":false},"author":1,"featured_media":0,"parent":1094,"menu_order":43,"comment_status":"closed","ping_status":"closed","template":"page-templates\/tpl-offer1.php","meta":{"_acf_changed":false,"_monsterinsights_skip_tracking":false,"_monsterinsights_sitenote_active":false,"_monsterinsights_sitenote_note":"","_monsterinsights_sitenote_category":0,"footnotes":"","_links_to":"","_links_to_target":""},"class_list":["post-4870","page","type-page","status-publish","hentry"],"acf":[],"yoast_head":"<!-- This site is optimized with the Yoast SEO plugin v24.7 - https:\/\/yoast.com\/wordpress\/plugins\/seo\/ -->\n<title>Abhyanga mas\u0101\u017ea - V Spa<\/title>\n<meta name=\"robots\" content=\"noindex, follow, max-snippet:-1, max-image-preview:large, max-video-preview:-1\" \/>\n<meta property=\"og:locale\" content=\"lv_LV\" \/>\n<meta property=\"og:type\" content=\"article\" \/>\n<meta property=\"og:title\" content=\"Abhyanga mas\u0101\u017ea - V Spa\" \/>\n<meta property=\"og:description\" content=\"Abhyanga (tie\u0161\u0101 tulkojum\u0101: e\u013c\u013cas mas\u0101\u017ea) ir \u013coti \u012bpa\u0161s, dzi\u013ci relaks\u0113jo\u0161s Indij\u0101 radies ritu\u0101ls, kas aktiviz\u0113 \u0137erme\u0146a ener\u0123isko lauku. Mas\u0101\u017eai tiek...\" \/>\n<meta property=\"og:url\" content=\"https:\/\/vana.vspa.ee\/hoolitsused\/abhyanga-massaaz\/\" \/>\n<meta property=\"og:site_name\" content=\"V Spa\" \/>\n<meta property=\"article:modified_time\" content=\"2023-12-07T14:42:18+00:00\" \/>\n<meta name=\"twitter:card\" content=\"summary_large_image\" \/>\n<meta name=\"twitter:label1\" content=\"Est. reading time\" \/>\n\t<meta name=\"twitter:data1\" content=\"1 min\u016b\u0161u\" \/>\n<script type=\"application\/ld+json\" class=\"yoast-schema-graph\">{\"@context\":\"https:\/\/schema.org\",\"@graph\":[{\"@type\":\"WebPage\",\"@id\":\"https:\/\/vana.vspa.ee\/hoolitsused\/abhyanga-massaaz\/\",\"url\":\"https:\/\/vana.vspa.ee\/hoolitsused\/abhyanga-massaaz\/\",\"name\":\"Abhyanga mas\u0101\u017ea - V Spa\",\"isPartOf\":{\"@id\":\"https:\/\/vana.vspa.ee\/#website\"},\"datePublished\":\"2017-01-23T08:15:51+00:00\",\"dateModified\":\"2023-12-07T14:42:18+00:00\",\"breadcrumb\":{\"@id\":\"https:\/\/vana.vspa.ee\/hoolitsused\/abhyanga-massaaz\/#breadcrumb\"},\"inLanguage\":\"lv-LV\",\"potentialAction\":[{\"@type\":\"ReadAction\",\"target\":[\"https:\/\/vana.vspa.ee\/hoolitsused\/abhyanga-massaaz\/\"]}]},{\"@type\":\"BreadcrumbList\",\"@id\":\"https:\/\/vana.vspa.ee\/hoolitsused\/abhyanga-massaaz\/#breadcrumb\",\"itemListElement\":[{\"@type\":\"ListItem\",\"position\":1,\"name\":\"Home\",\"item\":\"https:\/\/vana.vspa.ee\/lv\/\"},{\"@type\":\"ListItem\",\"position\":2,\"name\":\"Ritu\u0101li\",\"item\":\"https:\/\/vana.vspa.ee\/hoolitsused\/\"},{\"@type\":\"ListItem\",\"position\":3,\"name\":\"Abhyanga mas\u0101\u017ea\"}]},{\"@type\":\"WebSite\",\"@id\":\"https:\/\/vana.vspa.ee\/#website\",\"url\":\"https:\/\/vana.vspa.ee\/\",\"name\":\"V Spa\",\"description\":\"V\u00f5ta veest viimast!\",\"potentialAction\":[{\"@type\":\"SearchAction\",\"target\":{\"@type\":\"EntryPoint\",\"urlTemplate\":\"https:\/\/vana.vspa.ee\/?s={search_term_string}\"},\"query-input\":{\"@type\":\"PropertyValueSpecification\",\"valueRequired\":true,\"valueName\":\"search_term_string\"}}],\"inLanguage\":\"lv-LV\"}]}<\/script>\n<!-- \/ Yoast SEO plugin. -->","yoast_head_json":{"title":"Abhyanga mas\u0101\u017ea - V Spa","robots":{"index":"noindex","follow":"follow","max-snippet":"max-snippet:-1","max-image-preview":"max-image-preview:large","max-video-preview":"max-video-preview:-1"},"og_locale":"lv_LV","og_type":"article","og_title":"Abhyanga mas\u0101\u017ea - V Spa","og_description":"Abhyanga (tie\u0161\u0101 tulkojum\u0101: e\u013c\u013cas mas\u0101\u017ea) ir \u013coti \u012bpa\u0161s, dzi\u013ci relaks\u0113jo\u0161s Indij\u0101 radies ritu\u0101ls, kas aktiviz\u0113 \u0137erme\u0146a ener\u0123isko lauku. Mas\u0101\u017eai tiek...","og_url":"https:\/\/vana.vspa.ee\/hoolitsused\/abhyanga-massaaz\/","og_site_name":"V Spa","article_modified_time":"2023-12-07T14:42:18+00:00","twitter_card":"summary_large_image","twitter_misc":{"Est. reading time":"1 min\u016b\u0161u"},"schema":{"@context":"https:\/\/schema.org","@graph":[{"@type":"WebPage","@id":"https:\/\/vana.vspa.ee\/hoolitsused\/abhyanga-massaaz\/","url":"https:\/\/vana.vspa.ee\/hoolitsused\/abhyanga-massaaz\/","name":"Abhyanga mas\u0101\u017ea - V Spa","isPartOf":{"@id":"https:\/\/vana.vspa.ee\/#website"},"datePublished":"2017-01-23T08:15:51+00:00","dateModified":"2023-12-07T14:42:18+00:00","breadcrumb":{"@id":"https:\/\/vana.vspa.ee\/hoolitsused\/abhyanga-massaaz\/#breadcrumb"},"inLanguage":"lv-LV","potentialAction":[{"@type":"ReadAction","target":["https:\/\/vana.vspa.ee\/hoolitsused\/abhyanga-massaaz\/"]}]},{"@type":"BreadcrumbList","@id":"https:\/\/vana.vspa.ee\/hoolitsused\/abhyanga-massaaz\/#breadcrumb","itemListElement":[{"@type":"ListItem","position":1,"name":"Home","item":"https:\/\/vana.vspa.ee\/lv\/"},{"@type":"ListItem","position":2,"name":"Ritu\u0101li","item":"https:\/\/vana.vspa.ee\/hoolitsused\/"},{"@type":"ListItem","position":3,"name":"Abhyanga mas\u0101\u017ea"}]},{"@type":"WebSite","@id":"https:\/\/vana.vspa.ee\/#website","url":"https:\/\/vana.vspa.ee\/","name":"V Spa","description":"V\u00f5ta veest viimast!","potentialAction":[{"@type":"SearchAction","target":{"@type":"EntryPoint","urlTemplate":"https:\/\/vana.vspa.ee\/?s={search_term_string}"},"query-input":{"@type":"PropertyValueSpecification","valueRequired":true,"valueName":"search_term_string"}}],"inLanguage":"lv-LV"}]}},"_links":{"self":[{"href":"https:\/\/vana.vspa.ee\/lv\/wp-json\/wp\/v2\/pages\/4870","targetHints":{"allow":["GET"]}}],"collection":[{"href":"https:\/\/vana.vspa.ee\/lv\/wp-json\/wp\/v2\/pages"}],"about":[{"href":"https:\/\/vana.vspa.ee\/lv\/wp-json\/wp\/v2\/types\/page"}],"author":[{"embeddable":true,"href":"https:\/\/vana.vspa.ee\/lv\/wp-json\/wp\/v2\/users\/1"}],"replies":[{"embeddable":true,"href":"https:\/\/vana.vspa.ee\/lv\/wp-json\/wp\/v2\/comments?post=4870"}],"version-history":[{"count":6,"href":"https:\/\/vana.vspa.ee\/lv\/wp-json\/wp\/v2\/pages\/4870\/revisions"}],"predecessor-version":[{"id":42249,"href":"https:\/\/vana.vspa.ee\/lv\/wp-json\/wp\/v2\/pages\/4870\/revisions\/42249"}],"up":[{"embeddable":true,"href":"https:\/\/vana.vspa.ee\/lv\/wp-json\/wp\/v2\/pages\/1094"}],"wp:attachment":[{"href":"https:\/\/vana.vspa.ee\/lv\/wp-json\/wp\/v2\/media?parent=4870"}],"curies":[{"name":"wp","href":"https:\/\/api.w.org\/{rel}","templated":true}]}}