{"id":5636,"date":"2017-03-16T15:50:27","date_gmt":"2017-03-16T13:50:27","guid":{"rendered":"http:\/\/vspa.ee\/rituali\/traditsiooniline-tai-massaaz\/"},"modified":"2023-12-07T16:55:33","modified_gmt":"2023-12-07T14:55:33","slug":"traditsiooniline-tai-massaaz","status":"publish","type":"page","link":"https:\/\/vana.vspa.ee\/lv\/rituali\/traditsiooniline-tai-massaaz\/","title":{"rendered":"Taizemie\u0161u mas\u0101\u017ea"},"content":{"rendered":"<p>Taizemie\u0161u mas\u0101\u017ea \u0161im nol\u016bkam ir ide\u0101ls risin\u0101jums, lai atbr\u012bvotos no stresa vai hroniska noguruma. Ar stiepjo\u0161\u0101m un spiedo\u0161\u0101m kust\u012bb\u0101m tiek atbr\u012bvotas j\u016bsu loc\u012btavas un ener\u0123ijas joslas. Masieris proced\u016bras laik\u0101 izmanto sava \u0137erme\u0146a smagumu, lai veiktu sp\u0113c\u012bgas spiedo\u0161as manipul\u0101cijas ar rok\u0101m, k\u0101j\u0101m, ce\u013cgaliem un elko\u0146iem. Taizemie\u0161u mas\u0101\u017ea harmoniz\u0113 \u0137ermeni, pie\u0161\u0137ir ener\u0123iju, atbr\u012bvo no stresa un uzmundrina garu. P\u0113c mas\u0101\u017eas jut\u012bsieties vienlaikus gan atsl\u0101bin\u0101jies, gan mundrs.<\/p>\n","protected":false},"excerpt":{"rendered":"<p>Taizemie\u0161u mas\u0101\u017ea \u0161im nol\u016bkam ir ide\u0101ls risin\u0101jums, lai atbr\u012bvotos no stresa vai hroniska noguruma. Ar stiepjo\u0161\u0101m un spiedo\u0161\u0101m kust\u012bb\u0101m tiek&#8230;<\/p>\n","protected":false},"author":1,"featured_media":0,"parent":1094,"menu_order":96,"comment_status":"closed","ping_status":"closed","template":"page-templates\/tpl-offer1.php","meta":{"_acf_changed":false,"_monsterinsights_skip_tracking":false,"_monsterinsights_sitenote_active":false,"_monsterinsights_sitenote_note":"","_monsterinsights_sitenote_category":0,"footnotes":"","_links_to":"","_links_to_target":""},"class_list":["post-5636","page","type-page","status-publish","hentry"],"acf":[],"yoast_head":"<!-- This site is optimized with the Yoast SEO plugin v24.7 - https:\/\/yoast.com\/wordpress\/plugins\/seo\/ -->\n<title>Taizemie\u0161u mas\u0101\u017ea - V Spa<\/title>\n<meta name=\"robots\" content=\"noindex, follow, max-snippet:-1, max-image-preview:large, max-video-preview:-1\" \/>\n<meta property=\"og:locale\" content=\"lv_LV\" \/>\n<meta property=\"og:type\" content=\"article\" \/>\n<meta property=\"og:title\" content=\"Taizemie\u0161u mas\u0101\u017ea - V Spa\" \/>\n<meta property=\"og:description\" content=\"Taizemie\u0161u mas\u0101\u017ea \u0161im nol\u016bkam ir ide\u0101ls risin\u0101jums, lai atbr\u012bvotos no stresa vai hroniska noguruma. Ar stiepjo\u0161\u0101m un spiedo\u0161\u0101m kust\u012bb\u0101m tiek...\" \/>\n<meta property=\"og:url\" content=\"https:\/\/vana.vspa.ee\/hoolitsused\/traditsiooniline-tai-massaaz\/\" \/>\n<meta property=\"og:site_name\" content=\"V Spa\" \/>\n<meta property=\"article:modified_time\" content=\"2023-12-07T14:55:33+00:00\" \/>\n<meta name=\"twitter:card\" content=\"summary_large_image\" \/>\n<meta name=\"twitter:label1\" content=\"Est. reading time\" \/>\n\t<meta name=\"twitter:data1\" content=\"1 min\u016b\u0161u\" \/>\n<script type=\"application\/ld+json\" class=\"yoast-schema-graph\">{\"@context\":\"https:\/\/schema.org\",\"@graph\":[{\"@type\":\"WebPage\",\"@id\":\"https:\/\/vana.vspa.ee\/hoolitsused\/traditsiooniline-tai-massaaz\/\",\"url\":\"https:\/\/vana.vspa.ee\/hoolitsused\/traditsiooniline-tai-massaaz\/\",\"name\":\"Taizemie\u0161u mas\u0101\u017ea - V Spa\",\"isPartOf\":{\"@id\":\"https:\/\/vana.vspa.ee\/#website\"},\"datePublished\":\"2017-03-16T13:50:27+00:00\",\"dateModified\":\"2023-12-07T14:55:33+00:00\",\"breadcrumb\":{\"@id\":\"https:\/\/vana.vspa.ee\/hoolitsused\/traditsiooniline-tai-massaaz\/#breadcrumb\"},\"inLanguage\":\"lv-LV\",\"potentialAction\":[{\"@type\":\"ReadAction\",\"target\":[\"https:\/\/vana.vspa.ee\/hoolitsused\/traditsiooniline-tai-massaaz\/\"]}]},{\"@type\":\"BreadcrumbList\",\"@id\":\"https:\/\/vana.vspa.ee\/hoolitsused\/traditsiooniline-tai-massaaz\/#breadcrumb\",\"itemListElement\":[{\"@type\":\"ListItem\",\"position\":1,\"name\":\"Home\",\"item\":\"https:\/\/vana.vspa.ee\/lv\/\"},{\"@type\":\"ListItem\",\"position\":2,\"name\":\"Ritu\u0101li\",\"item\":\"https:\/\/vana.vspa.ee\/hoolitsused\/\"},{\"@type\":\"ListItem\",\"position\":3,\"name\":\"Taizemie\u0161u mas\u0101\u017ea\"}]},{\"@type\":\"WebSite\",\"@id\":\"https:\/\/vana.vspa.ee\/#website\",\"url\":\"https:\/\/vana.vspa.ee\/\",\"name\":\"V Spa\",\"description\":\"V\u00f5ta veest viimast!\",\"potentialAction\":[{\"@type\":\"SearchAction\",\"target\":{\"@type\":\"EntryPoint\",\"urlTemplate\":\"https:\/\/vana.vspa.ee\/?s={search_term_string}\"},\"query-input\":{\"@type\":\"PropertyValueSpecification\",\"valueRequired\":true,\"valueName\":\"search_term_string\"}}],\"inLanguage\":\"lv-LV\"}]}<\/script>\n<!-- \/ Yoast SEO plugin. -->","yoast_head_json":{"title":"Taizemie\u0161u mas\u0101\u017ea - V Spa","robots":{"index":"noindex","follow":"follow","max-snippet":"max-snippet:-1","max-image-preview":"max-image-preview:large","max-video-preview":"max-video-preview:-1"},"og_locale":"lv_LV","og_type":"article","og_title":"Taizemie\u0161u mas\u0101\u017ea - V Spa","og_description":"Taizemie\u0161u mas\u0101\u017ea \u0161im nol\u016bkam ir ide\u0101ls risin\u0101jums, lai atbr\u012bvotos no stresa vai hroniska noguruma. Ar stiepjo\u0161\u0101m un spiedo\u0161\u0101m kust\u012bb\u0101m tiek...","og_url":"https:\/\/vana.vspa.ee\/hoolitsused\/traditsiooniline-tai-massaaz\/","og_site_name":"V Spa","article_modified_time":"2023-12-07T14:55:33+00:00","twitter_card":"summary_large_image","twitter_misc":{"Est. reading time":"1 min\u016b\u0161u"},"schema":{"@context":"https:\/\/schema.org","@graph":[{"@type":"WebPage","@id":"https:\/\/vana.vspa.ee\/hoolitsused\/traditsiooniline-tai-massaaz\/","url":"https:\/\/vana.vspa.ee\/hoolitsused\/traditsiooniline-tai-massaaz\/","name":"Taizemie\u0161u mas\u0101\u017ea - V Spa","isPartOf":{"@id":"https:\/\/vana.vspa.ee\/#website"},"datePublished":"2017-03-16T13:50:27+00:00","dateModified":"2023-12-07T14:55:33+00:00","breadcrumb":{"@id":"https:\/\/vana.vspa.ee\/hoolitsused\/traditsiooniline-tai-massaaz\/#breadcrumb"},"inLanguage":"lv-LV","potentialAction":[{"@type":"ReadAction","target":["https:\/\/vana.vspa.ee\/hoolitsused\/traditsiooniline-tai-massaaz\/"]}]},{"@type":"BreadcrumbList","@id":"https:\/\/vana.vspa.ee\/hoolitsused\/traditsiooniline-tai-massaaz\/#breadcrumb","itemListElement":[{"@type":"ListItem","position":1,"name":"Home","item":"https:\/\/vana.vspa.ee\/lv\/"},{"@type":"ListItem","position":2,"name":"Ritu\u0101li","item":"https:\/\/vana.vspa.ee\/hoolitsused\/"},{"@type":"ListItem","position":3,"name":"Taizemie\u0161u mas\u0101\u017ea"}]},{"@type":"WebSite","@id":"https:\/\/vana.vspa.ee\/#website","url":"https:\/\/vana.vspa.ee\/","name":"V Spa","description":"V\u00f5ta veest viimast!","potentialAction":[{"@type":"SearchAction","target":{"@type":"EntryPoint","urlTemplate":"https:\/\/vana.vspa.ee\/?s={search_term_string}"},"query-input":{"@type":"PropertyValueSpecification","valueRequired":true,"valueName":"search_term_string"}}],"inLanguage":"lv-LV"}]}},"_links":{"self":[{"href":"https:\/\/vana.vspa.ee\/lv\/wp-json\/wp\/v2\/pages\/5636","targetHints":{"allow":["GET"]}}],"collection":[{"href":"https:\/\/vana.vspa.ee\/lv\/wp-json\/wp\/v2\/pages"}],"about":[{"href":"https:\/\/vana.vspa.ee\/lv\/wp-json\/wp\/v2\/types\/page"}],"author":[{"embeddable":true,"href":"https:\/\/vana.vspa.ee\/lv\/wp-json\/wp\/v2\/users\/1"}],"replies":[{"embeddable":true,"href":"https:\/\/vana.vspa.ee\/lv\/wp-json\/wp\/v2\/comments?post=5636"}],"version-history":[{"count":3,"href":"https:\/\/vana.vspa.ee\/lv\/wp-json\/wp\/v2\/pages\/5636\/revisions"}],"predecessor-version":[{"id":42260,"href":"https:\/\/vana.vspa.ee\/lv\/wp-json\/wp\/v2\/pages\/5636\/revisions\/42260"}],"up":[{"embeddable":true,"href":"https:\/\/vana.vspa.ee\/lv\/wp-json\/wp\/v2\/pages\/1094"}],"wp:attachment":[{"href":"https:\/\/vana.vspa.ee\/lv\/wp-json\/wp\/v2\/media?parent=5636"}],"curies":[{"name":"wp","href":"https:\/\/api.w.org\/{rel}","templated":true}]}}