{"id":5752,"date":"2017-07-05T11:04:46","date_gmt":"2017-07-05T08:04:46","guid":{"rendered":"http:\/\/vspa.ee\/rituali\/naha-tervet-jumet-ja-sara-taastav-naohoolitsus\/"},"modified":"2024-01-12T13:52:46","modified_gmt":"2024-01-12T11:52:46","slug":"adas-mirdzumu-un-toni-atjaunojosa-sejas-kopsanas-procedura","status":"publish","type":"page","link":"https:\/\/vana.vspa.ee\/lv\/rituali\/adas-mirdzumu-un-toni-atjaunojosa-sejas-kopsanas-procedura\/","title":{"rendered":"Microneedling sejas kop\u0161anas proced\u016bra"},"content":{"rendered":"<p>Microneedling ir inovat\u012bva un iedarb\u012bga sejas kop\u0161anas proced\u016bra, kur\u0101 tiek izmantotas mirkoadati\u0146as, kas bez \u0137irur\u0123iskas iejauk\u0161an\u0101s un bez diskomforta uzlabo \u0101das kvalit\u0101ti. \u012apa\u0161i smalk\u0101s adatas uzlabo \u0101das strukt\u016bru, samazina grumbi\u0146as un saules izrais\u012btos \u0101das boj\u0101jumus, k\u0101 ar\u012b pal\u012bdz izl\u012bdzin\u0101t r\u0113taudus. Microneedling proced\u016bra pastiprina proced\u016br\u0101 izmantoto vitam\u012bnu un dziedniecisko l\u012bdzek\u013cu uzs\u016bk\u0161anos \u0101d\u0101 un stimul\u0113 kolag\u0113na izstr\u0101di.<\/p>\n","protected":false},"excerpt":{"rendered":"<p>Microneedling ir inovat\u012bva un iedarb\u012bga sejas kop\u0161anas proced\u016bra, kur\u0101 tiek izmantotas mirkoadati\u0146as, kas bez \u0137irur\u0123iskas iejauk\u0161an\u0101s un bez diskomforta uzlabo&#8230;<\/p>\n","protected":false},"author":1,"featured_media":0,"parent":1094,"menu_order":35,"comment_status":"closed","ping_status":"closed","template":"page-templates\/tpl-offer1.php","meta":{"_acf_changed":false,"_monsterinsights_skip_tracking":false,"_monsterinsights_sitenote_active":false,"_monsterinsights_sitenote_note":"","_monsterinsights_sitenote_category":0,"footnotes":"","_links_to":"","_links_to_target":""},"class_list":["post-5752","page","type-page","status-publish","hentry"],"acf":[],"yoast_head":"<!-- This site is optimized with the Yoast SEO plugin v24.7 - https:\/\/yoast.com\/wordpress\/plugins\/seo\/ -->\n<title>Microneedling sejas kop\u0161anas proced\u016bra - V Spa<\/title>\n<meta name=\"robots\" content=\"noindex, follow, max-snippet:-1, max-image-preview:large, max-video-preview:-1\" \/>\n<meta property=\"og:locale\" content=\"lv_LV\" \/>\n<meta property=\"og:type\" content=\"article\" \/>\n<meta property=\"og:title\" content=\"Microneedling sejas kop\u0161anas proced\u016bra - V Spa\" \/>\n<meta property=\"og:description\" content=\"Microneedling ir inovat\u012bva un iedarb\u012bga sejas kop\u0161anas proced\u016bra, kur\u0101 tiek izmantotas mirkoadati\u0146as, kas bez \u0137irur\u0123iskas iejauk\u0161an\u0101s un bez diskomforta uzlabo...\" \/>\n<meta property=\"og:url\" content=\"https:\/\/vana.vspa.ee\/hoolitsused\/microneedeling\/\" \/>\n<meta property=\"og:site_name\" content=\"V Spa\" \/>\n<meta property=\"article:modified_time\" content=\"2024-01-12T11:52:46+00:00\" \/>\n<meta name=\"twitter:card\" content=\"summary_large_image\" \/>\n<meta name=\"twitter:label1\" content=\"Est. reading time\" \/>\n\t<meta name=\"twitter:data1\" content=\"1 min\u016b\u0161u\" \/>\n<script type=\"application\/ld+json\" class=\"yoast-schema-graph\">{\"@context\":\"https:\/\/schema.org\",\"@graph\":[{\"@type\":\"WebPage\",\"@id\":\"https:\/\/vana.vspa.ee\/hoolitsused\/microneedeling\/\",\"url\":\"https:\/\/vana.vspa.ee\/hoolitsused\/microneedeling\/\",\"name\":\"Microneedling sejas kop\u0161anas proced\u016bra - V Spa\",\"isPartOf\":{\"@id\":\"https:\/\/vana.vspa.ee\/#website\"},\"datePublished\":\"2017-07-05T08:04:46+00:00\",\"dateModified\":\"2024-01-12T11:52:46+00:00\",\"breadcrumb\":{\"@id\":\"https:\/\/vana.vspa.ee\/hoolitsused\/microneedeling\/#breadcrumb\"},\"inLanguage\":\"lv-LV\",\"potentialAction\":[{\"@type\":\"ReadAction\",\"target\":[\"https:\/\/vana.vspa.ee\/hoolitsused\/microneedeling\/\"]}]},{\"@type\":\"BreadcrumbList\",\"@id\":\"https:\/\/vana.vspa.ee\/hoolitsused\/microneedeling\/#breadcrumb\",\"itemListElement\":[{\"@type\":\"ListItem\",\"position\":1,\"name\":\"Home\",\"item\":\"https:\/\/vana.vspa.ee\/lv\/\"},{\"@type\":\"ListItem\",\"position\":2,\"name\":\"Ritu\u0101li\",\"item\":\"https:\/\/vana.vspa.ee\/hoolitsused\/\"},{\"@type\":\"ListItem\",\"position\":3,\"name\":\"Microneedling sejas kop\u0161anas proced\u016bra\"}]},{\"@type\":\"WebSite\",\"@id\":\"https:\/\/vana.vspa.ee\/#website\",\"url\":\"https:\/\/vana.vspa.ee\/\",\"name\":\"V Spa\",\"description\":\"V\u00f5ta veest viimast!\",\"potentialAction\":[{\"@type\":\"SearchAction\",\"target\":{\"@type\":\"EntryPoint\",\"urlTemplate\":\"https:\/\/vana.vspa.ee\/?s={search_term_string}\"},\"query-input\":{\"@type\":\"PropertyValueSpecification\",\"valueRequired\":true,\"valueName\":\"search_term_string\"}}],\"inLanguage\":\"lv-LV\"}]}<\/script>\n<!-- \/ Yoast SEO plugin. -->","yoast_head_json":{"title":"Microneedling sejas kop\u0161anas proced\u016bra - V Spa","robots":{"index":"noindex","follow":"follow","max-snippet":"max-snippet:-1","max-image-preview":"max-image-preview:large","max-video-preview":"max-video-preview:-1"},"og_locale":"lv_LV","og_type":"article","og_title":"Microneedling sejas kop\u0161anas proced\u016bra - V Spa","og_description":"Microneedling ir inovat\u012bva un iedarb\u012bga sejas kop\u0161anas proced\u016bra, kur\u0101 tiek izmantotas mirkoadati\u0146as, kas bez \u0137irur\u0123iskas iejauk\u0161an\u0101s un bez diskomforta uzlabo...","og_url":"https:\/\/vana.vspa.ee\/hoolitsused\/microneedeling\/","og_site_name":"V Spa","article_modified_time":"2024-01-12T11:52:46+00:00","twitter_card":"summary_large_image","twitter_misc":{"Est. reading time":"1 min\u016b\u0161u"},"schema":{"@context":"https:\/\/schema.org","@graph":[{"@type":"WebPage","@id":"https:\/\/vana.vspa.ee\/hoolitsused\/microneedeling\/","url":"https:\/\/vana.vspa.ee\/hoolitsused\/microneedeling\/","name":"Microneedling sejas kop\u0161anas proced\u016bra - V Spa","isPartOf":{"@id":"https:\/\/vana.vspa.ee\/#website"},"datePublished":"2017-07-05T08:04:46+00:00","dateModified":"2024-01-12T11:52:46+00:00","breadcrumb":{"@id":"https:\/\/vana.vspa.ee\/hoolitsused\/microneedeling\/#breadcrumb"},"inLanguage":"lv-LV","potentialAction":[{"@type":"ReadAction","target":["https:\/\/vana.vspa.ee\/hoolitsused\/microneedeling\/"]}]},{"@type":"BreadcrumbList","@id":"https:\/\/vana.vspa.ee\/hoolitsused\/microneedeling\/#breadcrumb","itemListElement":[{"@type":"ListItem","position":1,"name":"Home","item":"https:\/\/vana.vspa.ee\/lv\/"},{"@type":"ListItem","position":2,"name":"Ritu\u0101li","item":"https:\/\/vana.vspa.ee\/hoolitsused\/"},{"@type":"ListItem","position":3,"name":"Microneedling sejas kop\u0161anas proced\u016bra"}]},{"@type":"WebSite","@id":"https:\/\/vana.vspa.ee\/#website","url":"https:\/\/vana.vspa.ee\/","name":"V Spa","description":"V\u00f5ta veest viimast!","potentialAction":[{"@type":"SearchAction","target":{"@type":"EntryPoint","urlTemplate":"https:\/\/vana.vspa.ee\/?s={search_term_string}"},"query-input":{"@type":"PropertyValueSpecification","valueRequired":true,"valueName":"search_term_string"}}],"inLanguage":"lv-LV"}]}},"_links":{"self":[{"href":"https:\/\/vana.vspa.ee\/lv\/wp-json\/wp\/v2\/pages\/5752","targetHints":{"allow":["GET"]}}],"collection":[{"href":"https:\/\/vana.vspa.ee\/lv\/wp-json\/wp\/v2\/pages"}],"about":[{"href":"https:\/\/vana.vspa.ee\/lv\/wp-json\/wp\/v2\/types\/page"}],"author":[{"embeddable":true,"href":"https:\/\/vana.vspa.ee\/lv\/wp-json\/wp\/v2\/users\/1"}],"replies":[{"embeddable":true,"href":"https:\/\/vana.vspa.ee\/lv\/wp-json\/wp\/v2\/comments?post=5752"}],"version-history":[{"count":6,"href":"https:\/\/vana.vspa.ee\/lv\/wp-json\/wp\/v2\/pages\/5752\/revisions"}],"predecessor-version":[{"id":43595,"href":"https:\/\/vana.vspa.ee\/lv\/wp-json\/wp\/v2\/pages\/5752\/revisions\/43595"}],"up":[{"embeddable":true,"href":"https:\/\/vana.vspa.ee\/lv\/wp-json\/wp\/v2\/pages\/1094"}],"wp:attachment":[{"href":"https:\/\/vana.vspa.ee\/lv\/wp-json\/wp\/v2\/media?parent=5752"}],"curies":[{"name":"wp","href":"https:\/\/api.w.org\/{rel}","templated":true}]}}