{"id":5941,"date":"2017-03-16T15:56:48","date_gmt":"2017-03-16T13:56:48","guid":{"rendered":"http:\/\/vspa.ee\/rituali\/traditsiooniline-tai-massaaz-oliga\/"},"modified":"2023-12-07T16:56:33","modified_gmt":"2023-12-07T14:56:33","slug":"traditsiooniline-tai-massaaz-oliga","status":"publish","type":"page","link":"https:\/\/vana.vspa.ee\/lv\/rituali\/traditsiooniline-tai-massaaz-oliga\/","title":{"rendered":"Tradicion\u0101l\u0101 Tai mas\u0101\u017ea ar e\u013c\u013cu."},"content":{"rendered":"<p>Ide\u0101la musku\u013cu mas\u0101\u017eas un punktu mas\u0101\u017eas kombin\u0101cija, iek\u013caujot manu\u0101l\u0101s terapijas elementus un Tai masiera roku maigumu. Mas\u0101\u017eas m\u0113r\u0137is ir dzi\u013ci relaks\u0113t un sniegt patiesu labsaj\u016btu, kuras rezult\u0101t\u0101 iesp\u0113jams pat iemigt. Izmantoto e\u013c\u013cu \u0113teriskie komponenti stimul\u0113 nervus, atbr\u012bvo no toks\u012bniem un atstaj pozit\u012bvu ietekmi uz bezmiegu un galvass\u0101p\u0113m. Katra mas\u0101\u017ea ir induvidu\u0101li piem\u0113rota tie\u0161i j\u016bsu vajadz\u012bb\u0101m un iek\u013cauj visu \u0137ermeni, ar\u012b plaukstas un p\u0113das, padarot to siltu, elast\u012bgu un dzi\u013ci mitrin\u0101tu. Proced\u016bra nosl\u0113dzas ar maigu galvas mas\u0101\u017eu, viegliem stiepjo\u0161iem pa\u0146\u0113mieniem un liek\u0101s e\u013c\u013cas no\u0146em\u0161anu.<\/p>\n","protected":false},"excerpt":{"rendered":"<p>Ide\u0101la musku\u013cu mas\u0101\u017eas un punktu mas\u0101\u017eas kombin\u0101cija, iek\u013caujot manu\u0101l\u0101s terapijas elementus un Tai masiera roku maigumu. Mas\u0101\u017eas m\u0113r\u0137is ir dzi\u013ci&#8230;<\/p>\n","protected":false},"author":1,"featured_media":0,"parent":1094,"menu_order":97,"comment_status":"closed","ping_status":"closed","template":"page-templates\/tpl-offer1.php","meta":{"_acf_changed":false,"_monsterinsights_skip_tracking":false,"_monsterinsights_sitenote_active":false,"_monsterinsights_sitenote_note":"","_monsterinsights_sitenote_category":0,"footnotes":"","_links_to":"","_links_to_target":""},"class_list":["post-5941","page","type-page","status-publish","hentry"],"acf":[],"yoast_head":"<!-- This site is optimized with the Yoast SEO plugin v24.7 - https:\/\/yoast.com\/wordpress\/plugins\/seo\/ -->\n<title>Tradicion\u0101l\u0101 Tai mas\u0101\u017ea ar e\u013c\u013cu. - V Spa<\/title>\n<meta name=\"robots\" content=\"noindex, follow, max-snippet:-1, max-image-preview:large, max-video-preview:-1\" \/>\n<meta property=\"og:locale\" content=\"lv_LV\" \/>\n<meta property=\"og:type\" content=\"article\" \/>\n<meta property=\"og:title\" content=\"Tradicion\u0101l\u0101 Tai mas\u0101\u017ea ar e\u013c\u013cu. - V Spa\" \/>\n<meta property=\"og:description\" content=\"Ide\u0101la musku\u013cu mas\u0101\u017eas un punktu mas\u0101\u017eas kombin\u0101cija, iek\u013caujot manu\u0101l\u0101s terapijas elementus un Tai masiera roku maigumu. Mas\u0101\u017eas m\u0113r\u0137is ir dzi\u013ci...\" \/>\n<meta property=\"og:url\" content=\"https:\/\/vana.vspa.ee\/hoolitsused\/traditsiooniline-tai-massaaz-oliga\/\" \/>\n<meta property=\"og:site_name\" content=\"V Spa\" \/>\n<meta property=\"article:modified_time\" content=\"2023-12-07T14:56:33+00:00\" \/>\n<meta name=\"twitter:card\" content=\"summary_large_image\" \/>\n<meta name=\"twitter:label1\" content=\"Est. reading time\" \/>\n\t<meta name=\"twitter:data1\" content=\"1 min\u016b\u0161u\" \/>\n<script type=\"application\/ld+json\" class=\"yoast-schema-graph\">{\"@context\":\"https:\/\/schema.org\",\"@graph\":[{\"@type\":\"WebPage\",\"@id\":\"https:\/\/vana.vspa.ee\/hoolitsused\/traditsiooniline-tai-massaaz-oliga\/\",\"url\":\"https:\/\/vana.vspa.ee\/hoolitsused\/traditsiooniline-tai-massaaz-oliga\/\",\"name\":\"Tradicion\u0101l\u0101 Tai mas\u0101\u017ea ar e\u013c\u013cu. - V Spa\",\"isPartOf\":{\"@id\":\"https:\/\/vana.vspa.ee\/#website\"},\"datePublished\":\"2017-03-16T13:56:48+00:00\",\"dateModified\":\"2023-12-07T14:56:33+00:00\",\"breadcrumb\":{\"@id\":\"https:\/\/vana.vspa.ee\/hoolitsused\/traditsiooniline-tai-massaaz-oliga\/#breadcrumb\"},\"inLanguage\":\"lv-LV\",\"potentialAction\":[{\"@type\":\"ReadAction\",\"target\":[\"https:\/\/vana.vspa.ee\/hoolitsused\/traditsiooniline-tai-massaaz-oliga\/\"]}]},{\"@type\":\"BreadcrumbList\",\"@id\":\"https:\/\/vana.vspa.ee\/hoolitsused\/traditsiooniline-tai-massaaz-oliga\/#breadcrumb\",\"itemListElement\":[{\"@type\":\"ListItem\",\"position\":1,\"name\":\"Home\",\"item\":\"https:\/\/vana.vspa.ee\/lv\/\"},{\"@type\":\"ListItem\",\"position\":2,\"name\":\"Ritu\u0101li\",\"item\":\"https:\/\/vana.vspa.ee\/hoolitsused\/\"},{\"@type\":\"ListItem\",\"position\":3,\"name\":\"Tradicion\u0101l\u0101 Tai mas\u0101\u017ea ar e\u013c\u013cu.\"}]},{\"@type\":\"WebSite\",\"@id\":\"https:\/\/vana.vspa.ee\/#website\",\"url\":\"https:\/\/vana.vspa.ee\/\",\"name\":\"V Spa\",\"description\":\"V\u00f5ta veest viimast!\",\"potentialAction\":[{\"@type\":\"SearchAction\",\"target\":{\"@type\":\"EntryPoint\",\"urlTemplate\":\"https:\/\/vana.vspa.ee\/?s={search_term_string}\"},\"query-input\":{\"@type\":\"PropertyValueSpecification\",\"valueRequired\":true,\"valueName\":\"search_term_string\"}}],\"inLanguage\":\"lv-LV\"}]}<\/script>\n<!-- \/ Yoast SEO plugin. -->","yoast_head_json":{"title":"Tradicion\u0101l\u0101 Tai mas\u0101\u017ea ar e\u013c\u013cu. - V Spa","robots":{"index":"noindex","follow":"follow","max-snippet":"max-snippet:-1","max-image-preview":"max-image-preview:large","max-video-preview":"max-video-preview:-1"},"og_locale":"lv_LV","og_type":"article","og_title":"Tradicion\u0101l\u0101 Tai mas\u0101\u017ea ar e\u013c\u013cu. - V Spa","og_description":"Ide\u0101la musku\u013cu mas\u0101\u017eas un punktu mas\u0101\u017eas kombin\u0101cija, iek\u013caujot manu\u0101l\u0101s terapijas elementus un Tai masiera roku maigumu. Mas\u0101\u017eas m\u0113r\u0137is ir dzi\u013ci...","og_url":"https:\/\/vana.vspa.ee\/hoolitsused\/traditsiooniline-tai-massaaz-oliga\/","og_site_name":"V Spa","article_modified_time":"2023-12-07T14:56:33+00:00","twitter_card":"summary_large_image","twitter_misc":{"Est. reading time":"1 min\u016b\u0161u"},"schema":{"@context":"https:\/\/schema.org","@graph":[{"@type":"WebPage","@id":"https:\/\/vana.vspa.ee\/hoolitsused\/traditsiooniline-tai-massaaz-oliga\/","url":"https:\/\/vana.vspa.ee\/hoolitsused\/traditsiooniline-tai-massaaz-oliga\/","name":"Tradicion\u0101l\u0101 Tai mas\u0101\u017ea ar e\u013c\u013cu. - V Spa","isPartOf":{"@id":"https:\/\/vana.vspa.ee\/#website"},"datePublished":"2017-03-16T13:56:48+00:00","dateModified":"2023-12-07T14:56:33+00:00","breadcrumb":{"@id":"https:\/\/vana.vspa.ee\/hoolitsused\/traditsiooniline-tai-massaaz-oliga\/#breadcrumb"},"inLanguage":"lv-LV","potentialAction":[{"@type":"ReadAction","target":["https:\/\/vana.vspa.ee\/hoolitsused\/traditsiooniline-tai-massaaz-oliga\/"]}]},{"@type":"BreadcrumbList","@id":"https:\/\/vana.vspa.ee\/hoolitsused\/traditsiooniline-tai-massaaz-oliga\/#breadcrumb","itemListElement":[{"@type":"ListItem","position":1,"name":"Home","item":"https:\/\/vana.vspa.ee\/lv\/"},{"@type":"ListItem","position":2,"name":"Ritu\u0101li","item":"https:\/\/vana.vspa.ee\/hoolitsused\/"},{"@type":"ListItem","position":3,"name":"Tradicion\u0101l\u0101 Tai mas\u0101\u017ea ar e\u013c\u013cu."}]},{"@type":"WebSite","@id":"https:\/\/vana.vspa.ee\/#website","url":"https:\/\/vana.vspa.ee\/","name":"V Spa","description":"V\u00f5ta veest viimast!","potentialAction":[{"@type":"SearchAction","target":{"@type":"EntryPoint","urlTemplate":"https:\/\/vana.vspa.ee\/?s={search_term_string}"},"query-input":{"@type":"PropertyValueSpecification","valueRequired":true,"valueName":"search_term_string"}}],"inLanguage":"lv-LV"}]}},"_links":{"self":[{"href":"https:\/\/vana.vspa.ee\/lv\/wp-json\/wp\/v2\/pages\/5941","targetHints":{"allow":["GET"]}}],"collection":[{"href":"https:\/\/vana.vspa.ee\/lv\/wp-json\/wp\/v2\/pages"}],"about":[{"href":"https:\/\/vana.vspa.ee\/lv\/wp-json\/wp\/v2\/types\/page"}],"author":[{"embeddable":true,"href":"https:\/\/vana.vspa.ee\/lv\/wp-json\/wp\/v2\/users\/1"}],"replies":[{"embeddable":true,"href":"https:\/\/vana.vspa.ee\/lv\/wp-json\/wp\/v2\/comments?post=5941"}],"version-history":[{"count":3,"href":"https:\/\/vana.vspa.ee\/lv\/wp-json\/wp\/v2\/pages\/5941\/revisions"}],"predecessor-version":[{"id":42261,"href":"https:\/\/vana.vspa.ee\/lv\/wp-json\/wp\/v2\/pages\/5941\/revisions\/42261"}],"up":[{"embeddable":true,"href":"https:\/\/vana.vspa.ee\/lv\/wp-json\/wp\/v2\/pages\/1094"}],"wp:attachment":[{"href":"https:\/\/vana.vspa.ee\/lv\/wp-json\/wp\/v2\/media?parent=5941"}],"curies":[{"name":"wp","href":"https:\/\/api.w.org\/{rel}","templated":true}]}}