{"id":6389,"date":"2017-03-16T16:04:47","date_gmt":"2017-03-16T14:04:47","guid":{"rendered":"http:\/\/vspa.ee\/rituali\/tai-loogastav-jalamassaaz\/"},"modified":"2023-12-07T16:57:33","modified_gmt":"2023-12-07T14:57:33","slug":"tai-loogastav-jalamassaaz","status":"publish","type":"page","link":"https:\/\/vana.vspa.ee\/lv\/rituali\/tai-loogastav-jalamassaaz\/","title":{"rendered":"Relaks\u0113jo\u0161a Tai k\u0101ju mas\u0101\u017ea"},"content":{"rendered":"<p>P\u0113d\u0101s atrodas katram \u0137erme\u0146a org\u0101nam atbilsto\u0161s punkts vai zona, uz kuru iedarbojoties ir iesp\u0113jams pozit\u012bvi iedarboties ar\u012b uz attiec\u012bgo org\u0101nu. \u0160\u012b mas\u0101\u017ea stabiliz\u0113 \u0137erme\u0146a ener\u0123\u0113tisko un fizisko balansu, uzlabo sirds-asinsvadu sist\u0113mu, izvada toks\u012bnus. Mas\u0101\u017eas m\u0113r\u0137is ir mazin\u0101t stresu, spriedzi un nogurumu. Pirms proced\u016bras k\u0101jas tiek kars\u0113tas silt\u0101 vann\u0101 ar \u012bpa\u0161iem s\u0101\u013ciem. Relaks\u0113jo\u0161\u0101 Tai k\u0101ju mas\u0101\u017ea sniedz baud\u012bjumu un papildus ener\u0123iju ikvienam.<\/p>\n","protected":false},"excerpt":{"rendered":"<p>P\u0113d\u0101s atrodas katram \u0137erme\u0146a org\u0101nam atbilsto\u0161s punkts vai zona, uz kuru iedarbojoties ir iesp\u0113jams pozit\u012bvi iedarboties ar\u012b uz attiec\u012bgo org\u0101nu&#8230;.<\/p>\n","protected":false},"author":1,"featured_media":0,"parent":1094,"menu_order":98,"comment_status":"closed","ping_status":"closed","template":"page-templates\/tpl-offer1.php","meta":{"_acf_changed":false,"_monsterinsights_skip_tracking":false,"_monsterinsights_sitenote_active":false,"_monsterinsights_sitenote_note":"","_monsterinsights_sitenote_category":0,"footnotes":"","_links_to":"","_links_to_target":""},"class_list":["post-6389","page","type-page","status-publish","hentry"],"acf":[],"yoast_head":"<!-- This site is optimized with the Yoast SEO plugin v24.7 - https:\/\/yoast.com\/wordpress\/plugins\/seo\/ -->\n<title>Relaks\u0113jo\u0161a Tai k\u0101ju mas\u0101\u017ea - V Spa<\/title>\n<meta name=\"robots\" content=\"noindex, follow, max-snippet:-1, max-image-preview:large, max-video-preview:-1\" \/>\n<meta property=\"og:locale\" content=\"lv_LV\" \/>\n<meta property=\"og:type\" content=\"article\" \/>\n<meta property=\"og:title\" content=\"Relaks\u0113jo\u0161a Tai k\u0101ju mas\u0101\u017ea - V Spa\" \/>\n<meta property=\"og:description\" content=\"P\u0113d\u0101s atrodas katram \u0137erme\u0146a org\u0101nam atbilsto\u0161s punkts vai zona, uz kuru iedarbojoties ir iesp\u0113jams pozit\u012bvi iedarboties ar\u012b uz attiec\u012bgo org\u0101nu....\" \/>\n<meta property=\"og:url\" content=\"https:\/\/vana.vspa.ee\/hoolitsused\/tai-loogastav-jalamassaaz\/\" \/>\n<meta property=\"og:site_name\" content=\"V Spa\" \/>\n<meta property=\"article:modified_time\" content=\"2023-12-07T14:57:33+00:00\" \/>\n<meta name=\"twitter:card\" content=\"summary_large_image\" \/>\n<meta name=\"twitter:label1\" content=\"Est. reading time\" \/>\n\t<meta name=\"twitter:data1\" content=\"1 min\u016b\u0161u\" \/>\n<script type=\"application\/ld+json\" class=\"yoast-schema-graph\">{\"@context\":\"https:\/\/schema.org\",\"@graph\":[{\"@type\":\"WebPage\",\"@id\":\"https:\/\/vana.vspa.ee\/hoolitsused\/tai-loogastav-jalamassaaz\/\",\"url\":\"https:\/\/vana.vspa.ee\/hoolitsused\/tai-loogastav-jalamassaaz\/\",\"name\":\"Relaks\u0113jo\u0161a Tai k\u0101ju mas\u0101\u017ea - V Spa\",\"isPartOf\":{\"@id\":\"https:\/\/vana.vspa.ee\/#website\"},\"datePublished\":\"2017-03-16T14:04:47+00:00\",\"dateModified\":\"2023-12-07T14:57:33+00:00\",\"breadcrumb\":{\"@id\":\"https:\/\/vana.vspa.ee\/hoolitsused\/tai-loogastav-jalamassaaz\/#breadcrumb\"},\"inLanguage\":\"lv-LV\",\"potentialAction\":[{\"@type\":\"ReadAction\",\"target\":[\"https:\/\/vana.vspa.ee\/hoolitsused\/tai-loogastav-jalamassaaz\/\"]}]},{\"@type\":\"BreadcrumbList\",\"@id\":\"https:\/\/vana.vspa.ee\/hoolitsused\/tai-loogastav-jalamassaaz\/#breadcrumb\",\"itemListElement\":[{\"@type\":\"ListItem\",\"position\":1,\"name\":\"Home\",\"item\":\"https:\/\/vana.vspa.ee\/lv\/\"},{\"@type\":\"ListItem\",\"position\":2,\"name\":\"Ritu\u0101li\",\"item\":\"https:\/\/vana.vspa.ee\/hoolitsused\/\"},{\"@type\":\"ListItem\",\"position\":3,\"name\":\"Relaks\u0113jo\u0161a Tai k\u0101ju mas\u0101\u017ea\"}]},{\"@type\":\"WebSite\",\"@id\":\"https:\/\/vana.vspa.ee\/#website\",\"url\":\"https:\/\/vana.vspa.ee\/\",\"name\":\"V Spa\",\"description\":\"V\u00f5ta veest viimast!\",\"potentialAction\":[{\"@type\":\"SearchAction\",\"target\":{\"@type\":\"EntryPoint\",\"urlTemplate\":\"https:\/\/vana.vspa.ee\/?s={search_term_string}\"},\"query-input\":{\"@type\":\"PropertyValueSpecification\",\"valueRequired\":true,\"valueName\":\"search_term_string\"}}],\"inLanguage\":\"lv-LV\"}]}<\/script>\n<!-- \/ Yoast SEO plugin. -->","yoast_head_json":{"title":"Relaks\u0113jo\u0161a Tai k\u0101ju mas\u0101\u017ea - V Spa","robots":{"index":"noindex","follow":"follow","max-snippet":"max-snippet:-1","max-image-preview":"max-image-preview:large","max-video-preview":"max-video-preview:-1"},"og_locale":"lv_LV","og_type":"article","og_title":"Relaks\u0113jo\u0161a Tai k\u0101ju mas\u0101\u017ea - V Spa","og_description":"P\u0113d\u0101s atrodas katram \u0137erme\u0146a org\u0101nam atbilsto\u0161s punkts vai zona, uz kuru iedarbojoties ir iesp\u0113jams pozit\u012bvi iedarboties ar\u012b uz attiec\u012bgo org\u0101nu....","og_url":"https:\/\/vana.vspa.ee\/hoolitsused\/tai-loogastav-jalamassaaz\/","og_site_name":"V Spa","article_modified_time":"2023-12-07T14:57:33+00:00","twitter_card":"summary_large_image","twitter_misc":{"Est. reading time":"1 min\u016b\u0161u"},"schema":{"@context":"https:\/\/schema.org","@graph":[{"@type":"WebPage","@id":"https:\/\/vana.vspa.ee\/hoolitsused\/tai-loogastav-jalamassaaz\/","url":"https:\/\/vana.vspa.ee\/hoolitsused\/tai-loogastav-jalamassaaz\/","name":"Relaks\u0113jo\u0161a Tai k\u0101ju mas\u0101\u017ea - V Spa","isPartOf":{"@id":"https:\/\/vana.vspa.ee\/#website"},"datePublished":"2017-03-16T14:04:47+00:00","dateModified":"2023-12-07T14:57:33+00:00","breadcrumb":{"@id":"https:\/\/vana.vspa.ee\/hoolitsused\/tai-loogastav-jalamassaaz\/#breadcrumb"},"inLanguage":"lv-LV","potentialAction":[{"@type":"ReadAction","target":["https:\/\/vana.vspa.ee\/hoolitsused\/tai-loogastav-jalamassaaz\/"]}]},{"@type":"BreadcrumbList","@id":"https:\/\/vana.vspa.ee\/hoolitsused\/tai-loogastav-jalamassaaz\/#breadcrumb","itemListElement":[{"@type":"ListItem","position":1,"name":"Home","item":"https:\/\/vana.vspa.ee\/lv\/"},{"@type":"ListItem","position":2,"name":"Ritu\u0101li","item":"https:\/\/vana.vspa.ee\/hoolitsused\/"},{"@type":"ListItem","position":3,"name":"Relaks\u0113jo\u0161a Tai k\u0101ju mas\u0101\u017ea"}]},{"@type":"WebSite","@id":"https:\/\/vana.vspa.ee\/#website","url":"https:\/\/vana.vspa.ee\/","name":"V Spa","description":"V\u00f5ta veest viimast!","potentialAction":[{"@type":"SearchAction","target":{"@type":"EntryPoint","urlTemplate":"https:\/\/vana.vspa.ee\/?s={search_term_string}"},"query-input":{"@type":"PropertyValueSpecification","valueRequired":true,"valueName":"search_term_string"}}],"inLanguage":"lv-LV"}]}},"_links":{"self":[{"href":"https:\/\/vana.vspa.ee\/lv\/wp-json\/wp\/v2\/pages\/6389","targetHints":{"allow":["GET"]}}],"collection":[{"href":"https:\/\/vana.vspa.ee\/lv\/wp-json\/wp\/v2\/pages"}],"about":[{"href":"https:\/\/vana.vspa.ee\/lv\/wp-json\/wp\/v2\/types\/page"}],"author":[{"embeddable":true,"href":"https:\/\/vana.vspa.ee\/lv\/wp-json\/wp\/v2\/users\/1"}],"replies":[{"embeddable":true,"href":"https:\/\/vana.vspa.ee\/lv\/wp-json\/wp\/v2\/comments?post=6389"}],"version-history":[{"count":4,"href":"https:\/\/vana.vspa.ee\/lv\/wp-json\/wp\/v2\/pages\/6389\/revisions"}],"predecessor-version":[{"id":42262,"href":"https:\/\/vana.vspa.ee\/lv\/wp-json\/wp\/v2\/pages\/6389\/revisions\/42262"}],"up":[{"embeddable":true,"href":"https:\/\/vana.vspa.ee\/lv\/wp-json\/wp\/v2\/pages\/1094"}],"wp:attachment":[{"href":"https:\/\/vana.vspa.ee\/lv\/wp-json\/wp\/v2\/media?parent=6389"}],"curies":[{"name":"wp","href":"https:\/\/api.w.org\/{rel}","templated":true}]}}