{"id":7084,"date":"2017-09-05T11:47:57","date_gmt":"2017-09-05T08:47:57","guid":{"rendered":"https:\/\/vspa.ee\/rituali\/hydradermie-noortele\/"},"modified":"2024-11-28T14:48:20","modified_gmt":"2024-11-28T12:48:20","slug":"hydradermie-noortele","status":"publish","type":"page","link":"https:\/\/vana.vspa.ee\/lv\/rituali\/hydradermie-noortele\/","title":{"rendered":"Hydradermie jaunie\u0161iem"},"content":{"rendered":"<p>Dzi\u013ci att\u012bro\u0161a sejas kop\u0161anas proced\u016bra, jaunie\u0161iem ar problem\u0101tisku \u0101du. R\u016bp\u012bga \u0101das att\u012br\u012b\u0161ana ar maigu joniz\u0101ciju, balans\u0113 problem\u0101tisku \u0101du. Proced\u016br\u0101 tiek izmantoti \u012bpa\u0161i efekt\u012bvi produkti taukainas un problem\u0101tiskas \u0101das st\u0101vok\u013ca uzlabo\u0161anai. Proced\u016br\u0101 neietilpst sejas un dekolt\u0113 mas\u0101\u017ea.<\/p>\n<p>Proced\u016br\u0101 tiek izmantoti GUINOT l\u012bnijas produkti<\/p>\n","protected":false},"excerpt":{"rendered":"<p>Dzi\u013ci att\u012bro\u0161a sejas kop\u0161anas proced\u016bra, jaunie\u0161iem ar problem\u0101tisku \u0101du. R\u016bp\u012bga \u0101das att\u012br\u012b\u0161ana ar maigu joniz\u0101ciju, balans\u0113 problem\u0101tisku \u0101du. Proced\u016br\u0101 tiek&#8230;<\/p>\n","protected":false},"author":1,"featured_media":0,"parent":1094,"menu_order":28,"comment_status":"closed","ping_status":"closed","template":"page-templates\/tpl-offer1.php","meta":{"_acf_changed":false,"_monsterinsights_skip_tracking":false,"_monsterinsights_sitenote_active":false,"_monsterinsights_sitenote_note":"","_monsterinsights_sitenote_category":0,"footnotes":"","_links_to":"","_links_to_target":""},"class_list":["post-7084","page","type-page","status-publish","hentry"],"acf":[],"yoast_head":"<!-- This site is optimized with the Yoast SEO plugin v24.7 - https:\/\/yoast.com\/wordpress\/plugins\/seo\/ -->\n<title>Hydradermie jaunie\u0161iem - V Spa<\/title>\n<meta name=\"robots\" content=\"noindex, follow, max-snippet:-1, max-image-preview:large, max-video-preview:-1\" \/>\n<meta property=\"og:locale\" content=\"lv_LV\" \/>\n<meta property=\"og:type\" content=\"article\" \/>\n<meta property=\"og:title\" content=\"Hydradermie jaunie\u0161iem - V Spa\" \/>\n<meta property=\"og:description\" content=\"Dzi\u013ci att\u012bro\u0161a sejas kop\u0161anas proced\u016bra, jaunie\u0161iem ar problem\u0101tisku \u0101du. R\u016bp\u012bga \u0101das att\u012br\u012b\u0161ana ar maigu joniz\u0101ciju, balans\u0113 problem\u0101tisku \u0101du. Proced\u016br\u0101 tiek...\" \/>\n<meta property=\"og:url\" content=\"https:\/\/vana.vspa.ee\/hoolitsused\/hydradermie-noortele\/\" \/>\n<meta property=\"og:site_name\" content=\"V Spa\" \/>\n<meta property=\"article:modified_time\" content=\"2024-11-28T12:48:20+00:00\" \/>\n<meta name=\"twitter:card\" content=\"summary_large_image\" \/>\n<meta name=\"twitter:label1\" content=\"Est. reading time\" \/>\n\t<meta name=\"twitter:data1\" content=\"1 min\u016b\u0161u\" \/>\n<script type=\"application\/ld+json\" class=\"yoast-schema-graph\">{\"@context\":\"https:\/\/schema.org\",\"@graph\":[{\"@type\":\"WebPage\",\"@id\":\"https:\/\/vana.vspa.ee\/hoolitsused\/hydradermie-noortele\/\",\"url\":\"https:\/\/vana.vspa.ee\/hoolitsused\/hydradermie-noortele\/\",\"name\":\"Hydradermie jaunie\u0161iem - V Spa\",\"isPartOf\":{\"@id\":\"https:\/\/vana.vspa.ee\/#website\"},\"datePublished\":\"2017-09-05T08:47:57+00:00\",\"dateModified\":\"2024-11-28T12:48:20+00:00\",\"breadcrumb\":{\"@id\":\"https:\/\/vana.vspa.ee\/hoolitsused\/hydradermie-noortele\/#breadcrumb\"},\"inLanguage\":\"lv-LV\",\"potentialAction\":[{\"@type\":\"ReadAction\",\"target\":[\"https:\/\/vana.vspa.ee\/hoolitsused\/hydradermie-noortele\/\"]}]},{\"@type\":\"BreadcrumbList\",\"@id\":\"https:\/\/vana.vspa.ee\/hoolitsused\/hydradermie-noortele\/#breadcrumb\",\"itemListElement\":[{\"@type\":\"ListItem\",\"position\":1,\"name\":\"Home\",\"item\":\"https:\/\/vana.vspa.ee\/lv\/\"},{\"@type\":\"ListItem\",\"position\":2,\"name\":\"Ritu\u0101li\",\"item\":\"https:\/\/vana.vspa.ee\/hoolitsused\/\"},{\"@type\":\"ListItem\",\"position\":3,\"name\":\"Hydradermie jaunie\u0161iem\"}]},{\"@type\":\"WebSite\",\"@id\":\"https:\/\/vana.vspa.ee\/#website\",\"url\":\"https:\/\/vana.vspa.ee\/\",\"name\":\"V Spa\",\"description\":\"V\u00f5ta veest viimast!\",\"potentialAction\":[{\"@type\":\"SearchAction\",\"target\":{\"@type\":\"EntryPoint\",\"urlTemplate\":\"https:\/\/vana.vspa.ee\/?s={search_term_string}\"},\"query-input\":{\"@type\":\"PropertyValueSpecification\",\"valueRequired\":true,\"valueName\":\"search_term_string\"}}],\"inLanguage\":\"lv-LV\"}]}<\/script>\n<!-- \/ Yoast SEO plugin. -->","yoast_head_json":{"title":"Hydradermie jaunie\u0161iem - V Spa","robots":{"index":"noindex","follow":"follow","max-snippet":"max-snippet:-1","max-image-preview":"max-image-preview:large","max-video-preview":"max-video-preview:-1"},"og_locale":"lv_LV","og_type":"article","og_title":"Hydradermie jaunie\u0161iem - V Spa","og_description":"Dzi\u013ci att\u012bro\u0161a sejas kop\u0161anas proced\u016bra, jaunie\u0161iem ar problem\u0101tisku \u0101du. R\u016bp\u012bga \u0101das att\u012br\u012b\u0161ana ar maigu joniz\u0101ciju, balans\u0113 problem\u0101tisku \u0101du. Proced\u016br\u0101 tiek...","og_url":"https:\/\/vana.vspa.ee\/hoolitsused\/hydradermie-noortele\/","og_site_name":"V Spa","article_modified_time":"2024-11-28T12:48:20+00:00","twitter_card":"summary_large_image","twitter_misc":{"Est. reading time":"1 min\u016b\u0161u"},"schema":{"@context":"https:\/\/schema.org","@graph":[{"@type":"WebPage","@id":"https:\/\/vana.vspa.ee\/hoolitsused\/hydradermie-noortele\/","url":"https:\/\/vana.vspa.ee\/hoolitsused\/hydradermie-noortele\/","name":"Hydradermie jaunie\u0161iem - V Spa","isPartOf":{"@id":"https:\/\/vana.vspa.ee\/#website"},"datePublished":"2017-09-05T08:47:57+00:00","dateModified":"2024-11-28T12:48:20+00:00","breadcrumb":{"@id":"https:\/\/vana.vspa.ee\/hoolitsused\/hydradermie-noortele\/#breadcrumb"},"inLanguage":"lv-LV","potentialAction":[{"@type":"ReadAction","target":["https:\/\/vana.vspa.ee\/hoolitsused\/hydradermie-noortele\/"]}]},{"@type":"BreadcrumbList","@id":"https:\/\/vana.vspa.ee\/hoolitsused\/hydradermie-noortele\/#breadcrumb","itemListElement":[{"@type":"ListItem","position":1,"name":"Home","item":"https:\/\/vana.vspa.ee\/lv\/"},{"@type":"ListItem","position":2,"name":"Ritu\u0101li","item":"https:\/\/vana.vspa.ee\/hoolitsused\/"},{"@type":"ListItem","position":3,"name":"Hydradermie jaunie\u0161iem"}]},{"@type":"WebSite","@id":"https:\/\/vana.vspa.ee\/#website","url":"https:\/\/vana.vspa.ee\/","name":"V Spa","description":"V\u00f5ta veest viimast!","potentialAction":[{"@type":"SearchAction","target":{"@type":"EntryPoint","urlTemplate":"https:\/\/vana.vspa.ee\/?s={search_term_string}"},"query-input":{"@type":"PropertyValueSpecification","valueRequired":true,"valueName":"search_term_string"}}],"inLanguage":"lv-LV"}]}},"_links":{"self":[{"href":"https:\/\/vana.vspa.ee\/lv\/wp-json\/wp\/v2\/pages\/7084","targetHints":{"allow":["GET"]}}],"collection":[{"href":"https:\/\/vana.vspa.ee\/lv\/wp-json\/wp\/v2\/pages"}],"about":[{"href":"https:\/\/vana.vspa.ee\/lv\/wp-json\/wp\/v2\/types\/page"}],"author":[{"embeddable":true,"href":"https:\/\/vana.vspa.ee\/lv\/wp-json\/wp\/v2\/users\/1"}],"replies":[{"embeddable":true,"href":"https:\/\/vana.vspa.ee\/lv\/wp-json\/wp\/v2\/comments?post=7084"}],"version-history":[{"count":3,"href":"https:\/\/vana.vspa.ee\/lv\/wp-json\/wp\/v2\/pages\/7084\/revisions"}],"predecessor-version":[{"id":47158,"href":"https:\/\/vana.vspa.ee\/lv\/wp-json\/wp\/v2\/pages\/7084\/revisions\/47158"}],"up":[{"embeddable":true,"href":"https:\/\/vana.vspa.ee\/lv\/wp-json\/wp\/v2\/pages\/1094"}],"wp:attachment":[{"href":"https:\/\/vana.vspa.ee\/lv\/wp-json\/wp\/v2\/media?parent=7084"}],"curies":[{"name":"wp","href":"https:\/\/api.w.org\/{rel}","templated":true}]}}