{"id":7087,"date":"2017-09-05T12:22:29","date_gmt":"2017-09-05T09:22:29","guid":{"rendered":"https:\/\/vspa.ee\/rituali\/eye-logic-silmaumbruse-erihooldus\/"},"modified":"2023-12-04T16:38:22","modified_gmt":"2023-12-04T14:38:22","slug":"eye-logic-silmaumbruse-erihooldus","status":"publish","type":"page","link":"https:\/\/vana.vspa.ee\/lv\/rituali\/eye-logic-silmaumbruse-erihooldus\/","title":{"rendered":"Eye Lift acu zonas apr\u016bpes proced\u016bra"},"content":{"rendered":"<p>Maigajai un pras\u012bgajai acu zonai nepiecie\u0161ama \u012bpa\u0161a uzman\u012bba, t\u0101p\u0113c jaun\u0101 <strong>Guinot Eye Lift<\/strong>\u00a0acu zonas apr\u016bpes proced\u016bra iek\u013cauj gan Hydradermie apar\u0101tu un maigu patent\u0113tu acu zonas masku, gan kosm\u0113ti\u0137es maigo roku mas\u0101\u017eu. \u0160\u012b proced\u016bra ir \u012bpa\u0161i rad\u012bta, lai c\u012bn\u012btos pret vis\u0101m noveco\u0161anas un noguruma paz\u012bm\u0113m &#8211; tum\u0161ie loki zem ac\u012bm, maisi\u0146i un grumbi\u0146as, pateicoties iedarb\u012bgajai proced\u016brai, man\u0101mi samazin\u0101s.<\/p>\n<p>P\u0113c vienas proced\u016bras grumbi\u0146as samazin\u0101s par 40%,<br \/>\n\u0101das elest\u012bba palielin\u0101s par 46,7%<br \/>\nun \u0101da atg\u016bst mirdzumu par aptuveni 1,8 punktiem.<\/p>\n<p>Proced\u016bras nosl\u0113gum\u0101 acu zona ir man\u0101mi jaunekl\u012bg\u0101ka un atsvaidzin\u0101ta.<\/p>\n<p>&nbsp;<\/p>\n","protected":false},"excerpt":{"rendered":"<p>Maigajai un pras\u012bgajai acu zonai nepiecie\u0161ama \u012bpa\u0161a uzman\u012bba, t\u0101p\u0113c jaun\u0101 Guinot Eye Lift\u00a0acu zonas apr\u016bpes proced\u016bra iek\u013cauj gan Hydradermie apar\u0101tu&#8230;<\/p>\n","protected":false},"author":1,"featured_media":0,"parent":1094,"menu_order":29,"comment_status":"closed","ping_status":"closed","template":"page-templates\/tpl-offer1.php","meta":{"_acf_changed":false,"_monsterinsights_skip_tracking":false,"_monsterinsights_sitenote_active":false,"_monsterinsights_sitenote_note":"","_monsterinsights_sitenote_category":0,"footnotes":"","_links_to":"","_links_to_target":""},"class_list":["post-7087","page","type-page","status-publish","hentry"],"acf":[],"yoast_head":"<!-- This site is optimized with the Yoast SEO plugin v24.7 - https:\/\/yoast.com\/wordpress\/plugins\/seo\/ -->\n<title>Eye Lift acu zonas apr\u016bpes proced\u016bra - V Spa<\/title>\n<meta name=\"robots\" content=\"noindex, follow, max-snippet:-1, max-image-preview:large, max-video-preview:-1\" \/>\n<meta property=\"og:locale\" content=\"lv_LV\" \/>\n<meta property=\"og:type\" content=\"article\" \/>\n<meta property=\"og:title\" content=\"Eye Lift acu zonas apr\u016bpes proced\u016bra - V Spa\" \/>\n<meta property=\"og:description\" content=\"Maigajai un pras\u012bgajai acu zonai nepiecie\u0161ama \u012bpa\u0161a uzman\u012bba, t\u0101p\u0113c jaun\u0101 Guinot Eye Lift\u00a0acu zonas apr\u016bpes proced\u016bra iek\u013cauj gan Hydradermie apar\u0101tu...\" \/>\n<meta property=\"og:url\" content=\"https:\/\/vana.vspa.ee\/hoolitsused\/eye-logic-silmaumbruse-erihooldus\/\" \/>\n<meta property=\"og:site_name\" content=\"V Spa\" \/>\n<meta property=\"article:modified_time\" content=\"2023-12-04T14:38:22+00:00\" \/>\n<meta name=\"twitter:card\" content=\"summary_large_image\" \/>\n<meta name=\"twitter:label1\" content=\"Est. reading time\" \/>\n\t<meta name=\"twitter:data1\" content=\"1 min\u016b\u0161u\" \/>\n<script type=\"application\/ld+json\" class=\"yoast-schema-graph\">{\"@context\":\"https:\/\/schema.org\",\"@graph\":[{\"@type\":\"WebPage\",\"@id\":\"https:\/\/vana.vspa.ee\/hoolitsused\/eye-logic-silmaumbruse-erihooldus\/\",\"url\":\"https:\/\/vana.vspa.ee\/hoolitsused\/eye-logic-silmaumbruse-erihooldus\/\",\"name\":\"Eye Lift acu zonas apr\u016bpes proced\u016bra - V Spa\",\"isPartOf\":{\"@id\":\"https:\/\/vana.vspa.ee\/#website\"},\"datePublished\":\"2017-09-05T09:22:29+00:00\",\"dateModified\":\"2023-12-04T14:38:22+00:00\",\"breadcrumb\":{\"@id\":\"https:\/\/vana.vspa.ee\/hoolitsused\/eye-logic-silmaumbruse-erihooldus\/#breadcrumb\"},\"inLanguage\":\"lv-LV\",\"potentialAction\":[{\"@type\":\"ReadAction\",\"target\":[\"https:\/\/vana.vspa.ee\/hoolitsused\/eye-logic-silmaumbruse-erihooldus\/\"]}]},{\"@type\":\"BreadcrumbList\",\"@id\":\"https:\/\/vana.vspa.ee\/hoolitsused\/eye-logic-silmaumbruse-erihooldus\/#breadcrumb\",\"itemListElement\":[{\"@type\":\"ListItem\",\"position\":1,\"name\":\"Home\",\"item\":\"https:\/\/vana.vspa.ee\/lv\/\"},{\"@type\":\"ListItem\",\"position\":2,\"name\":\"Ritu\u0101li\",\"item\":\"https:\/\/vana.vspa.ee\/hoolitsused\/\"},{\"@type\":\"ListItem\",\"position\":3,\"name\":\"Eye Lift acu zonas apr\u016bpes proced\u016bra\"}]},{\"@type\":\"WebSite\",\"@id\":\"https:\/\/vana.vspa.ee\/#website\",\"url\":\"https:\/\/vana.vspa.ee\/\",\"name\":\"V Spa\",\"description\":\"V\u00f5ta veest viimast!\",\"potentialAction\":[{\"@type\":\"SearchAction\",\"target\":{\"@type\":\"EntryPoint\",\"urlTemplate\":\"https:\/\/vana.vspa.ee\/?s={search_term_string}\"},\"query-input\":{\"@type\":\"PropertyValueSpecification\",\"valueRequired\":true,\"valueName\":\"search_term_string\"}}],\"inLanguage\":\"lv-LV\"}]}<\/script>\n<!-- \/ Yoast SEO plugin. -->","yoast_head_json":{"title":"Eye Lift acu zonas apr\u016bpes proced\u016bra - V Spa","robots":{"index":"noindex","follow":"follow","max-snippet":"max-snippet:-1","max-image-preview":"max-image-preview:large","max-video-preview":"max-video-preview:-1"},"og_locale":"lv_LV","og_type":"article","og_title":"Eye Lift acu zonas apr\u016bpes proced\u016bra - V Spa","og_description":"Maigajai un pras\u012bgajai acu zonai nepiecie\u0161ama \u012bpa\u0161a uzman\u012bba, t\u0101p\u0113c jaun\u0101 Guinot Eye Lift\u00a0acu zonas apr\u016bpes proced\u016bra iek\u013cauj gan Hydradermie apar\u0101tu...","og_url":"https:\/\/vana.vspa.ee\/hoolitsused\/eye-logic-silmaumbruse-erihooldus\/","og_site_name":"V Spa","article_modified_time":"2023-12-04T14:38:22+00:00","twitter_card":"summary_large_image","twitter_misc":{"Est. reading time":"1 min\u016b\u0161u"},"schema":{"@context":"https:\/\/schema.org","@graph":[{"@type":"WebPage","@id":"https:\/\/vana.vspa.ee\/hoolitsused\/eye-logic-silmaumbruse-erihooldus\/","url":"https:\/\/vana.vspa.ee\/hoolitsused\/eye-logic-silmaumbruse-erihooldus\/","name":"Eye Lift acu zonas apr\u016bpes proced\u016bra - V Spa","isPartOf":{"@id":"https:\/\/vana.vspa.ee\/#website"},"datePublished":"2017-09-05T09:22:29+00:00","dateModified":"2023-12-04T14:38:22+00:00","breadcrumb":{"@id":"https:\/\/vana.vspa.ee\/hoolitsused\/eye-logic-silmaumbruse-erihooldus\/#breadcrumb"},"inLanguage":"lv-LV","potentialAction":[{"@type":"ReadAction","target":["https:\/\/vana.vspa.ee\/hoolitsused\/eye-logic-silmaumbruse-erihooldus\/"]}]},{"@type":"BreadcrumbList","@id":"https:\/\/vana.vspa.ee\/hoolitsused\/eye-logic-silmaumbruse-erihooldus\/#breadcrumb","itemListElement":[{"@type":"ListItem","position":1,"name":"Home","item":"https:\/\/vana.vspa.ee\/lv\/"},{"@type":"ListItem","position":2,"name":"Ritu\u0101li","item":"https:\/\/vana.vspa.ee\/hoolitsused\/"},{"@type":"ListItem","position":3,"name":"Eye Lift acu zonas apr\u016bpes proced\u016bra"}]},{"@type":"WebSite","@id":"https:\/\/vana.vspa.ee\/#website","url":"https:\/\/vana.vspa.ee\/","name":"V Spa","description":"V\u00f5ta veest viimast!","potentialAction":[{"@type":"SearchAction","target":{"@type":"EntryPoint","urlTemplate":"https:\/\/vana.vspa.ee\/?s={search_term_string}"},"query-input":{"@type":"PropertyValueSpecification","valueRequired":true,"valueName":"search_term_string"}}],"inLanguage":"lv-LV"}]}},"_links":{"self":[{"href":"https:\/\/vana.vspa.ee\/lv\/wp-json\/wp\/v2\/pages\/7087","targetHints":{"allow":["GET"]}}],"collection":[{"href":"https:\/\/vana.vspa.ee\/lv\/wp-json\/wp\/v2\/pages"}],"about":[{"href":"https:\/\/vana.vspa.ee\/lv\/wp-json\/wp\/v2\/types\/page"}],"author":[{"embeddable":true,"href":"https:\/\/vana.vspa.ee\/lv\/wp-json\/wp\/v2\/users\/1"}],"replies":[{"embeddable":true,"href":"https:\/\/vana.vspa.ee\/lv\/wp-json\/wp\/v2\/comments?post=7087"}],"version-history":[{"count":2,"href":"https:\/\/vana.vspa.ee\/lv\/wp-json\/wp\/v2\/pages\/7087\/revisions"}],"predecessor-version":[{"id":42103,"href":"https:\/\/vana.vspa.ee\/lv\/wp-json\/wp\/v2\/pages\/7087\/revisions\/42103"}],"up":[{"embeddable":true,"href":"https:\/\/vana.vspa.ee\/lv\/wp-json\/wp\/v2\/pages\/1094"}],"wp:attachment":[{"href":"https:\/\/vana.vspa.ee\/lv\/wp-json\/wp\/v2\/media?parent=7087"}],"curies":[{"name":"wp","href":"https:\/\/api.w.org\/{rel}","templated":true}]}}