{"id":7090,"date":"2017-09-05T12:47:01","date_gmt":"2017-09-05T09:47:01","guid":{"rendered":"https:\/\/vspa.ee\/rituali\/hydradermie\/"},"modified":"2024-11-28T14:52:13","modified_gmt":"2024-11-28T12:52:13","slug":"hydradermie","status":"publish","type":"page","link":"https:\/\/vana.vspa.ee\/lv\/rituali\/hydradermie\/","title":{"rendered":"Hydradermie"},"content":{"rendered":"<p><strong>Guinot<\/strong> popul\u0101r\u0101kajai proced\u016brai tagad ir jauns v\u0101rds &#8211; Hydraderm Cellular Energy. Dinamisk\u0101 joniz\u0101cija sniedz \u0161\u016bn\u0101m jaunu ener\u0123iju un bag\u0101tina t\u0101s ar mitrino\u0161\u0101m un bag\u0101t\u012bg\u0101m bar\u012bbasviel\u0101m. Joniz\u0101cija aktiviz\u0113 \u0161\u016bnu metabolismu un stimul\u0113 \u0101das atjauno\u0161anas procesus. Termoeloktrodes, izstarojot pat\u012bkamu siltumu, bag\u0101tina \u0161\u016bnas ar sk\u0101bekli un izvada toks\u012bnus. Jau p\u0113c vienas proced\u016bras \u0101da ir man\u0101mi mitrin\u0101ta, stiprin\u0101ta un t\u0101s tekst\u016bra ir uzlabota. Proced\u016bra piem\u0113rota visiem vecumiem un \u0101das tipiem. P\u0113c kosm\u0113ti\u0137es nov\u0113rt\u0113juma tiek izv\u0113l\u0113ti \u0101das st\u0101voklim piem\u0113roti serumi un kr\u0113mi. Proced\u016bras nosl\u0113gum\u0101 \u0101da ir atjaunota un tu jut\u012bsies atp\u016btusies un relaks\u0113jusies.<\/p>\n","protected":false},"excerpt":{"rendered":"<p>Guinot popul\u0101r\u0101kajai proced\u016brai tagad ir jauns v\u0101rds &#8211; Hydraderm Cellular Energy. Dinamisk\u0101 joniz\u0101cija sniedz \u0161\u016bn\u0101m jaunu ener\u0123iju un bag\u0101tina t\u0101s&#8230;<\/p>\n","protected":false},"author":1,"featured_media":0,"parent":1094,"menu_order":30,"comment_status":"closed","ping_status":"closed","template":"page-templates\/tpl-offer1.php","meta":{"_acf_changed":false,"_monsterinsights_skip_tracking":false,"_monsterinsights_sitenote_active":false,"_monsterinsights_sitenote_note":"","_monsterinsights_sitenote_category":0,"footnotes":"","_links_to":"","_links_to_target":""},"class_list":["post-7090","page","type-page","status-publish","hentry"],"acf":[],"yoast_head":"<!-- This site is optimized with the Yoast SEO plugin v24.7 - https:\/\/yoast.com\/wordpress\/plugins\/seo\/ -->\n<title>Hydradermie - V Spa<\/title>\n<meta name=\"robots\" content=\"noindex, follow, max-snippet:-1, max-image-preview:large, max-video-preview:-1\" \/>\n<meta property=\"og:locale\" content=\"lv_LV\" \/>\n<meta property=\"og:type\" content=\"article\" \/>\n<meta property=\"og:title\" content=\"Hydradermie - V Spa\" \/>\n<meta property=\"og:description\" content=\"Guinot popul\u0101r\u0101kajai proced\u016brai tagad ir jauns v\u0101rds &#8211; Hydraderm Cellular Energy. Dinamisk\u0101 joniz\u0101cija sniedz \u0161\u016bn\u0101m jaunu ener\u0123iju un bag\u0101tina t\u0101s...\" \/>\n<meta property=\"og:url\" content=\"https:\/\/vana.vspa.ee\/hoolitsused\/hydradermie\/\" \/>\n<meta property=\"og:site_name\" content=\"V Spa\" \/>\n<meta property=\"article:modified_time\" content=\"2024-11-28T12:52:13+00:00\" \/>\n<meta name=\"twitter:card\" content=\"summary_large_image\" \/>\n<meta name=\"twitter:label1\" content=\"Est. reading time\" \/>\n\t<meta name=\"twitter:data1\" content=\"1 min\u016b\u0161u\" \/>\n<script type=\"application\/ld+json\" class=\"yoast-schema-graph\">{\"@context\":\"https:\/\/schema.org\",\"@graph\":[{\"@type\":\"WebPage\",\"@id\":\"https:\/\/vana.vspa.ee\/hoolitsused\/hydradermie\/\",\"url\":\"https:\/\/vana.vspa.ee\/hoolitsused\/hydradermie\/\",\"name\":\"Hydradermie - V Spa\",\"isPartOf\":{\"@id\":\"https:\/\/vana.vspa.ee\/#website\"},\"datePublished\":\"2017-09-05T09:47:01+00:00\",\"dateModified\":\"2024-11-28T12:52:13+00:00\",\"breadcrumb\":{\"@id\":\"https:\/\/vana.vspa.ee\/hoolitsused\/hydradermie\/#breadcrumb\"},\"inLanguage\":\"lv-LV\",\"potentialAction\":[{\"@type\":\"ReadAction\",\"target\":[\"https:\/\/vana.vspa.ee\/hoolitsused\/hydradermie\/\"]}]},{\"@type\":\"BreadcrumbList\",\"@id\":\"https:\/\/vana.vspa.ee\/hoolitsused\/hydradermie\/#breadcrumb\",\"itemListElement\":[{\"@type\":\"ListItem\",\"position\":1,\"name\":\"Home\",\"item\":\"https:\/\/vana.vspa.ee\/lv\/\"},{\"@type\":\"ListItem\",\"position\":2,\"name\":\"Ritu\u0101li\",\"item\":\"https:\/\/vana.vspa.ee\/hoolitsused\/\"},{\"@type\":\"ListItem\",\"position\":3,\"name\":\"Hydradermie\"}]},{\"@type\":\"WebSite\",\"@id\":\"https:\/\/vana.vspa.ee\/#website\",\"url\":\"https:\/\/vana.vspa.ee\/\",\"name\":\"V Spa\",\"description\":\"V\u00f5ta veest viimast!\",\"potentialAction\":[{\"@type\":\"SearchAction\",\"target\":{\"@type\":\"EntryPoint\",\"urlTemplate\":\"https:\/\/vana.vspa.ee\/?s={search_term_string}\"},\"query-input\":{\"@type\":\"PropertyValueSpecification\",\"valueRequired\":true,\"valueName\":\"search_term_string\"}}],\"inLanguage\":\"lv-LV\"}]}<\/script>\n<!-- \/ Yoast SEO plugin. -->","yoast_head_json":{"title":"Hydradermie - V Spa","robots":{"index":"noindex","follow":"follow","max-snippet":"max-snippet:-1","max-image-preview":"max-image-preview:large","max-video-preview":"max-video-preview:-1"},"og_locale":"lv_LV","og_type":"article","og_title":"Hydradermie - V Spa","og_description":"Guinot popul\u0101r\u0101kajai proced\u016brai tagad ir jauns v\u0101rds &#8211; Hydraderm Cellular Energy. Dinamisk\u0101 joniz\u0101cija sniedz \u0161\u016bn\u0101m jaunu ener\u0123iju un bag\u0101tina t\u0101s...","og_url":"https:\/\/vana.vspa.ee\/hoolitsused\/hydradermie\/","og_site_name":"V Spa","article_modified_time":"2024-11-28T12:52:13+00:00","twitter_card":"summary_large_image","twitter_misc":{"Est. reading time":"1 min\u016b\u0161u"},"schema":{"@context":"https:\/\/schema.org","@graph":[{"@type":"WebPage","@id":"https:\/\/vana.vspa.ee\/hoolitsused\/hydradermie\/","url":"https:\/\/vana.vspa.ee\/hoolitsused\/hydradermie\/","name":"Hydradermie - V Spa","isPartOf":{"@id":"https:\/\/vana.vspa.ee\/#website"},"datePublished":"2017-09-05T09:47:01+00:00","dateModified":"2024-11-28T12:52:13+00:00","breadcrumb":{"@id":"https:\/\/vana.vspa.ee\/hoolitsused\/hydradermie\/#breadcrumb"},"inLanguage":"lv-LV","potentialAction":[{"@type":"ReadAction","target":["https:\/\/vana.vspa.ee\/hoolitsused\/hydradermie\/"]}]},{"@type":"BreadcrumbList","@id":"https:\/\/vana.vspa.ee\/hoolitsused\/hydradermie\/#breadcrumb","itemListElement":[{"@type":"ListItem","position":1,"name":"Home","item":"https:\/\/vana.vspa.ee\/lv\/"},{"@type":"ListItem","position":2,"name":"Ritu\u0101li","item":"https:\/\/vana.vspa.ee\/hoolitsused\/"},{"@type":"ListItem","position":3,"name":"Hydradermie"}]},{"@type":"WebSite","@id":"https:\/\/vana.vspa.ee\/#website","url":"https:\/\/vana.vspa.ee\/","name":"V Spa","description":"V\u00f5ta veest viimast!","potentialAction":[{"@type":"SearchAction","target":{"@type":"EntryPoint","urlTemplate":"https:\/\/vana.vspa.ee\/?s={search_term_string}"},"query-input":{"@type":"PropertyValueSpecification","valueRequired":true,"valueName":"search_term_string"}}],"inLanguage":"lv-LV"}]}},"_links":{"self":[{"href":"https:\/\/vana.vspa.ee\/lv\/wp-json\/wp\/v2\/pages\/7090","targetHints":{"allow":["GET"]}}],"collection":[{"href":"https:\/\/vana.vspa.ee\/lv\/wp-json\/wp\/v2\/pages"}],"about":[{"href":"https:\/\/vana.vspa.ee\/lv\/wp-json\/wp\/v2\/types\/page"}],"author":[{"embeddable":true,"href":"https:\/\/vana.vspa.ee\/lv\/wp-json\/wp\/v2\/users\/1"}],"replies":[{"embeddable":true,"href":"https:\/\/vana.vspa.ee\/lv\/wp-json\/wp\/v2\/comments?post=7090"}],"version-history":[{"count":3,"href":"https:\/\/vana.vspa.ee\/lv\/wp-json\/wp\/v2\/pages\/7090\/revisions"}],"predecessor-version":[{"id":47163,"href":"https:\/\/vana.vspa.ee\/lv\/wp-json\/wp\/v2\/pages\/7090\/revisions\/47163"}],"up":[{"embeddable":true,"href":"https:\/\/vana.vspa.ee\/lv\/wp-json\/wp\/v2\/pages\/1094"}],"wp:attachment":[{"href":"https:\/\/vana.vspa.ee\/lv\/wp-json\/wp\/v2\/media?parent=7090"}],"curies":[{"name":"wp","href":"https:\/\/api.w.org\/{rel}","templated":true}]}}