{"id":7095,"date":"2017-09-05T11:18:26","date_gmt":"2017-09-05T08:18:26","guid":{"rendered":"https:\/\/vspa.ee\/rituali\/hydradermie-lift\/"},"modified":"2024-11-28T14:55:42","modified_gmt":"2024-11-28T12:55:42","slug":"hydradermie-lift","status":"publish","type":"page","link":"https:\/\/vana.vspa.ee\/lv\/rituali\/hydradermie-lift\/","title":{"rendered":"Hydradermie Lift"},"content":{"rendered":"<p>Sejas un kakla muskulat\u016bras tvirtumu uzlabojo\u0161a proced\u016bra, kas, izmantojot maigu mikrostr\u0101vu, atjauno musku\u013cu tonusu un tvirtumu. Proced\u016bras s\u0101kum\u0101 tiek stimul\u0113ta limfa, lai no \u0101das izvad\u012btu lieko \u016bdeni un toks\u012bnus, t\u0101d\u0101 veid\u0101 padarot \u0101du mirdzo\u0161u un samazinot piet\u016bkumu. Turpin\u0101jum\u0101 veikt\u0101 musku\u013cu stimul\u0101cija, ac\u012bmredzami uzlabo sejas ov\u0101lu un stimul\u0113 \u0161\u016bnu darb\u012bbu. Proced\u016bras nosl\u0113gum\u0101 tiek veikta relaks\u0113jo\u0161a mas\u0101\u017ea un uzkl\u0101ta \u0101dai piem\u0113rota maska un kr\u0113mi.<\/p>\n<p>Proced\u016br\u0101 tiek izmantoti GUINOT l\u012bnijas produkti<\/p>\n","protected":false},"excerpt":{"rendered":"<p>Sejas un kakla muskulat\u016bras tvirtumu uzlabojo\u0161a proced\u016bra, kas, izmantojot maigu mikrostr\u0101vu, atjauno musku\u013cu tonusu un tvirtumu. Proced\u016bras s\u0101kum\u0101 tiek stimul\u0113ta&#8230;<\/p>\n","protected":false},"author":1,"featured_media":0,"parent":1094,"menu_order":33,"comment_status":"closed","ping_status":"closed","template":"page-templates\/tpl-offer1.php","meta":{"_acf_changed":false,"_monsterinsights_skip_tracking":false,"_monsterinsights_sitenote_active":false,"_monsterinsights_sitenote_note":"","_monsterinsights_sitenote_category":0,"footnotes":"","_links_to":"","_links_to_target":""},"class_list":["post-7095","page","type-page","status-publish","hentry"],"acf":[],"yoast_head":"<!-- This site is optimized with the Yoast SEO plugin v24.7 - https:\/\/yoast.com\/wordpress\/plugins\/seo\/ -->\n<title>Hydradermie Lift - V Spa<\/title>\n<meta name=\"robots\" content=\"noindex, follow, max-snippet:-1, max-image-preview:large, max-video-preview:-1\" \/>\n<meta property=\"og:locale\" content=\"lv_LV\" \/>\n<meta property=\"og:type\" content=\"article\" \/>\n<meta property=\"og:title\" content=\"Hydradermie Lift - V Spa\" \/>\n<meta property=\"og:description\" content=\"Sejas un kakla muskulat\u016bras tvirtumu uzlabojo\u0161a proced\u016bra, kas, izmantojot maigu mikrostr\u0101vu, atjauno musku\u013cu tonusu un tvirtumu. Proced\u016bras s\u0101kum\u0101 tiek stimul\u0113ta...\" \/>\n<meta property=\"og:url\" content=\"https:\/\/vana.vspa.ee\/hoolitsused\/hydradermie-lift\/\" \/>\n<meta property=\"og:site_name\" content=\"V Spa\" \/>\n<meta property=\"article:modified_time\" content=\"2024-11-28T12:55:42+00:00\" \/>\n<meta name=\"twitter:card\" content=\"summary_large_image\" \/>\n<meta name=\"twitter:label1\" content=\"Est. reading time\" \/>\n\t<meta name=\"twitter:data1\" content=\"1 min\u016b\u0161u\" \/>\n<script type=\"application\/ld+json\" class=\"yoast-schema-graph\">{\"@context\":\"https:\/\/schema.org\",\"@graph\":[{\"@type\":\"WebPage\",\"@id\":\"https:\/\/vana.vspa.ee\/hoolitsused\/hydradermie-lift\/\",\"url\":\"https:\/\/vana.vspa.ee\/hoolitsused\/hydradermie-lift\/\",\"name\":\"Hydradermie Lift - V Spa\",\"isPartOf\":{\"@id\":\"https:\/\/vana.vspa.ee\/#website\"},\"datePublished\":\"2017-09-05T08:18:26+00:00\",\"dateModified\":\"2024-11-28T12:55:42+00:00\",\"breadcrumb\":{\"@id\":\"https:\/\/vana.vspa.ee\/hoolitsused\/hydradermie-lift\/#breadcrumb\"},\"inLanguage\":\"lv-LV\",\"potentialAction\":[{\"@type\":\"ReadAction\",\"target\":[\"https:\/\/vana.vspa.ee\/hoolitsused\/hydradermie-lift\/\"]}]},{\"@type\":\"BreadcrumbList\",\"@id\":\"https:\/\/vana.vspa.ee\/hoolitsused\/hydradermie-lift\/#breadcrumb\",\"itemListElement\":[{\"@type\":\"ListItem\",\"position\":1,\"name\":\"Home\",\"item\":\"https:\/\/vana.vspa.ee\/lv\/\"},{\"@type\":\"ListItem\",\"position\":2,\"name\":\"Ritu\u0101li\",\"item\":\"https:\/\/vana.vspa.ee\/hoolitsused\/\"},{\"@type\":\"ListItem\",\"position\":3,\"name\":\"Hydradermie Lift\"}]},{\"@type\":\"WebSite\",\"@id\":\"https:\/\/vana.vspa.ee\/#website\",\"url\":\"https:\/\/vana.vspa.ee\/\",\"name\":\"V Spa\",\"description\":\"V\u00f5ta veest viimast!\",\"potentialAction\":[{\"@type\":\"SearchAction\",\"target\":{\"@type\":\"EntryPoint\",\"urlTemplate\":\"https:\/\/vana.vspa.ee\/?s={search_term_string}\"},\"query-input\":{\"@type\":\"PropertyValueSpecification\",\"valueRequired\":true,\"valueName\":\"search_term_string\"}}],\"inLanguage\":\"lv-LV\"}]}<\/script>\n<!-- \/ Yoast SEO plugin. -->","yoast_head_json":{"title":"Hydradermie Lift - V Spa","robots":{"index":"noindex","follow":"follow","max-snippet":"max-snippet:-1","max-image-preview":"max-image-preview:large","max-video-preview":"max-video-preview:-1"},"og_locale":"lv_LV","og_type":"article","og_title":"Hydradermie Lift - V Spa","og_description":"Sejas un kakla muskulat\u016bras tvirtumu uzlabojo\u0161a proced\u016bra, kas, izmantojot maigu mikrostr\u0101vu, atjauno musku\u013cu tonusu un tvirtumu. Proced\u016bras s\u0101kum\u0101 tiek stimul\u0113ta...","og_url":"https:\/\/vana.vspa.ee\/hoolitsused\/hydradermie-lift\/","og_site_name":"V Spa","article_modified_time":"2024-11-28T12:55:42+00:00","twitter_card":"summary_large_image","twitter_misc":{"Est. reading time":"1 min\u016b\u0161u"},"schema":{"@context":"https:\/\/schema.org","@graph":[{"@type":"WebPage","@id":"https:\/\/vana.vspa.ee\/hoolitsused\/hydradermie-lift\/","url":"https:\/\/vana.vspa.ee\/hoolitsused\/hydradermie-lift\/","name":"Hydradermie Lift - V Spa","isPartOf":{"@id":"https:\/\/vana.vspa.ee\/#website"},"datePublished":"2017-09-05T08:18:26+00:00","dateModified":"2024-11-28T12:55:42+00:00","breadcrumb":{"@id":"https:\/\/vana.vspa.ee\/hoolitsused\/hydradermie-lift\/#breadcrumb"},"inLanguage":"lv-LV","potentialAction":[{"@type":"ReadAction","target":["https:\/\/vana.vspa.ee\/hoolitsused\/hydradermie-lift\/"]}]},{"@type":"BreadcrumbList","@id":"https:\/\/vana.vspa.ee\/hoolitsused\/hydradermie-lift\/#breadcrumb","itemListElement":[{"@type":"ListItem","position":1,"name":"Home","item":"https:\/\/vana.vspa.ee\/lv\/"},{"@type":"ListItem","position":2,"name":"Ritu\u0101li","item":"https:\/\/vana.vspa.ee\/hoolitsused\/"},{"@type":"ListItem","position":3,"name":"Hydradermie Lift"}]},{"@type":"WebSite","@id":"https:\/\/vana.vspa.ee\/#website","url":"https:\/\/vana.vspa.ee\/","name":"V Spa","description":"V\u00f5ta veest viimast!","potentialAction":[{"@type":"SearchAction","target":{"@type":"EntryPoint","urlTemplate":"https:\/\/vana.vspa.ee\/?s={search_term_string}"},"query-input":{"@type":"PropertyValueSpecification","valueRequired":true,"valueName":"search_term_string"}}],"inLanguage":"lv-LV"}]}},"_links":{"self":[{"href":"https:\/\/vana.vspa.ee\/lv\/wp-json\/wp\/v2\/pages\/7095","targetHints":{"allow":["GET"]}}],"collection":[{"href":"https:\/\/vana.vspa.ee\/lv\/wp-json\/wp\/v2\/pages"}],"about":[{"href":"https:\/\/vana.vspa.ee\/lv\/wp-json\/wp\/v2\/types\/page"}],"author":[{"embeddable":true,"href":"https:\/\/vana.vspa.ee\/lv\/wp-json\/wp\/v2\/users\/1"}],"replies":[{"embeddable":true,"href":"https:\/\/vana.vspa.ee\/lv\/wp-json\/wp\/v2\/comments?post=7095"}],"version-history":[{"count":4,"href":"https:\/\/vana.vspa.ee\/lv\/wp-json\/wp\/v2\/pages\/7095\/revisions"}],"predecessor-version":[{"id":47168,"href":"https:\/\/vana.vspa.ee\/lv\/wp-json\/wp\/v2\/pages\/7095\/revisions\/47168"}],"up":[{"embeddable":true,"href":"https:\/\/vana.vspa.ee\/lv\/wp-json\/wp\/v2\/pages\/1094"}],"wp:attachment":[{"href":"https:\/\/vana.vspa.ee\/lv\/wp-json\/wp\/v2\/media?parent=7095"}],"curies":[{"name":"wp","href":"https:\/\/api.w.org\/{rel}","templated":true}]}}