{"id":8040,"date":"2017-10-27T14:15:58","date_gmt":"2017-10-27T11:15:58","guid":{"rendered":"https:\/\/vspa.ee\/paketes\/vaimustav-noorus\/"},"modified":"2024-01-09T11:28:12","modified_gmt":"2024-01-09T09:28:12","slug":"vaimustav-noorus","status":"publish","type":"page","link":"https:\/\/vana.vspa.ee\/lv\/paketes\/vaimustav-noorus\/","title":{"rendered":"Iedvesmojo\u0161\u0101 jaun\u012bba diviem"},"content":{"rendered":"<p><a href=\"https:\/\/vspa.ee\/lv\/udens-un-pirts-centrs\/udens-un-pirts-centrs\/\" class=\"broken_link\">Spa apmekl\u0113jums ar pirts un s\u0101ls pasaules apmekl\u0113jumu<\/a>\u00a04 stundas<\/p>\n<p><a href=\"https:\/\/vspa.ee\/lv\/rituali\/dzili-mitrinosa-kermena-kopsanas-procedura-ar-masazu-izmantojot-kanepes\/\" class=\"broken_link\">Dzi\u013ci mitrino\u0161a ka\u0146epju e\u013c\u013cas mas\u0101\u017ea <\/a>45 min\u016btes diviem<\/p>\n<p>Uzmundrino\u0161a sejas kop\u0161anas proced\u016bra 45 min\u016btes diviem<\/p>\n","protected":false},"excerpt":{"rendered":"<p>Spa apmekl\u0113jums ar pirts un s\u0101ls pasaules apmekl\u0113jumu\u00a04 stundas Dzi\u013ci mitrino\u0161a ka\u0146epju e\u013c\u013cas mas\u0101\u017ea 45 min\u016btes diviem Uzmundrino\u0161a sejas kop\u0161anas&#8230;<\/p>\n","protected":false},"author":1,"featured_media":0,"parent":1096,"menu_order":7,"comment_status":"closed","ping_status":"closed","template":"page-templates\/tpl-offer2.php","meta":{"_acf_changed":false,"_monsterinsights_skip_tracking":false,"_monsterinsights_sitenote_active":false,"_monsterinsights_sitenote_note":"","_monsterinsights_sitenote_category":0,"footnotes":"","_links_to":"","_links_to_target":""},"class_list":["post-8040","page","type-page","status-publish","hentry"],"acf":[],"yoast_head":"<!-- This site is optimized with the Yoast SEO plugin v24.7 - https:\/\/yoast.com\/wordpress\/plugins\/seo\/ -->\n<title>Iedvesmojo\u0161\u0101 jaun\u012bba diviem - V Spa<\/title>\n<meta name=\"robots\" content=\"noindex, follow, max-snippet:-1, max-image-preview:large, max-video-preview:-1\" \/>\n<meta property=\"og:locale\" content=\"lv_LV\" \/>\n<meta property=\"og:type\" content=\"article\" \/>\n<meta property=\"og:title\" content=\"Iedvesmojo\u0161\u0101 jaun\u012bba diviem - V Spa\" \/>\n<meta property=\"og:description\" content=\"Spa apmekl\u0113jums ar pirts un s\u0101ls pasaules apmekl\u0113jumu\u00a04 stundas Dzi\u013ci mitrino\u0161a ka\u0146epju e\u013c\u013cas mas\u0101\u017ea 45 min\u016btes diviem Uzmundrino\u0161a sejas kop\u0161anas...\" \/>\n<meta property=\"og:url\" content=\"https:\/\/vana.vspa.ee\/paketid\/vaimustav-noorus\/\" \/>\n<meta property=\"og:site_name\" content=\"V Spa\" \/>\n<meta property=\"article:modified_time\" content=\"2024-01-09T09:28:12+00:00\" \/>\n<meta name=\"twitter:card\" content=\"summary_large_image\" \/>\n<meta name=\"twitter:label1\" content=\"Est. reading time\" \/>\n\t<meta name=\"twitter:data1\" content=\"1 min\u016b\u0161u\" \/>\n<script type=\"application\/ld+json\" class=\"yoast-schema-graph\">{\"@context\":\"https:\/\/schema.org\",\"@graph\":[{\"@type\":\"WebPage\",\"@id\":\"https:\/\/vana.vspa.ee\/paketid\/vaimustav-noorus\/\",\"url\":\"https:\/\/vana.vspa.ee\/paketid\/vaimustav-noorus\/\",\"name\":\"Iedvesmojo\u0161\u0101 jaun\u012bba diviem - V Spa\",\"isPartOf\":{\"@id\":\"https:\/\/vana.vspa.ee\/#website\"},\"datePublished\":\"2017-10-27T11:15:58+00:00\",\"dateModified\":\"2024-01-09T09:28:12+00:00\",\"breadcrumb\":{\"@id\":\"https:\/\/vana.vspa.ee\/paketid\/vaimustav-noorus\/#breadcrumb\"},\"inLanguage\":\"lv-LV\",\"potentialAction\":[{\"@type\":\"ReadAction\",\"target\":[\"https:\/\/vana.vspa.ee\/paketid\/vaimustav-noorus\/\"]}]},{\"@type\":\"BreadcrumbList\",\"@id\":\"https:\/\/vana.vspa.ee\/paketid\/vaimustav-noorus\/#breadcrumb\",\"itemListElement\":[{\"@type\":\"ListItem\",\"position\":1,\"name\":\"Home\",\"item\":\"https:\/\/vana.vspa.ee\/lv\/\"},{\"@type\":\"ListItem\",\"position\":2,\"name\":\"Paketes\",\"item\":\"https:\/\/vana.vspa.ee\/paketid\/\"},{\"@type\":\"ListItem\",\"position\":3,\"name\":\"Iedvesmojo\u0161\u0101 jaun\u012bba diviem\"}]},{\"@type\":\"WebSite\",\"@id\":\"https:\/\/vana.vspa.ee\/#website\",\"url\":\"https:\/\/vana.vspa.ee\/\",\"name\":\"V Spa\",\"description\":\"V\u00f5ta veest viimast!\",\"potentialAction\":[{\"@type\":\"SearchAction\",\"target\":{\"@type\":\"EntryPoint\",\"urlTemplate\":\"https:\/\/vana.vspa.ee\/?s={search_term_string}\"},\"query-input\":{\"@type\":\"PropertyValueSpecification\",\"valueRequired\":true,\"valueName\":\"search_term_string\"}}],\"inLanguage\":\"lv-LV\"}]}<\/script>\n<!-- \/ Yoast SEO plugin. -->","yoast_head_json":{"title":"Iedvesmojo\u0161\u0101 jaun\u012bba diviem - V Spa","robots":{"index":"noindex","follow":"follow","max-snippet":"max-snippet:-1","max-image-preview":"max-image-preview:large","max-video-preview":"max-video-preview:-1"},"og_locale":"lv_LV","og_type":"article","og_title":"Iedvesmojo\u0161\u0101 jaun\u012bba diviem - V Spa","og_description":"Spa apmekl\u0113jums ar pirts un s\u0101ls pasaules apmekl\u0113jumu\u00a04 stundas Dzi\u013ci mitrino\u0161a ka\u0146epju e\u013c\u013cas mas\u0101\u017ea 45 min\u016btes diviem Uzmundrino\u0161a sejas kop\u0161anas...","og_url":"https:\/\/vana.vspa.ee\/paketid\/vaimustav-noorus\/","og_site_name":"V Spa","article_modified_time":"2024-01-09T09:28:12+00:00","twitter_card":"summary_large_image","twitter_misc":{"Est. reading time":"1 min\u016b\u0161u"},"schema":{"@context":"https:\/\/schema.org","@graph":[{"@type":"WebPage","@id":"https:\/\/vana.vspa.ee\/paketid\/vaimustav-noorus\/","url":"https:\/\/vana.vspa.ee\/paketid\/vaimustav-noorus\/","name":"Iedvesmojo\u0161\u0101 jaun\u012bba diviem - V Spa","isPartOf":{"@id":"https:\/\/vana.vspa.ee\/#website"},"datePublished":"2017-10-27T11:15:58+00:00","dateModified":"2024-01-09T09:28:12+00:00","breadcrumb":{"@id":"https:\/\/vana.vspa.ee\/paketid\/vaimustav-noorus\/#breadcrumb"},"inLanguage":"lv-LV","potentialAction":[{"@type":"ReadAction","target":["https:\/\/vana.vspa.ee\/paketid\/vaimustav-noorus\/"]}]},{"@type":"BreadcrumbList","@id":"https:\/\/vana.vspa.ee\/paketid\/vaimustav-noorus\/#breadcrumb","itemListElement":[{"@type":"ListItem","position":1,"name":"Home","item":"https:\/\/vana.vspa.ee\/lv\/"},{"@type":"ListItem","position":2,"name":"Paketes","item":"https:\/\/vana.vspa.ee\/paketid\/"},{"@type":"ListItem","position":3,"name":"Iedvesmojo\u0161\u0101 jaun\u012bba diviem"}]},{"@type":"WebSite","@id":"https:\/\/vana.vspa.ee\/#website","url":"https:\/\/vana.vspa.ee\/","name":"V Spa","description":"V\u00f5ta veest viimast!","potentialAction":[{"@type":"SearchAction","target":{"@type":"EntryPoint","urlTemplate":"https:\/\/vana.vspa.ee\/?s={search_term_string}"},"query-input":{"@type":"PropertyValueSpecification","valueRequired":true,"valueName":"search_term_string"}}],"inLanguage":"lv-LV"}]}},"_links":{"self":[{"href":"https:\/\/vana.vspa.ee\/lv\/wp-json\/wp\/v2\/pages\/8040","targetHints":{"allow":["GET"]}}],"collection":[{"href":"https:\/\/vana.vspa.ee\/lv\/wp-json\/wp\/v2\/pages"}],"about":[{"href":"https:\/\/vana.vspa.ee\/lv\/wp-json\/wp\/v2\/types\/page"}],"author":[{"embeddable":true,"href":"https:\/\/vana.vspa.ee\/lv\/wp-json\/wp\/v2\/users\/1"}],"replies":[{"embeddable":true,"href":"https:\/\/vana.vspa.ee\/lv\/wp-json\/wp\/v2\/comments?post=8040"}],"version-history":[{"count":4,"href":"https:\/\/vana.vspa.ee\/lv\/wp-json\/wp\/v2\/pages\/8040\/revisions"}],"predecessor-version":[{"id":43502,"href":"https:\/\/vana.vspa.ee\/lv\/wp-json\/wp\/v2\/pages\/8040\/revisions\/43502"}],"up":[{"embeddable":true,"href":"https:\/\/vana.vspa.ee\/lv\/wp-json\/wp\/v2\/pages\/1096"}],"wp:attachment":[{"href":"https:\/\/vana.vspa.ee\/lv\/wp-json\/wp\/v2\/media?parent=8040"}],"curies":[{"name":"wp","href":"https:\/\/api.w.org\/{rel}","templated":true}]}}