{"id":8044,"date":"2017-10-27T15:28:41","date_gmt":"2017-10-27T12:28:41","guid":{"rendered":"https:\/\/vspa.ee\/paketes\/virgutav-puhastus\/"},"modified":"2024-01-09T11:31:25","modified_gmt":"2024-01-09T09:31:25","slug":"virgutav-puhastus","status":"publish","type":"page","link":"https:\/\/vana.vspa.ee\/lv\/paketes\/virgutav-puhastus\/","title":{"rendered":"Uzmundrino\u0161\u0101 att\u012br\u012b\u0161n\u0101s"},"content":{"rendered":"<p><a href=\"https:\/\/vspa.ee\/lv\/rituali\/toksiine-valjutav-ja-loogastav-jalahoolitsus-maskiga\/\" class=\"broken_link\">Relaks\u0113jo\u0161a un mitrino\u0161a k\u0101ju proced\u016bra<\/a> 45 min\u016btes<\/p>\n<p class=\"offer-title\"><a href=\"https:\/\/vspa.ee\/lv\/rituali\/marokohonguline-loogastav-ja-puhastav-kehahoolitsus\/\">Marokas iedvesmota releks\u0113jo\u0161a un att\u012bro\u0161a \u0137erme\u0146a un sejas kop\u0161anas proced\u016bra<\/a>\u00a075 min\u016btes<\/p>\n<p>Att\u012bro\u0161a sejas kop\u0161anas proced\u016bra &#8211; Puret\u00e9 30 min\u016btes<\/p>\n","protected":false},"excerpt":{"rendered":"<p>Relaks\u0113jo\u0161a un mitrino\u0161a k\u0101ju proced\u016bra 45 min\u016btes Marokas iedvesmota releks\u0113jo\u0161a un att\u012bro\u0161a \u0137erme\u0146a un sejas kop\u0161anas proced\u016bra\u00a075 min\u016btes Att\u012bro\u0161a sejas&#8230;<\/p>\n","protected":false},"author":1,"featured_media":0,"parent":1096,"menu_order":8,"comment_status":"closed","ping_status":"closed","template":"page-templates\/tpl-offer2.php","meta":{"_acf_changed":false,"_monsterinsights_skip_tracking":false,"_monsterinsights_sitenote_active":false,"_monsterinsights_sitenote_note":"","_monsterinsights_sitenote_category":0,"footnotes":"","_links_to":"","_links_to_target":""},"class_list":["post-8044","page","type-page","status-publish","hentry"],"acf":[],"yoast_head":"<!-- This site is optimized with the Yoast SEO plugin v24.7 - https:\/\/yoast.com\/wordpress\/plugins\/seo\/ -->\n<title>Uzmundrino\u0161\u0101 att\u012br\u012b\u0161n\u0101s - V Spa<\/title>\n<meta name=\"robots\" content=\"noindex, follow, max-snippet:-1, max-image-preview:large, max-video-preview:-1\" \/>\n<meta property=\"og:locale\" content=\"lv_LV\" \/>\n<meta property=\"og:type\" content=\"article\" \/>\n<meta property=\"og:title\" content=\"Uzmundrino\u0161\u0101 att\u012br\u012b\u0161n\u0101s - V Spa\" \/>\n<meta property=\"og:description\" content=\"Relaks\u0113jo\u0161a un mitrino\u0161a k\u0101ju proced\u016bra 45 min\u016btes Marokas iedvesmota releks\u0113jo\u0161a un att\u012bro\u0161a \u0137erme\u0146a un sejas kop\u0161anas proced\u016bra\u00a075 min\u016btes Att\u012bro\u0161a sejas...\" \/>\n<meta property=\"og:url\" content=\"https:\/\/vana.vspa.ee\/paketid\/virgutav-puhastus\/\" \/>\n<meta property=\"og:site_name\" content=\"V Spa\" \/>\n<meta property=\"article:modified_time\" content=\"2024-01-09T09:31:25+00:00\" \/>\n<meta name=\"twitter:card\" content=\"summary_large_image\" \/>\n<meta name=\"twitter:label1\" content=\"Est. reading time\" \/>\n\t<meta name=\"twitter:data1\" content=\"1 min\u016b\u0161u\" \/>\n<script type=\"application\/ld+json\" class=\"yoast-schema-graph\">{\"@context\":\"https:\/\/schema.org\",\"@graph\":[{\"@type\":\"WebPage\",\"@id\":\"https:\/\/vana.vspa.ee\/paketid\/virgutav-puhastus\/\",\"url\":\"https:\/\/vana.vspa.ee\/paketid\/virgutav-puhastus\/\",\"name\":\"Uzmundrino\u0161\u0101 att\u012br\u012b\u0161n\u0101s - V Spa\",\"isPartOf\":{\"@id\":\"https:\/\/vana.vspa.ee\/#website\"},\"datePublished\":\"2017-10-27T12:28:41+00:00\",\"dateModified\":\"2024-01-09T09:31:25+00:00\",\"breadcrumb\":{\"@id\":\"https:\/\/vana.vspa.ee\/paketid\/virgutav-puhastus\/#breadcrumb\"},\"inLanguage\":\"lv-LV\",\"potentialAction\":[{\"@type\":\"ReadAction\",\"target\":[\"https:\/\/vana.vspa.ee\/paketid\/virgutav-puhastus\/\"]}]},{\"@type\":\"BreadcrumbList\",\"@id\":\"https:\/\/vana.vspa.ee\/paketid\/virgutav-puhastus\/#breadcrumb\",\"itemListElement\":[{\"@type\":\"ListItem\",\"position\":1,\"name\":\"Home\",\"item\":\"https:\/\/vana.vspa.ee\/lv\/\"},{\"@type\":\"ListItem\",\"position\":2,\"name\":\"Paketes\",\"item\":\"https:\/\/vana.vspa.ee\/paketid\/\"},{\"@type\":\"ListItem\",\"position\":3,\"name\":\"Uzmundrino\u0161\u0101 att\u012br\u012b\u0161n\u0101s\"}]},{\"@type\":\"WebSite\",\"@id\":\"https:\/\/vana.vspa.ee\/#website\",\"url\":\"https:\/\/vana.vspa.ee\/\",\"name\":\"V Spa\",\"description\":\"V\u00f5ta veest viimast!\",\"potentialAction\":[{\"@type\":\"SearchAction\",\"target\":{\"@type\":\"EntryPoint\",\"urlTemplate\":\"https:\/\/vana.vspa.ee\/?s={search_term_string}\"},\"query-input\":{\"@type\":\"PropertyValueSpecification\",\"valueRequired\":true,\"valueName\":\"search_term_string\"}}],\"inLanguage\":\"lv-LV\"}]}<\/script>\n<!-- \/ Yoast SEO plugin. -->","yoast_head_json":{"title":"Uzmundrino\u0161\u0101 att\u012br\u012b\u0161n\u0101s - V Spa","robots":{"index":"noindex","follow":"follow","max-snippet":"max-snippet:-1","max-image-preview":"max-image-preview:large","max-video-preview":"max-video-preview:-1"},"og_locale":"lv_LV","og_type":"article","og_title":"Uzmundrino\u0161\u0101 att\u012br\u012b\u0161n\u0101s - V Spa","og_description":"Relaks\u0113jo\u0161a un mitrino\u0161a k\u0101ju proced\u016bra 45 min\u016btes Marokas iedvesmota releks\u0113jo\u0161a un att\u012bro\u0161a \u0137erme\u0146a un sejas kop\u0161anas proced\u016bra\u00a075 min\u016btes Att\u012bro\u0161a sejas...","og_url":"https:\/\/vana.vspa.ee\/paketid\/virgutav-puhastus\/","og_site_name":"V Spa","article_modified_time":"2024-01-09T09:31:25+00:00","twitter_card":"summary_large_image","twitter_misc":{"Est. reading time":"1 min\u016b\u0161u"},"schema":{"@context":"https:\/\/schema.org","@graph":[{"@type":"WebPage","@id":"https:\/\/vana.vspa.ee\/paketid\/virgutav-puhastus\/","url":"https:\/\/vana.vspa.ee\/paketid\/virgutav-puhastus\/","name":"Uzmundrino\u0161\u0101 att\u012br\u012b\u0161n\u0101s - V Spa","isPartOf":{"@id":"https:\/\/vana.vspa.ee\/#website"},"datePublished":"2017-10-27T12:28:41+00:00","dateModified":"2024-01-09T09:31:25+00:00","breadcrumb":{"@id":"https:\/\/vana.vspa.ee\/paketid\/virgutav-puhastus\/#breadcrumb"},"inLanguage":"lv-LV","potentialAction":[{"@type":"ReadAction","target":["https:\/\/vana.vspa.ee\/paketid\/virgutav-puhastus\/"]}]},{"@type":"BreadcrumbList","@id":"https:\/\/vana.vspa.ee\/paketid\/virgutav-puhastus\/#breadcrumb","itemListElement":[{"@type":"ListItem","position":1,"name":"Home","item":"https:\/\/vana.vspa.ee\/lv\/"},{"@type":"ListItem","position":2,"name":"Paketes","item":"https:\/\/vana.vspa.ee\/paketid\/"},{"@type":"ListItem","position":3,"name":"Uzmundrino\u0161\u0101 att\u012br\u012b\u0161n\u0101s"}]},{"@type":"WebSite","@id":"https:\/\/vana.vspa.ee\/#website","url":"https:\/\/vana.vspa.ee\/","name":"V Spa","description":"V\u00f5ta veest viimast!","potentialAction":[{"@type":"SearchAction","target":{"@type":"EntryPoint","urlTemplate":"https:\/\/vana.vspa.ee\/?s={search_term_string}"},"query-input":{"@type":"PropertyValueSpecification","valueRequired":true,"valueName":"search_term_string"}}],"inLanguage":"lv-LV"}]}},"_links":{"self":[{"href":"https:\/\/vana.vspa.ee\/lv\/wp-json\/wp\/v2\/pages\/8044","targetHints":{"allow":["GET"]}}],"collection":[{"href":"https:\/\/vana.vspa.ee\/lv\/wp-json\/wp\/v2\/pages"}],"about":[{"href":"https:\/\/vana.vspa.ee\/lv\/wp-json\/wp\/v2\/types\/page"}],"author":[{"embeddable":true,"href":"https:\/\/vana.vspa.ee\/lv\/wp-json\/wp\/v2\/users\/1"}],"replies":[{"embeddable":true,"href":"https:\/\/vana.vspa.ee\/lv\/wp-json\/wp\/v2\/comments?post=8044"}],"version-history":[{"count":7,"href":"https:\/\/vana.vspa.ee\/lv\/wp-json\/wp\/v2\/pages\/8044\/revisions"}],"predecessor-version":[{"id":43507,"href":"https:\/\/vana.vspa.ee\/lv\/wp-json\/wp\/v2\/pages\/8044\/revisions\/43507"}],"up":[{"embeddable":true,"href":"https:\/\/vana.vspa.ee\/lv\/wp-json\/wp\/v2\/pages\/1096"}],"wp:attachment":[{"href":"https:\/\/vana.vspa.ee\/lv\/wp-json\/wp\/v2\/media?parent=8044"}],"curies":[{"name":"wp","href":"https:\/\/api.w.org\/{rel}","templated":true}]}}