{"id":8051,"date":"2017-10-27T15:38:07","date_gmt":"2017-10-27T12:38:07","guid":{"rendered":"https:\/\/vspa.ee\/paketes\/varvikas-luksus-naisele\/"},"modified":"2024-01-09T11:37:53","modified_gmt":"2024-01-09T09:37:53","slug":"varvikas-luksus-naisele","status":"publish","type":"page","link":"https:\/\/vana.vspa.ee\/lv\/paketes\/varvikas-luksus-naisele\/","title":{"rendered":"Kr\u0101sainais luksuss d\u0101mai"},"content":{"rendered":"<p><a href=\"https:\/\/vspa.ee\/lv\/rituali\/zelta-piladza-kermena-kopsanas-procedura-ar-vannu\/\" class=\"broken_link\">Zelta-p\u012bl\u0101d\u017ea \u0137erme\u0146a kop\u0161anas proced\u016bra ar vannu<\/a>\u00a060 min\u016btes<\/p>\n<p class=\"offer-title\">Uzmundrino\u0161a sejas kop\u0161anas proced\u016bra 45 min\u016btes<\/p>\n<p><a href=\"https:\/\/vspa.ee\/lv\/rituali\/klasiska-kaju-kopsanas-procedura\/\" class=\"broken_link\">Klasisk\u0101 k\u0101ju kop\u0161anas proced\u016bra<\/a>\u00a060 min\u016btes<\/p>\n","protected":false},"excerpt":{"rendered":"<p>Zelta-p\u012bl\u0101d\u017ea \u0137erme\u0146a kop\u0161anas proced\u016bra ar vannu\u00a060 min\u016btes Uzmundrino\u0161a sejas kop\u0161anas proced\u016bra 45 min\u016btes Klasisk\u0101 k\u0101ju kop\u0161anas proced\u016bra\u00a060 min\u016btes<\/p>\n","protected":false},"author":1,"featured_media":0,"parent":1096,"menu_order":10,"comment_status":"closed","ping_status":"closed","template":"page-templates\/tpl-offer2.php","meta":{"_acf_changed":false,"_monsterinsights_skip_tracking":false,"_monsterinsights_sitenote_active":false,"_monsterinsights_sitenote_note":"","_monsterinsights_sitenote_category":0,"footnotes":"","_links_to":"","_links_to_target":""},"class_list":["post-8051","page","type-page","status-publish","hentry"],"acf":[],"yoast_head":"<!-- This site is optimized with the Yoast SEO plugin v24.7 - https:\/\/yoast.com\/wordpress\/plugins\/seo\/ -->\n<title>Kr\u0101sainais luksuss d\u0101mai - V Spa<\/title>\n<meta name=\"robots\" content=\"noindex, follow, max-snippet:-1, max-image-preview:large, max-video-preview:-1\" \/>\n<meta property=\"og:locale\" content=\"lv_LV\" \/>\n<meta property=\"og:type\" content=\"article\" \/>\n<meta property=\"og:title\" content=\"Kr\u0101sainais luksuss d\u0101mai - V Spa\" \/>\n<meta property=\"og:description\" content=\"Zelta-p\u012bl\u0101d\u017ea \u0137erme\u0146a kop\u0161anas proced\u016bra ar vannu\u00a060 min\u016btes Uzmundrino\u0161a sejas kop\u0161anas proced\u016bra 45 min\u016btes Klasisk\u0101 k\u0101ju kop\u0161anas proced\u016bra\u00a060 min\u016btes\" \/>\n<meta property=\"og:url\" content=\"https:\/\/vana.vspa.ee\/paketid\/varvikas-luksus-naisele\/\" \/>\n<meta property=\"og:site_name\" content=\"V Spa\" \/>\n<meta property=\"article:modified_time\" content=\"2024-01-09T09:37:53+00:00\" \/>\n<meta name=\"twitter:card\" content=\"summary_large_image\" \/>\n<meta name=\"twitter:label1\" content=\"Est. reading time\" \/>\n\t<meta name=\"twitter:data1\" content=\"1 min\u016b\u0161u\" \/>\n<script type=\"application\/ld+json\" class=\"yoast-schema-graph\">{\"@context\":\"https:\/\/schema.org\",\"@graph\":[{\"@type\":\"WebPage\",\"@id\":\"https:\/\/vana.vspa.ee\/paketid\/varvikas-luksus-naisele\/\",\"url\":\"https:\/\/vana.vspa.ee\/paketid\/varvikas-luksus-naisele\/\",\"name\":\"Kr\u0101sainais luksuss d\u0101mai - V Spa\",\"isPartOf\":{\"@id\":\"https:\/\/vana.vspa.ee\/#website\"},\"datePublished\":\"2017-10-27T12:38:07+00:00\",\"dateModified\":\"2024-01-09T09:37:53+00:00\",\"breadcrumb\":{\"@id\":\"https:\/\/vana.vspa.ee\/paketid\/varvikas-luksus-naisele\/#breadcrumb\"},\"inLanguage\":\"lv-LV\",\"potentialAction\":[{\"@type\":\"ReadAction\",\"target\":[\"https:\/\/vana.vspa.ee\/paketid\/varvikas-luksus-naisele\/\"]}]},{\"@type\":\"BreadcrumbList\",\"@id\":\"https:\/\/vana.vspa.ee\/paketid\/varvikas-luksus-naisele\/#breadcrumb\",\"itemListElement\":[{\"@type\":\"ListItem\",\"position\":1,\"name\":\"Home\",\"item\":\"https:\/\/vana.vspa.ee\/lv\/\"},{\"@type\":\"ListItem\",\"position\":2,\"name\":\"Paketes\",\"item\":\"https:\/\/vana.vspa.ee\/paketid\/\"},{\"@type\":\"ListItem\",\"position\":3,\"name\":\"Kr\u0101sainais luksuss d\u0101mai\"}]},{\"@type\":\"WebSite\",\"@id\":\"https:\/\/vana.vspa.ee\/#website\",\"url\":\"https:\/\/vana.vspa.ee\/\",\"name\":\"V Spa\",\"description\":\"V\u00f5ta veest viimast!\",\"potentialAction\":[{\"@type\":\"SearchAction\",\"target\":{\"@type\":\"EntryPoint\",\"urlTemplate\":\"https:\/\/vana.vspa.ee\/?s={search_term_string}\"},\"query-input\":{\"@type\":\"PropertyValueSpecification\",\"valueRequired\":true,\"valueName\":\"search_term_string\"}}],\"inLanguage\":\"lv-LV\"}]}<\/script>\n<!-- \/ Yoast SEO plugin. -->","yoast_head_json":{"title":"Kr\u0101sainais luksuss d\u0101mai - V Spa","robots":{"index":"noindex","follow":"follow","max-snippet":"max-snippet:-1","max-image-preview":"max-image-preview:large","max-video-preview":"max-video-preview:-1"},"og_locale":"lv_LV","og_type":"article","og_title":"Kr\u0101sainais luksuss d\u0101mai - V Spa","og_description":"Zelta-p\u012bl\u0101d\u017ea \u0137erme\u0146a kop\u0161anas proced\u016bra ar vannu\u00a060 min\u016btes Uzmundrino\u0161a sejas kop\u0161anas proced\u016bra 45 min\u016btes Klasisk\u0101 k\u0101ju kop\u0161anas proced\u016bra\u00a060 min\u016btes","og_url":"https:\/\/vana.vspa.ee\/paketid\/varvikas-luksus-naisele\/","og_site_name":"V Spa","article_modified_time":"2024-01-09T09:37:53+00:00","twitter_card":"summary_large_image","twitter_misc":{"Est. reading time":"1 min\u016b\u0161u"},"schema":{"@context":"https:\/\/schema.org","@graph":[{"@type":"WebPage","@id":"https:\/\/vana.vspa.ee\/paketid\/varvikas-luksus-naisele\/","url":"https:\/\/vana.vspa.ee\/paketid\/varvikas-luksus-naisele\/","name":"Kr\u0101sainais luksuss d\u0101mai - V Spa","isPartOf":{"@id":"https:\/\/vana.vspa.ee\/#website"},"datePublished":"2017-10-27T12:38:07+00:00","dateModified":"2024-01-09T09:37:53+00:00","breadcrumb":{"@id":"https:\/\/vana.vspa.ee\/paketid\/varvikas-luksus-naisele\/#breadcrumb"},"inLanguage":"lv-LV","potentialAction":[{"@type":"ReadAction","target":["https:\/\/vana.vspa.ee\/paketid\/varvikas-luksus-naisele\/"]}]},{"@type":"BreadcrumbList","@id":"https:\/\/vana.vspa.ee\/paketid\/varvikas-luksus-naisele\/#breadcrumb","itemListElement":[{"@type":"ListItem","position":1,"name":"Home","item":"https:\/\/vana.vspa.ee\/lv\/"},{"@type":"ListItem","position":2,"name":"Paketes","item":"https:\/\/vana.vspa.ee\/paketid\/"},{"@type":"ListItem","position":3,"name":"Kr\u0101sainais luksuss d\u0101mai"}]},{"@type":"WebSite","@id":"https:\/\/vana.vspa.ee\/#website","url":"https:\/\/vana.vspa.ee\/","name":"V Spa","description":"V\u00f5ta veest viimast!","potentialAction":[{"@type":"SearchAction","target":{"@type":"EntryPoint","urlTemplate":"https:\/\/vana.vspa.ee\/?s={search_term_string}"},"query-input":{"@type":"PropertyValueSpecification","valueRequired":true,"valueName":"search_term_string"}}],"inLanguage":"lv-LV"}]}},"_links":{"self":[{"href":"https:\/\/vana.vspa.ee\/lv\/wp-json\/wp\/v2\/pages\/8051","targetHints":{"allow":["GET"]}}],"collection":[{"href":"https:\/\/vana.vspa.ee\/lv\/wp-json\/wp\/v2\/pages"}],"about":[{"href":"https:\/\/vana.vspa.ee\/lv\/wp-json\/wp\/v2\/types\/page"}],"author":[{"embeddable":true,"href":"https:\/\/vana.vspa.ee\/lv\/wp-json\/wp\/v2\/users\/1"}],"replies":[{"embeddable":true,"href":"https:\/\/vana.vspa.ee\/lv\/wp-json\/wp\/v2\/comments?post=8051"}],"version-history":[{"count":5,"href":"https:\/\/vana.vspa.ee\/lv\/wp-json\/wp\/v2\/pages\/8051\/revisions"}],"predecessor-version":[{"id":43517,"href":"https:\/\/vana.vspa.ee\/lv\/wp-json\/wp\/v2\/pages\/8051\/revisions\/43517"}],"up":[{"embeddable":true,"href":"https:\/\/vana.vspa.ee\/lv\/wp-json\/wp\/v2\/pages\/1096"}],"wp:attachment":[{"href":"https:\/\/vana.vspa.ee\/lv\/wp-json\/wp\/v2\/media?parent=8051"}],"curies":[{"name":"wp","href":"https:\/\/api.w.org\/{rel}","templated":true}]}}