{"id":8054,"date":"2017-10-27T15:52:45","date_gmt":"2017-10-27T12:52:45","guid":{"rendered":"https:\/\/vspa.ee\/paketes\/vorratu-kingitus-kahele\/"},"modified":"2024-01-09T11:45:28","modified_gmt":"2024-01-09T09:45:28","slug":"vorratu-kingitus-kahele","status":"publish","type":"page","link":"https:\/\/vana.vspa.ee\/lv\/paketes\/vorratu-kingitus-kahele\/","title":{"rendered":"Br\u012bni\u0161\u0137\u012bga d\u0101vana diviem"},"content":{"rendered":"<p><a href=\"https:\/\/vspa.ee\/lv\/udens-un-pirts-centrs\/udens-un-pirts-centrs\/\" class=\"broken_link\">Spa apmekl\u0113jums ar pirts un s\u0101ls pasaules apmekl\u0113jumu<\/a> 4 stundas<\/p>\n<p>Romantiska sarkanv\u012bna mas\u0101\u017eas \u0137erme\u0146a proced\u016bra diviem 45 min\u016btes<\/p>\n<p><a href=\"https:\/\/vspa.ee\/lv\/rituali\/garra-rufa-atra-kaju-kopsanas-procedura\/\" class=\"broken_link\">Garra Rufa \u0101tr\u0101 k\u0101ju kop\u0161anas proced\u016bra<\/a>\u00a020 min\u016btes<\/p>\n<p>* Ide\u0101ls p\u0101riem laika pavad\u012b\u0161anai romantisk\u0101 gaisotn\u0113<\/p>\n","protected":false},"excerpt":{"rendered":"<p>Spa apmekl\u0113jums ar pirts un s\u0101ls pasaules apmekl\u0113jumu 4 stundas Romantiska sarkanv\u012bna mas\u0101\u017eas \u0137erme\u0146a proced\u016bra diviem 45 min\u016btes Garra Rufa&#8230;<\/p>\n","protected":false},"author":1,"featured_media":0,"parent":1096,"menu_order":12,"comment_status":"closed","ping_status":"closed","template":"page-templates\/tpl-offer2.php","meta":{"_acf_changed":false,"_monsterinsights_skip_tracking":false,"_monsterinsights_sitenote_active":false,"_monsterinsights_sitenote_note":"","_monsterinsights_sitenote_category":0,"footnotes":"","_links_to":"","_links_to_target":""},"class_list":["post-8054","page","type-page","status-publish","hentry"],"acf":[],"yoast_head":"<!-- This site is optimized with the Yoast SEO plugin v24.7 - https:\/\/yoast.com\/wordpress\/plugins\/seo\/ -->\n<title>Br\u012bni\u0161\u0137\u012bga d\u0101vana diviem - V Spa<\/title>\n<meta name=\"robots\" content=\"noindex, follow, max-snippet:-1, max-image-preview:large, max-video-preview:-1\" \/>\n<meta property=\"og:locale\" content=\"lv_LV\" \/>\n<meta property=\"og:type\" content=\"article\" \/>\n<meta property=\"og:title\" content=\"Br\u012bni\u0161\u0137\u012bga d\u0101vana diviem - V Spa\" \/>\n<meta property=\"og:description\" content=\"Spa apmekl\u0113jums ar pirts un s\u0101ls pasaules apmekl\u0113jumu 4 stundas Romantiska sarkanv\u012bna mas\u0101\u017eas \u0137erme\u0146a proced\u016bra diviem 45 min\u016btes Garra Rufa...\" \/>\n<meta property=\"og:url\" content=\"https:\/\/vana.vspa.ee\/paketid\/vorratu-kingitus-kahele\/\" \/>\n<meta property=\"og:site_name\" content=\"V Spa\" \/>\n<meta property=\"article:modified_time\" content=\"2024-01-09T09:45:28+00:00\" \/>\n<meta name=\"twitter:card\" content=\"summary_large_image\" \/>\n<meta name=\"twitter:label1\" content=\"Est. reading time\" \/>\n\t<meta name=\"twitter:data1\" content=\"1 min\u016b\u0161u\" \/>\n<script type=\"application\/ld+json\" class=\"yoast-schema-graph\">{\"@context\":\"https:\/\/schema.org\",\"@graph\":[{\"@type\":\"WebPage\",\"@id\":\"https:\/\/vana.vspa.ee\/paketid\/vorratu-kingitus-kahele\/\",\"url\":\"https:\/\/vana.vspa.ee\/paketid\/vorratu-kingitus-kahele\/\",\"name\":\"Br\u012bni\u0161\u0137\u012bga d\u0101vana diviem - V Spa\",\"isPartOf\":{\"@id\":\"https:\/\/vana.vspa.ee\/#website\"},\"datePublished\":\"2017-10-27T12:52:45+00:00\",\"dateModified\":\"2024-01-09T09:45:28+00:00\",\"breadcrumb\":{\"@id\":\"https:\/\/vana.vspa.ee\/paketid\/vorratu-kingitus-kahele\/#breadcrumb\"},\"inLanguage\":\"lv-LV\",\"potentialAction\":[{\"@type\":\"ReadAction\",\"target\":[\"https:\/\/vana.vspa.ee\/paketid\/vorratu-kingitus-kahele\/\"]}]},{\"@type\":\"BreadcrumbList\",\"@id\":\"https:\/\/vana.vspa.ee\/paketid\/vorratu-kingitus-kahele\/#breadcrumb\",\"itemListElement\":[{\"@type\":\"ListItem\",\"position\":1,\"name\":\"Home\",\"item\":\"https:\/\/vana.vspa.ee\/lv\/\"},{\"@type\":\"ListItem\",\"position\":2,\"name\":\"Paketes\",\"item\":\"https:\/\/vana.vspa.ee\/paketid\/\"},{\"@type\":\"ListItem\",\"position\":3,\"name\":\"Br\u012bni\u0161\u0137\u012bga d\u0101vana diviem\"}]},{\"@type\":\"WebSite\",\"@id\":\"https:\/\/vana.vspa.ee\/#website\",\"url\":\"https:\/\/vana.vspa.ee\/\",\"name\":\"V Spa\",\"description\":\"V\u00f5ta veest viimast!\",\"potentialAction\":[{\"@type\":\"SearchAction\",\"target\":{\"@type\":\"EntryPoint\",\"urlTemplate\":\"https:\/\/vana.vspa.ee\/?s={search_term_string}\"},\"query-input\":{\"@type\":\"PropertyValueSpecification\",\"valueRequired\":true,\"valueName\":\"search_term_string\"}}],\"inLanguage\":\"lv-LV\"}]}<\/script>\n<!-- \/ Yoast SEO plugin. -->","yoast_head_json":{"title":"Br\u012bni\u0161\u0137\u012bga d\u0101vana diviem - V Spa","robots":{"index":"noindex","follow":"follow","max-snippet":"max-snippet:-1","max-image-preview":"max-image-preview:large","max-video-preview":"max-video-preview:-1"},"og_locale":"lv_LV","og_type":"article","og_title":"Br\u012bni\u0161\u0137\u012bga d\u0101vana diviem - V Spa","og_description":"Spa apmekl\u0113jums ar pirts un s\u0101ls pasaules apmekl\u0113jumu 4 stundas Romantiska sarkanv\u012bna mas\u0101\u017eas \u0137erme\u0146a proced\u016bra diviem 45 min\u016btes Garra Rufa...","og_url":"https:\/\/vana.vspa.ee\/paketid\/vorratu-kingitus-kahele\/","og_site_name":"V Spa","article_modified_time":"2024-01-09T09:45:28+00:00","twitter_card":"summary_large_image","twitter_misc":{"Est. reading time":"1 min\u016b\u0161u"},"schema":{"@context":"https:\/\/schema.org","@graph":[{"@type":"WebPage","@id":"https:\/\/vana.vspa.ee\/paketid\/vorratu-kingitus-kahele\/","url":"https:\/\/vana.vspa.ee\/paketid\/vorratu-kingitus-kahele\/","name":"Br\u012bni\u0161\u0137\u012bga d\u0101vana diviem - V Spa","isPartOf":{"@id":"https:\/\/vana.vspa.ee\/#website"},"datePublished":"2017-10-27T12:52:45+00:00","dateModified":"2024-01-09T09:45:28+00:00","breadcrumb":{"@id":"https:\/\/vana.vspa.ee\/paketid\/vorratu-kingitus-kahele\/#breadcrumb"},"inLanguage":"lv-LV","potentialAction":[{"@type":"ReadAction","target":["https:\/\/vana.vspa.ee\/paketid\/vorratu-kingitus-kahele\/"]}]},{"@type":"BreadcrumbList","@id":"https:\/\/vana.vspa.ee\/paketid\/vorratu-kingitus-kahele\/#breadcrumb","itemListElement":[{"@type":"ListItem","position":1,"name":"Home","item":"https:\/\/vana.vspa.ee\/lv\/"},{"@type":"ListItem","position":2,"name":"Paketes","item":"https:\/\/vana.vspa.ee\/paketid\/"},{"@type":"ListItem","position":3,"name":"Br\u012bni\u0161\u0137\u012bga d\u0101vana diviem"}]},{"@type":"WebSite","@id":"https:\/\/vana.vspa.ee\/#website","url":"https:\/\/vana.vspa.ee\/","name":"V Spa","description":"V\u00f5ta veest viimast!","potentialAction":[{"@type":"SearchAction","target":{"@type":"EntryPoint","urlTemplate":"https:\/\/vana.vspa.ee\/?s={search_term_string}"},"query-input":{"@type":"PropertyValueSpecification","valueRequired":true,"valueName":"search_term_string"}}],"inLanguage":"lv-LV"}]}},"_links":{"self":[{"href":"https:\/\/vana.vspa.ee\/lv\/wp-json\/wp\/v2\/pages\/8054","targetHints":{"allow":["GET"]}}],"collection":[{"href":"https:\/\/vana.vspa.ee\/lv\/wp-json\/wp\/v2\/pages"}],"about":[{"href":"https:\/\/vana.vspa.ee\/lv\/wp-json\/wp\/v2\/types\/page"}],"author":[{"embeddable":true,"href":"https:\/\/vana.vspa.ee\/lv\/wp-json\/wp\/v2\/users\/1"}],"replies":[{"embeddable":true,"href":"https:\/\/vana.vspa.ee\/lv\/wp-json\/wp\/v2\/comments?post=8054"}],"version-history":[{"count":2,"href":"https:\/\/vana.vspa.ee\/lv\/wp-json\/wp\/v2\/pages\/8054\/revisions"}],"predecessor-version":[{"id":43529,"href":"https:\/\/vana.vspa.ee\/lv\/wp-json\/wp\/v2\/pages\/8054\/revisions\/43529"}],"up":[{"embeddable":true,"href":"https:\/\/vana.vspa.ee\/lv\/wp-json\/wp\/v2\/pages\/1096"}],"wp:attachment":[{"href":"https:\/\/vana.vspa.ee\/lv\/wp-json\/wp\/v2\/media?parent=8054"}],"curies":[{"name":"wp","href":"https:\/\/api.w.org\/{rel}","templated":true}]}}