{"id":8266,"date":"2017-11-01T10:48:42","date_gmt":"2017-11-01T08:48:42","guid":{"rendered":"https:\/\/vspa.ee\/rituali\/klassikaline-manikuur\/"},"modified":"2025-03-17T09:43:24","modified_gmt":"2025-03-17T07:43:24","slug":"klassikaline-manikuur","status":"publish","type":"page","link":"https:\/\/vana.vspa.ee\/lv\/rituali\/klassikaline-manikuur\/","title":{"rendered":"Klasiskais manik\u012brs"},"content":{"rendered":"<p>Klasiska roku un nagu apr\u016bpes proced\u016bra, kas piem\u0113rota k\u0101 ikdienas apr\u016bpe. Vispirms nagiem tiek pie\u0161\u0137irta v\u0113lam\u0101 forma un apr\u016bp\u0113tas kutikulas. Rokas tiek mitrin\u0101tas ar pat\u012bkami aromatiz\u0113tu un\u00a0 barojo\u0161u kr\u0113mu, k\u0101 ar\u012b nagu e\u013c\u013cu. Ja v\u0113laties, nagiem iesp\u0113jams uzkl\u0101t j\u016bsu izv\u0113l\u0113tu Orly Breathable nagulaku.<\/p>\n","protected":false},"excerpt":{"rendered":"<p>Klasiska roku un nagu apr\u016bpes proced\u016bra, kas piem\u0113rota k\u0101 ikdienas apr\u016bpe. Vispirms nagiem tiek pie\u0161\u0137irta v\u0113lam\u0101 forma un apr\u016bp\u0113tas kutikulas&#8230;.<\/p>\n","protected":false},"author":1,"featured_media":0,"parent":1094,"menu_order":14,"comment_status":"closed","ping_status":"closed","template":"page-templates\/tpl-offer1.php","meta":{"_acf_changed":false,"_monsterinsights_skip_tracking":false,"_monsterinsights_sitenote_active":false,"_monsterinsights_sitenote_note":"","_monsterinsights_sitenote_category":0,"footnotes":"","_links_to":"","_links_to_target":""},"class_list":["post-8266","page","type-page","status-publish","hentry"],"acf":[],"yoast_head":"<!-- This site is optimized with the Yoast SEO plugin v24.7 - https:\/\/yoast.com\/wordpress\/plugins\/seo\/ -->\n<title>Klasiskais manik\u012brs - V Spa<\/title>\n<meta name=\"robots\" content=\"noindex, follow, max-snippet:-1, max-image-preview:large, max-video-preview:-1\" \/>\n<meta property=\"og:locale\" content=\"lv_LV\" \/>\n<meta property=\"og:type\" content=\"article\" \/>\n<meta property=\"og:title\" content=\"Klasiskais manik\u012brs - V Spa\" \/>\n<meta property=\"og:description\" content=\"Klasiska roku un nagu apr\u016bpes proced\u016bra, kas piem\u0113rota k\u0101 ikdienas apr\u016bpe. Vispirms nagiem tiek pie\u0161\u0137irta v\u0113lam\u0101 forma un apr\u016bp\u0113tas kutikulas....\" \/>\n<meta property=\"og:url\" content=\"https:\/\/vana.vspa.ee\/hoolitsused\/klassikaline-manikuur\/\" \/>\n<meta property=\"og:site_name\" content=\"V Spa\" \/>\n<meta property=\"article:modified_time\" content=\"2025-03-17T07:43:24+00:00\" \/>\n<meta name=\"twitter:card\" content=\"summary_large_image\" \/>\n<meta name=\"twitter:label1\" content=\"Est. reading time\" \/>\n\t<meta name=\"twitter:data1\" content=\"1 min\u016b\u0161u\" \/>\n<script type=\"application\/ld+json\" class=\"yoast-schema-graph\">{\"@context\":\"https:\/\/schema.org\",\"@graph\":[{\"@type\":\"WebPage\",\"@id\":\"https:\/\/vana.vspa.ee\/hoolitsused\/klassikaline-manikuur\/\",\"url\":\"https:\/\/vana.vspa.ee\/hoolitsused\/klassikaline-manikuur\/\",\"name\":\"Klasiskais manik\u012brs - V Spa\",\"isPartOf\":{\"@id\":\"https:\/\/vana.vspa.ee\/#website\"},\"datePublished\":\"2017-11-01T08:48:42+00:00\",\"dateModified\":\"2025-03-17T07:43:24+00:00\",\"breadcrumb\":{\"@id\":\"https:\/\/vana.vspa.ee\/hoolitsused\/klassikaline-manikuur\/#breadcrumb\"},\"inLanguage\":\"lv-LV\",\"potentialAction\":[{\"@type\":\"ReadAction\",\"target\":[\"https:\/\/vana.vspa.ee\/hoolitsused\/klassikaline-manikuur\/\"]}]},{\"@type\":\"BreadcrumbList\",\"@id\":\"https:\/\/vana.vspa.ee\/hoolitsused\/klassikaline-manikuur\/#breadcrumb\",\"itemListElement\":[{\"@type\":\"ListItem\",\"position\":1,\"name\":\"Home\",\"item\":\"https:\/\/vana.vspa.ee\/lv\/\"},{\"@type\":\"ListItem\",\"position\":2,\"name\":\"Ritu\u0101li\",\"item\":\"https:\/\/vana.vspa.ee\/hoolitsused\/\"},{\"@type\":\"ListItem\",\"position\":3,\"name\":\"Klasiskais manik\u012brs\"}]},{\"@type\":\"WebSite\",\"@id\":\"https:\/\/vana.vspa.ee\/#website\",\"url\":\"https:\/\/vana.vspa.ee\/\",\"name\":\"V Spa\",\"description\":\"V\u00f5ta veest viimast!\",\"potentialAction\":[{\"@type\":\"SearchAction\",\"target\":{\"@type\":\"EntryPoint\",\"urlTemplate\":\"https:\/\/vana.vspa.ee\/?s={search_term_string}\"},\"query-input\":{\"@type\":\"PropertyValueSpecification\",\"valueRequired\":true,\"valueName\":\"search_term_string\"}}],\"inLanguage\":\"lv-LV\"}]}<\/script>\n<!-- \/ Yoast SEO plugin. -->","yoast_head_json":{"title":"Klasiskais manik\u012brs - V Spa","robots":{"index":"noindex","follow":"follow","max-snippet":"max-snippet:-1","max-image-preview":"max-image-preview:large","max-video-preview":"max-video-preview:-1"},"og_locale":"lv_LV","og_type":"article","og_title":"Klasiskais manik\u012brs - V Spa","og_description":"Klasiska roku un nagu apr\u016bpes proced\u016bra, kas piem\u0113rota k\u0101 ikdienas apr\u016bpe. Vispirms nagiem tiek pie\u0161\u0137irta v\u0113lam\u0101 forma un apr\u016bp\u0113tas kutikulas....","og_url":"https:\/\/vana.vspa.ee\/hoolitsused\/klassikaline-manikuur\/","og_site_name":"V Spa","article_modified_time":"2025-03-17T07:43:24+00:00","twitter_card":"summary_large_image","twitter_misc":{"Est. reading time":"1 min\u016b\u0161u"},"schema":{"@context":"https:\/\/schema.org","@graph":[{"@type":"WebPage","@id":"https:\/\/vana.vspa.ee\/hoolitsused\/klassikaline-manikuur\/","url":"https:\/\/vana.vspa.ee\/hoolitsused\/klassikaline-manikuur\/","name":"Klasiskais manik\u012brs - V Spa","isPartOf":{"@id":"https:\/\/vana.vspa.ee\/#website"},"datePublished":"2017-11-01T08:48:42+00:00","dateModified":"2025-03-17T07:43:24+00:00","breadcrumb":{"@id":"https:\/\/vana.vspa.ee\/hoolitsused\/klassikaline-manikuur\/#breadcrumb"},"inLanguage":"lv-LV","potentialAction":[{"@type":"ReadAction","target":["https:\/\/vana.vspa.ee\/hoolitsused\/klassikaline-manikuur\/"]}]},{"@type":"BreadcrumbList","@id":"https:\/\/vana.vspa.ee\/hoolitsused\/klassikaline-manikuur\/#breadcrumb","itemListElement":[{"@type":"ListItem","position":1,"name":"Home","item":"https:\/\/vana.vspa.ee\/lv\/"},{"@type":"ListItem","position":2,"name":"Ritu\u0101li","item":"https:\/\/vana.vspa.ee\/hoolitsused\/"},{"@type":"ListItem","position":3,"name":"Klasiskais manik\u012brs"}]},{"@type":"WebSite","@id":"https:\/\/vana.vspa.ee\/#website","url":"https:\/\/vana.vspa.ee\/","name":"V Spa","description":"V\u00f5ta veest viimast!","potentialAction":[{"@type":"SearchAction","target":{"@type":"EntryPoint","urlTemplate":"https:\/\/vana.vspa.ee\/?s={search_term_string}"},"query-input":{"@type":"PropertyValueSpecification","valueRequired":true,"valueName":"search_term_string"}}],"inLanguage":"lv-LV"}]}},"_links":{"self":[{"href":"https:\/\/vana.vspa.ee\/lv\/wp-json\/wp\/v2\/pages\/8266","targetHints":{"allow":["GET"]}}],"collection":[{"href":"https:\/\/vana.vspa.ee\/lv\/wp-json\/wp\/v2\/pages"}],"about":[{"href":"https:\/\/vana.vspa.ee\/lv\/wp-json\/wp\/v2\/types\/page"}],"author":[{"embeddable":true,"href":"https:\/\/vana.vspa.ee\/lv\/wp-json\/wp\/v2\/users\/1"}],"replies":[{"embeddable":true,"href":"https:\/\/vana.vspa.ee\/lv\/wp-json\/wp\/v2\/comments?post=8266"}],"version-history":[{"count":4,"href":"https:\/\/vana.vspa.ee\/lv\/wp-json\/wp\/v2\/pages\/8266\/revisions"}],"predecessor-version":[{"id":49493,"href":"https:\/\/vana.vspa.ee\/lv\/wp-json\/wp\/v2\/pages\/8266\/revisions\/49493"}],"up":[{"embeddable":true,"href":"https:\/\/vana.vspa.ee\/lv\/wp-json\/wp\/v2\/pages\/1094"}],"wp:attachment":[{"href":"https:\/\/vana.vspa.ee\/lv\/wp-json\/wp\/v2\/media?parent=8266"}],"curies":[{"name":"wp","href":"https:\/\/api.w.org\/{rel}","templated":true}]}}