{"id":8284,"date":"2017-10-26T14:32:26","date_gmt":"2017-10-26T11:32:26","guid":{"rendered":"https:\/\/vspa.ee\/rituali\/hydradermie-hydralift\/"},"modified":"2024-11-28T14:45:24","modified_gmt":"2024-11-28T12:45:24","slug":"hydradermie-hydralift","status":"publish","type":"page","link":"https:\/\/vana.vspa.ee\/lv\/rituali\/hydradermie-hydralift\/","title":{"rendered":"Hydradermie + Hydralift"},"content":{"rendered":"<p><strong>GUINOT<\/strong> ritu\u0101ls sejas \u0101das un muskulat\u016bras tonusa uzlabo\u0161anai, kas sev\u012b iek\u013cauj divas mitrino\u0161as, detoks\u0113jo\u0161as un tonsu uzlabojo\u0161as proced\u016bras. 90 min\u016btes ilgais ritu\u0101ls ir piem\u0113rots viesiem visos vecumos un padara \u0101du maigu un z\u012bdainu.<\/p>\n<p>Proced\u016br\u0101 izmantotie ritu\u0101li:<br \/>\n<a href=\"https:\/\/vspa.ee\/lv\/rituali\/hydradermie\/\">Hydradermie<\/a><br \/>\n<a href=\"https:\/\/vspa.ee\/lv\/rituali\/hydradermie-lift\/\" class=\"broken_link\">Hydrlift <\/a><\/p>\n","protected":false},"excerpt":{"rendered":"<p>GUINOT ritu\u0101ls sejas \u0101das un muskulat\u016bras tonusa uzlabo\u0161anai, kas sev\u012b iek\u013cauj divas mitrino\u0161as, detoks\u0113jo\u0161as un tonsu uzlabojo\u0161as proced\u016bras. 90 min\u016btes&#8230;<\/p>\n","protected":false},"author":1,"featured_media":0,"parent":1094,"menu_order":25,"comment_status":"closed","ping_status":"closed","template":"page-templates\/tpl-offer1.php","meta":{"_acf_changed":false,"_monsterinsights_skip_tracking":false,"_monsterinsights_sitenote_active":false,"_monsterinsights_sitenote_note":"","_monsterinsights_sitenote_category":0,"footnotes":"","_links_to":"","_links_to_target":""},"class_list":["post-8284","page","type-page","status-publish","hentry"],"acf":[],"yoast_head":"<!-- This site is optimized with the Yoast SEO plugin v24.7 - https:\/\/yoast.com\/wordpress\/plugins\/seo\/ -->\n<title>Hydradermie + Hydralift - V Spa<\/title>\n<meta name=\"robots\" content=\"noindex, follow, max-snippet:-1, max-image-preview:large, max-video-preview:-1\" \/>\n<meta property=\"og:locale\" content=\"lv_LV\" \/>\n<meta property=\"og:type\" content=\"article\" \/>\n<meta property=\"og:title\" content=\"Hydradermie + Hydralift - V Spa\" \/>\n<meta property=\"og:description\" content=\"GUINOT ritu\u0101ls sejas \u0101das un muskulat\u016bras tonusa uzlabo\u0161anai, kas sev\u012b iek\u013cauj divas mitrino\u0161as, detoks\u0113jo\u0161as un tonsu uzlabojo\u0161as proced\u016bras. 90 min\u016btes...\" \/>\n<meta property=\"og:url\" content=\"https:\/\/vana.vspa.ee\/hoolitsused\/hydradermie-hydralift\/\" \/>\n<meta property=\"og:site_name\" content=\"V Spa\" \/>\n<meta property=\"article:modified_time\" content=\"2024-11-28T12:45:24+00:00\" \/>\n<meta name=\"twitter:card\" content=\"summary_large_image\" \/>\n<meta name=\"twitter:label1\" content=\"Est. reading time\" \/>\n\t<meta name=\"twitter:data1\" content=\"1 min\u016b\u0161u\" \/>\n<script type=\"application\/ld+json\" class=\"yoast-schema-graph\">{\"@context\":\"https:\/\/schema.org\",\"@graph\":[{\"@type\":\"WebPage\",\"@id\":\"https:\/\/vana.vspa.ee\/hoolitsused\/hydradermie-hydralift\/\",\"url\":\"https:\/\/vana.vspa.ee\/hoolitsused\/hydradermie-hydralift\/\",\"name\":\"Hydradermie + Hydralift - V Spa\",\"isPartOf\":{\"@id\":\"https:\/\/vana.vspa.ee\/#website\"},\"datePublished\":\"2017-10-26T11:32:26+00:00\",\"dateModified\":\"2024-11-28T12:45:24+00:00\",\"breadcrumb\":{\"@id\":\"https:\/\/vana.vspa.ee\/hoolitsused\/hydradermie-hydralift\/#breadcrumb\"},\"inLanguage\":\"lv-LV\",\"potentialAction\":[{\"@type\":\"ReadAction\",\"target\":[\"https:\/\/vana.vspa.ee\/hoolitsused\/hydradermie-hydralift\/\"]}]},{\"@type\":\"BreadcrumbList\",\"@id\":\"https:\/\/vana.vspa.ee\/hoolitsused\/hydradermie-hydralift\/#breadcrumb\",\"itemListElement\":[{\"@type\":\"ListItem\",\"position\":1,\"name\":\"Home\",\"item\":\"https:\/\/vana.vspa.ee\/lv\/\"},{\"@type\":\"ListItem\",\"position\":2,\"name\":\"Ritu\u0101li\",\"item\":\"https:\/\/vana.vspa.ee\/hoolitsused\/\"},{\"@type\":\"ListItem\",\"position\":3,\"name\":\"Hydradermie + Hydralift\"}]},{\"@type\":\"WebSite\",\"@id\":\"https:\/\/vana.vspa.ee\/#website\",\"url\":\"https:\/\/vana.vspa.ee\/\",\"name\":\"V Spa\",\"description\":\"V\u00f5ta veest viimast!\",\"potentialAction\":[{\"@type\":\"SearchAction\",\"target\":{\"@type\":\"EntryPoint\",\"urlTemplate\":\"https:\/\/vana.vspa.ee\/?s={search_term_string}\"},\"query-input\":{\"@type\":\"PropertyValueSpecification\",\"valueRequired\":true,\"valueName\":\"search_term_string\"}}],\"inLanguage\":\"lv-LV\"}]}<\/script>\n<!-- \/ Yoast SEO plugin. -->","yoast_head_json":{"title":"Hydradermie + Hydralift - V Spa","robots":{"index":"noindex","follow":"follow","max-snippet":"max-snippet:-1","max-image-preview":"max-image-preview:large","max-video-preview":"max-video-preview:-1"},"og_locale":"lv_LV","og_type":"article","og_title":"Hydradermie + Hydralift - V Spa","og_description":"GUINOT ritu\u0101ls sejas \u0101das un muskulat\u016bras tonusa uzlabo\u0161anai, kas sev\u012b iek\u013cauj divas mitrino\u0161as, detoks\u0113jo\u0161as un tonsu uzlabojo\u0161as proced\u016bras. 90 min\u016btes...","og_url":"https:\/\/vana.vspa.ee\/hoolitsused\/hydradermie-hydralift\/","og_site_name":"V Spa","article_modified_time":"2024-11-28T12:45:24+00:00","twitter_card":"summary_large_image","twitter_misc":{"Est. reading time":"1 min\u016b\u0161u"},"schema":{"@context":"https:\/\/schema.org","@graph":[{"@type":"WebPage","@id":"https:\/\/vana.vspa.ee\/hoolitsused\/hydradermie-hydralift\/","url":"https:\/\/vana.vspa.ee\/hoolitsused\/hydradermie-hydralift\/","name":"Hydradermie + Hydralift - V Spa","isPartOf":{"@id":"https:\/\/vana.vspa.ee\/#website"},"datePublished":"2017-10-26T11:32:26+00:00","dateModified":"2024-11-28T12:45:24+00:00","breadcrumb":{"@id":"https:\/\/vana.vspa.ee\/hoolitsused\/hydradermie-hydralift\/#breadcrumb"},"inLanguage":"lv-LV","potentialAction":[{"@type":"ReadAction","target":["https:\/\/vana.vspa.ee\/hoolitsused\/hydradermie-hydralift\/"]}]},{"@type":"BreadcrumbList","@id":"https:\/\/vana.vspa.ee\/hoolitsused\/hydradermie-hydralift\/#breadcrumb","itemListElement":[{"@type":"ListItem","position":1,"name":"Home","item":"https:\/\/vana.vspa.ee\/lv\/"},{"@type":"ListItem","position":2,"name":"Ritu\u0101li","item":"https:\/\/vana.vspa.ee\/hoolitsused\/"},{"@type":"ListItem","position":3,"name":"Hydradermie + Hydralift"}]},{"@type":"WebSite","@id":"https:\/\/vana.vspa.ee\/#website","url":"https:\/\/vana.vspa.ee\/","name":"V Spa","description":"V\u00f5ta veest viimast!","potentialAction":[{"@type":"SearchAction","target":{"@type":"EntryPoint","urlTemplate":"https:\/\/vana.vspa.ee\/?s={search_term_string}"},"query-input":{"@type":"PropertyValueSpecification","valueRequired":true,"valueName":"search_term_string"}}],"inLanguage":"lv-LV"}]}},"_links":{"self":[{"href":"https:\/\/vana.vspa.ee\/lv\/wp-json\/wp\/v2\/pages\/8284","targetHints":{"allow":["GET"]}}],"collection":[{"href":"https:\/\/vana.vspa.ee\/lv\/wp-json\/wp\/v2\/pages"}],"about":[{"href":"https:\/\/vana.vspa.ee\/lv\/wp-json\/wp\/v2\/types\/page"}],"author":[{"embeddable":true,"href":"https:\/\/vana.vspa.ee\/lv\/wp-json\/wp\/v2\/users\/1"}],"replies":[{"embeddable":true,"href":"https:\/\/vana.vspa.ee\/lv\/wp-json\/wp\/v2\/comments?post=8284"}],"version-history":[{"count":3,"href":"https:\/\/vana.vspa.ee\/lv\/wp-json\/wp\/v2\/pages\/8284\/revisions"}],"predecessor-version":[{"id":47152,"href":"https:\/\/vana.vspa.ee\/lv\/wp-json\/wp\/v2\/pages\/8284\/revisions\/47152"}],"up":[{"embeddable":true,"href":"https:\/\/vana.vspa.ee\/lv\/wp-json\/wp\/v2\/pages\/1094"}],"wp:attachment":[{"href":"https:\/\/vana.vspa.ee\/lv\/wp-json\/wp\/v2\/media?parent=8284"}],"curies":[{"name":"wp","href":"https:\/\/api.w.org\/{rel}","templated":true}]}}