{"id":8397,"date":"2017-11-01T10:52:23","date_gmt":"2017-11-01T08:52:23","guid":{"rendered":"https:\/\/vspa.ee\/rituali\/wellness-kate-ja-kuuntehoolitsus\/"},"modified":"2023-12-04T15:13:35","modified_gmt":"2023-12-04T13:13:35","slug":"wellness-kate-ja-kuuntehoolitsus","status":"publish","type":"page","link":"https:\/\/vana.vspa.ee\/lv\/rituali\/wellness-kate-ja-kuuntehoolitsus\/","title":{"rendered":"Wellness roku un nagu kop\u0161anas proced\u016bra"},"content":{"rendered":"<p>Luksus barojo\u0161a proced\u016bra rok\u0101m un nagiem. Vispirms nagiem tiek pie\u0161\u0137irta v\u0113lam\u0101 forma un apr\u016bp\u0113tas kutikulas, turpin\u0101jum\u0101 tiek veikta eksfoli\u0101cija ar arom\u0101tisku skrubi un rok\u0101m uzkl\u0101ta barojo\u0161a maska kas padara rokas maigas un z\u012bdainas. Nosl\u0113gum\u0101 tiek veikta mas\u0101\u017ea un nagiem uzkl\u0101ta barojo\u0161a nagu e\u013c\u013ca. Ja v\u0113laties, nagiem iesp\u0113jams uzkl\u0101t j\u016bsu izv\u0113l\u0113tu Orly Breathable nagulaku.<\/p>\n","protected":false},"excerpt":{"rendered":"<p>Luksus barojo\u0161a proced\u016bra rok\u0101m un nagiem. Vispirms nagiem tiek pie\u0161\u0137irta v\u0113lam\u0101 forma un apr\u016bp\u0113tas kutikulas, turpin\u0101jum\u0101 tiek veikta eksfoli\u0101cija ar&#8230;<\/p>\n","protected":false},"author":1,"featured_media":0,"parent":1094,"menu_order":21,"comment_status":"closed","ping_status":"closed","template":"page-templates\/tpl-offer1.php","meta":{"_acf_changed":false,"_monsterinsights_skip_tracking":false,"_monsterinsights_sitenote_active":false,"_monsterinsights_sitenote_note":"","_monsterinsights_sitenote_category":0,"footnotes":"","_links_to":"","_links_to_target":""},"class_list":["post-8397","page","type-page","status-publish","hentry"],"acf":[],"yoast_head":"<!-- This site is optimized with the Yoast SEO plugin v24.7 - https:\/\/yoast.com\/wordpress\/plugins\/seo\/ -->\n<title>Wellness roku un nagu kop\u0161anas proced\u016bra - V Spa<\/title>\n<meta name=\"robots\" content=\"noindex, follow, max-snippet:-1, max-image-preview:large, max-video-preview:-1\" \/>\n<meta property=\"og:locale\" content=\"lv_LV\" \/>\n<meta property=\"og:type\" content=\"article\" \/>\n<meta property=\"og:title\" content=\"Wellness roku un nagu kop\u0161anas proced\u016bra - V Spa\" \/>\n<meta property=\"og:description\" content=\"Luksus barojo\u0161a proced\u016bra rok\u0101m un nagiem. Vispirms nagiem tiek pie\u0161\u0137irta v\u0113lam\u0101 forma un apr\u016bp\u0113tas kutikulas, turpin\u0101jum\u0101 tiek veikta eksfoli\u0101cija ar...\" \/>\n<meta property=\"og:url\" content=\"https:\/\/vana.vspa.ee\/hoolitsused\/wellness-kate-ja-kuuntehoolitsus\/\" \/>\n<meta property=\"og:site_name\" content=\"V Spa\" \/>\n<meta property=\"article:modified_time\" content=\"2023-12-04T13:13:35+00:00\" \/>\n<meta name=\"twitter:card\" content=\"summary_large_image\" \/>\n<meta name=\"twitter:label1\" content=\"Est. reading time\" \/>\n\t<meta name=\"twitter:data1\" content=\"1 min\u016b\u0161u\" \/>\n<script type=\"application\/ld+json\" class=\"yoast-schema-graph\">{\"@context\":\"https:\/\/schema.org\",\"@graph\":[{\"@type\":\"WebPage\",\"@id\":\"https:\/\/vana.vspa.ee\/hoolitsused\/wellness-kate-ja-kuuntehoolitsus\/\",\"url\":\"https:\/\/vana.vspa.ee\/hoolitsused\/wellness-kate-ja-kuuntehoolitsus\/\",\"name\":\"Wellness roku un nagu kop\u0161anas proced\u016bra - V Spa\",\"isPartOf\":{\"@id\":\"https:\/\/vana.vspa.ee\/#website\"},\"datePublished\":\"2017-11-01T08:52:23+00:00\",\"dateModified\":\"2023-12-04T13:13:35+00:00\",\"breadcrumb\":{\"@id\":\"https:\/\/vana.vspa.ee\/hoolitsused\/wellness-kate-ja-kuuntehoolitsus\/#breadcrumb\"},\"inLanguage\":\"lv-LV\",\"potentialAction\":[{\"@type\":\"ReadAction\",\"target\":[\"https:\/\/vana.vspa.ee\/hoolitsused\/wellness-kate-ja-kuuntehoolitsus\/\"]}]},{\"@type\":\"BreadcrumbList\",\"@id\":\"https:\/\/vana.vspa.ee\/hoolitsused\/wellness-kate-ja-kuuntehoolitsus\/#breadcrumb\",\"itemListElement\":[{\"@type\":\"ListItem\",\"position\":1,\"name\":\"Home\",\"item\":\"https:\/\/vana.vspa.ee\/lv\/\"},{\"@type\":\"ListItem\",\"position\":2,\"name\":\"Ritu\u0101li\",\"item\":\"https:\/\/vana.vspa.ee\/hoolitsused\/\"},{\"@type\":\"ListItem\",\"position\":3,\"name\":\"Wellness roku un nagu kop\u0161anas proced\u016bra\"}]},{\"@type\":\"WebSite\",\"@id\":\"https:\/\/vana.vspa.ee\/#website\",\"url\":\"https:\/\/vana.vspa.ee\/\",\"name\":\"V Spa\",\"description\":\"V\u00f5ta veest viimast!\",\"potentialAction\":[{\"@type\":\"SearchAction\",\"target\":{\"@type\":\"EntryPoint\",\"urlTemplate\":\"https:\/\/vana.vspa.ee\/?s={search_term_string}\"},\"query-input\":{\"@type\":\"PropertyValueSpecification\",\"valueRequired\":true,\"valueName\":\"search_term_string\"}}],\"inLanguage\":\"lv-LV\"}]}<\/script>\n<!-- \/ Yoast SEO plugin. -->","yoast_head_json":{"title":"Wellness roku un nagu kop\u0161anas proced\u016bra - V Spa","robots":{"index":"noindex","follow":"follow","max-snippet":"max-snippet:-1","max-image-preview":"max-image-preview:large","max-video-preview":"max-video-preview:-1"},"og_locale":"lv_LV","og_type":"article","og_title":"Wellness roku un nagu kop\u0161anas proced\u016bra - V Spa","og_description":"Luksus barojo\u0161a proced\u016bra rok\u0101m un nagiem. Vispirms nagiem tiek pie\u0161\u0137irta v\u0113lam\u0101 forma un apr\u016bp\u0113tas kutikulas, turpin\u0101jum\u0101 tiek veikta eksfoli\u0101cija ar...","og_url":"https:\/\/vana.vspa.ee\/hoolitsused\/wellness-kate-ja-kuuntehoolitsus\/","og_site_name":"V Spa","article_modified_time":"2023-12-04T13:13:35+00:00","twitter_card":"summary_large_image","twitter_misc":{"Est. reading time":"1 min\u016b\u0161u"},"schema":{"@context":"https:\/\/schema.org","@graph":[{"@type":"WebPage","@id":"https:\/\/vana.vspa.ee\/hoolitsused\/wellness-kate-ja-kuuntehoolitsus\/","url":"https:\/\/vana.vspa.ee\/hoolitsused\/wellness-kate-ja-kuuntehoolitsus\/","name":"Wellness roku un nagu kop\u0161anas proced\u016bra - V Spa","isPartOf":{"@id":"https:\/\/vana.vspa.ee\/#website"},"datePublished":"2017-11-01T08:52:23+00:00","dateModified":"2023-12-04T13:13:35+00:00","breadcrumb":{"@id":"https:\/\/vana.vspa.ee\/hoolitsused\/wellness-kate-ja-kuuntehoolitsus\/#breadcrumb"},"inLanguage":"lv-LV","potentialAction":[{"@type":"ReadAction","target":["https:\/\/vana.vspa.ee\/hoolitsused\/wellness-kate-ja-kuuntehoolitsus\/"]}]},{"@type":"BreadcrumbList","@id":"https:\/\/vana.vspa.ee\/hoolitsused\/wellness-kate-ja-kuuntehoolitsus\/#breadcrumb","itemListElement":[{"@type":"ListItem","position":1,"name":"Home","item":"https:\/\/vana.vspa.ee\/lv\/"},{"@type":"ListItem","position":2,"name":"Ritu\u0101li","item":"https:\/\/vana.vspa.ee\/hoolitsused\/"},{"@type":"ListItem","position":3,"name":"Wellness roku un nagu kop\u0161anas proced\u016bra"}]},{"@type":"WebSite","@id":"https:\/\/vana.vspa.ee\/#website","url":"https:\/\/vana.vspa.ee\/","name":"V Spa","description":"V\u00f5ta veest viimast!","potentialAction":[{"@type":"SearchAction","target":{"@type":"EntryPoint","urlTemplate":"https:\/\/vana.vspa.ee\/?s={search_term_string}"},"query-input":{"@type":"PropertyValueSpecification","valueRequired":true,"valueName":"search_term_string"}}],"inLanguage":"lv-LV"}]}},"_links":{"self":[{"href":"https:\/\/vana.vspa.ee\/lv\/wp-json\/wp\/v2\/pages\/8397","targetHints":{"allow":["GET"]}}],"collection":[{"href":"https:\/\/vana.vspa.ee\/lv\/wp-json\/wp\/v2\/pages"}],"about":[{"href":"https:\/\/vana.vspa.ee\/lv\/wp-json\/wp\/v2\/types\/page"}],"author":[{"embeddable":true,"href":"https:\/\/vana.vspa.ee\/lv\/wp-json\/wp\/v2\/users\/1"}],"replies":[{"embeddable":true,"href":"https:\/\/vana.vspa.ee\/lv\/wp-json\/wp\/v2\/comments?post=8397"}],"version-history":[{"count":6,"href":"https:\/\/vana.vspa.ee\/lv\/wp-json\/wp\/v2\/pages\/8397\/revisions"}],"predecessor-version":[{"id":42028,"href":"https:\/\/vana.vspa.ee\/lv\/wp-json\/wp\/v2\/pages\/8397\/revisions\/42028"}],"up":[{"embeddable":true,"href":"https:\/\/vana.vspa.ee\/lv\/wp-json\/wp\/v2\/pages\/1094"}],"wp:attachment":[{"href":"https:\/\/vana.vspa.ee\/lv\/wp-json\/wp\/v2\/media?parent=8397"}],"curies":[{"name":"wp","href":"https:\/\/api.w.org\/{rel}","templated":true}]}}