{"id":8401,"date":"2017-11-03T12:20:18","date_gmt":"2017-11-03T10:20:18","guid":{"rendered":"https:\/\/vspa.ee\/rituali\/toksiine-valjutav-ja-loogastav-jalahoolitsus-maskiga\/"},"modified":"2023-12-04T10:59:03","modified_gmt":"2023-12-04T08:59:03","slug":"toksiine-valjutav-ja-loogastav-jalahoolitsus-maskiga","status":"publish","type":"page","link":"https:\/\/vana.vspa.ee\/lv\/rituali\/toksiine-valjutav-ja-loogastav-jalahoolitsus-maskiga\/","title":{"rendered":"Relaks\u0113jo\u0161a un mitrino\u0161a k\u0101ju proced\u016bra"},"content":{"rendered":"<p>Proced\u016bra ies\u0101kas ar kumel\u012b\u0161u-s\u0101ls k\u0101ju vannu, turpin\u0101jum\u0101 tiek veikta k\u0101ju eksfoli\u0101cija ar N\u0101ves j\u016bras s\u0101ls skrubi, kas bag\u0101tin\u0101ts ar da\u017e\u0101diem augu ekstraktiem un e\u013c\u013c\u0101m. Toks\u012bnus izvado\u0161\u0101 maska atsvaidzina un att\u012bra, bet proced\u016bru nosl\u0113dzo\u0161\u0101 mas\u0101\u017ea pat\u012bkami relaks\u0113. \u0160\u012b proced\u016bra \u012bpa\u0161i piem\u0113rota cilv\u0113kiem ar s\u0113do\u0161u darbu, k\u0101 ar\u012b visiem, kas v\u0113las atbr\u012bvoties no t\u016bskas un toks\u012bniem.<\/p>\n<p>\u0160o proced\u016bru var baud\u012bt dienas spa paketes ietvaros: <a href=\"https:\/\/vspa.ee\/lv\/paketes\/virgutav-puhastus\/\" class=\"broken_link\">Uzmundrino\u0161\u0101 att\u012br\u012b\u0161n\u0101s<\/a><\/p>\n","protected":false},"excerpt":{"rendered":"<p>Proced\u016bra ies\u0101kas ar kumel\u012b\u0161u-s\u0101ls k\u0101ju vannu, turpin\u0101jum\u0101 tiek veikta k\u0101ju eksfoli\u0101cija ar N\u0101ves j\u016bras s\u0101ls skrubi, kas bag\u0101tin\u0101ts ar da\u017e\u0101diem&#8230;<\/p>\n","protected":false},"author":1,"featured_media":0,"parent":1094,"menu_order":20,"comment_status":"closed","ping_status":"closed","template":"page-templates\/tpl-offer1.php","meta":{"_acf_changed":false,"_monsterinsights_skip_tracking":false,"_monsterinsights_sitenote_active":false,"_monsterinsights_sitenote_note":"","_monsterinsights_sitenote_category":0,"footnotes":"","_links_to":"","_links_to_target":""},"class_list":["post-8401","page","type-page","status-publish","hentry"],"acf":[],"yoast_head":"<!-- This site is optimized with the Yoast SEO plugin v24.7 - https:\/\/yoast.com\/wordpress\/plugins\/seo\/ -->\n<title>Relaks\u0113jo\u0161a un mitrino\u0161a k\u0101ju proced\u016bra - V Spa<\/title>\n<meta name=\"robots\" content=\"noindex, follow, max-snippet:-1, max-image-preview:large, max-video-preview:-1\" \/>\n<meta property=\"og:locale\" content=\"lv_LV\" \/>\n<meta property=\"og:type\" content=\"article\" \/>\n<meta property=\"og:title\" content=\"Relaks\u0113jo\u0161a un mitrino\u0161a k\u0101ju proced\u016bra - V Spa\" \/>\n<meta property=\"og:description\" content=\"Proced\u016bra ies\u0101kas ar kumel\u012b\u0161u-s\u0101ls k\u0101ju vannu, turpin\u0101jum\u0101 tiek veikta k\u0101ju eksfoli\u0101cija ar N\u0101ves j\u016bras s\u0101ls skrubi, kas bag\u0101tin\u0101ts ar da\u017e\u0101diem...\" \/>\n<meta property=\"og:url\" content=\"https:\/\/vana.vspa.ee\/hoolitsused\/toksiine-valjutav-ja-loogastav-jalahoolitsus-maskiga\/\" \/>\n<meta property=\"og:site_name\" content=\"V Spa\" \/>\n<meta property=\"article:modified_time\" content=\"2023-12-04T08:59:03+00:00\" \/>\n<meta name=\"twitter:card\" content=\"summary_large_image\" \/>\n<meta name=\"twitter:label1\" content=\"Est. reading time\" \/>\n\t<meta name=\"twitter:data1\" content=\"1 min\u016b\u0161u\" \/>\n<script type=\"application\/ld+json\" class=\"yoast-schema-graph\">{\"@context\":\"https:\/\/schema.org\",\"@graph\":[{\"@type\":\"WebPage\",\"@id\":\"https:\/\/vana.vspa.ee\/hoolitsused\/toksiine-valjutav-ja-loogastav-jalahoolitsus-maskiga\/\",\"url\":\"https:\/\/vana.vspa.ee\/hoolitsused\/toksiine-valjutav-ja-loogastav-jalahoolitsus-maskiga\/\",\"name\":\"Relaks\u0113jo\u0161a un mitrino\u0161a k\u0101ju proced\u016bra - V Spa\",\"isPartOf\":{\"@id\":\"https:\/\/vana.vspa.ee\/#website\"},\"datePublished\":\"2017-11-03T10:20:18+00:00\",\"dateModified\":\"2023-12-04T08:59:03+00:00\",\"breadcrumb\":{\"@id\":\"https:\/\/vana.vspa.ee\/hoolitsused\/toksiine-valjutav-ja-loogastav-jalahoolitsus-maskiga\/#breadcrumb\"},\"inLanguage\":\"lv-LV\",\"potentialAction\":[{\"@type\":\"ReadAction\",\"target\":[\"https:\/\/vana.vspa.ee\/hoolitsused\/toksiine-valjutav-ja-loogastav-jalahoolitsus-maskiga\/\"]}]},{\"@type\":\"BreadcrumbList\",\"@id\":\"https:\/\/vana.vspa.ee\/hoolitsused\/toksiine-valjutav-ja-loogastav-jalahoolitsus-maskiga\/#breadcrumb\",\"itemListElement\":[{\"@type\":\"ListItem\",\"position\":1,\"name\":\"Home\",\"item\":\"https:\/\/vana.vspa.ee\/lv\/\"},{\"@type\":\"ListItem\",\"position\":2,\"name\":\"Ritu\u0101li\",\"item\":\"https:\/\/vana.vspa.ee\/hoolitsused\/\"},{\"@type\":\"ListItem\",\"position\":3,\"name\":\"Relaks\u0113jo\u0161a un mitrino\u0161a k\u0101ju proced\u016bra\"}]},{\"@type\":\"WebSite\",\"@id\":\"https:\/\/vana.vspa.ee\/#website\",\"url\":\"https:\/\/vana.vspa.ee\/\",\"name\":\"V Spa\",\"description\":\"V\u00f5ta veest viimast!\",\"potentialAction\":[{\"@type\":\"SearchAction\",\"target\":{\"@type\":\"EntryPoint\",\"urlTemplate\":\"https:\/\/vana.vspa.ee\/?s={search_term_string}\"},\"query-input\":{\"@type\":\"PropertyValueSpecification\",\"valueRequired\":true,\"valueName\":\"search_term_string\"}}],\"inLanguage\":\"lv-LV\"}]}<\/script>\n<!-- \/ Yoast SEO plugin. -->","yoast_head_json":{"title":"Relaks\u0113jo\u0161a un mitrino\u0161a k\u0101ju proced\u016bra - V Spa","robots":{"index":"noindex","follow":"follow","max-snippet":"max-snippet:-1","max-image-preview":"max-image-preview:large","max-video-preview":"max-video-preview:-1"},"og_locale":"lv_LV","og_type":"article","og_title":"Relaks\u0113jo\u0161a un mitrino\u0161a k\u0101ju proced\u016bra - V Spa","og_description":"Proced\u016bra ies\u0101kas ar kumel\u012b\u0161u-s\u0101ls k\u0101ju vannu, turpin\u0101jum\u0101 tiek veikta k\u0101ju eksfoli\u0101cija ar N\u0101ves j\u016bras s\u0101ls skrubi, kas bag\u0101tin\u0101ts ar da\u017e\u0101diem...","og_url":"https:\/\/vana.vspa.ee\/hoolitsused\/toksiine-valjutav-ja-loogastav-jalahoolitsus-maskiga\/","og_site_name":"V Spa","article_modified_time":"2023-12-04T08:59:03+00:00","twitter_card":"summary_large_image","twitter_misc":{"Est. reading time":"1 min\u016b\u0161u"},"schema":{"@context":"https:\/\/schema.org","@graph":[{"@type":"WebPage","@id":"https:\/\/vana.vspa.ee\/hoolitsused\/toksiine-valjutav-ja-loogastav-jalahoolitsus-maskiga\/","url":"https:\/\/vana.vspa.ee\/hoolitsused\/toksiine-valjutav-ja-loogastav-jalahoolitsus-maskiga\/","name":"Relaks\u0113jo\u0161a un mitrino\u0161a k\u0101ju proced\u016bra - V Spa","isPartOf":{"@id":"https:\/\/vana.vspa.ee\/#website"},"datePublished":"2017-11-03T10:20:18+00:00","dateModified":"2023-12-04T08:59:03+00:00","breadcrumb":{"@id":"https:\/\/vana.vspa.ee\/hoolitsused\/toksiine-valjutav-ja-loogastav-jalahoolitsus-maskiga\/#breadcrumb"},"inLanguage":"lv-LV","potentialAction":[{"@type":"ReadAction","target":["https:\/\/vana.vspa.ee\/hoolitsused\/toksiine-valjutav-ja-loogastav-jalahoolitsus-maskiga\/"]}]},{"@type":"BreadcrumbList","@id":"https:\/\/vana.vspa.ee\/hoolitsused\/toksiine-valjutav-ja-loogastav-jalahoolitsus-maskiga\/#breadcrumb","itemListElement":[{"@type":"ListItem","position":1,"name":"Home","item":"https:\/\/vana.vspa.ee\/lv\/"},{"@type":"ListItem","position":2,"name":"Ritu\u0101li","item":"https:\/\/vana.vspa.ee\/hoolitsused\/"},{"@type":"ListItem","position":3,"name":"Relaks\u0113jo\u0161a un mitrino\u0161a k\u0101ju proced\u016bra"}]},{"@type":"WebSite","@id":"https:\/\/vana.vspa.ee\/#website","url":"https:\/\/vana.vspa.ee\/","name":"V Spa","description":"V\u00f5ta veest viimast!","potentialAction":[{"@type":"SearchAction","target":{"@type":"EntryPoint","urlTemplate":"https:\/\/vana.vspa.ee\/?s={search_term_string}"},"query-input":{"@type":"PropertyValueSpecification","valueRequired":true,"valueName":"search_term_string"}}],"inLanguage":"lv-LV"}]}},"_links":{"self":[{"href":"https:\/\/vana.vspa.ee\/lv\/wp-json\/wp\/v2\/pages\/8401","targetHints":{"allow":["GET"]}}],"collection":[{"href":"https:\/\/vana.vspa.ee\/lv\/wp-json\/wp\/v2\/pages"}],"about":[{"href":"https:\/\/vana.vspa.ee\/lv\/wp-json\/wp\/v2\/types\/page"}],"author":[{"embeddable":true,"href":"https:\/\/vana.vspa.ee\/lv\/wp-json\/wp\/v2\/users\/1"}],"replies":[{"embeddable":true,"href":"https:\/\/vana.vspa.ee\/lv\/wp-json\/wp\/v2\/comments?post=8401"}],"version-history":[{"count":6,"href":"https:\/\/vana.vspa.ee\/lv\/wp-json\/wp\/v2\/pages\/8401\/revisions"}],"predecessor-version":[{"id":41936,"href":"https:\/\/vana.vspa.ee\/lv\/wp-json\/wp\/v2\/pages\/8401\/revisions\/41936"}],"up":[{"embeddable":true,"href":"https:\/\/vana.vspa.ee\/lv\/wp-json\/wp\/v2\/pages\/1094"}],"wp:attachment":[{"href":"https:\/\/vana.vspa.ee\/lv\/wp-json\/wp\/v2\/media?parent=8401"}],"curies":[{"name":"wp","href":"https:\/\/api.w.org\/{rel}","templated":true}]}}