{"id":9796,"date":"2017-12-20T11:12:01","date_gmt":"2017-12-20T09:12:01","guid":{"rendered":"https:\/\/vspa.ee\/rituali\/kate-ja-kuuntehoolitsus-kuuma-oliga\/"},"modified":"2025-02-14T10:27:43","modified_gmt":"2025-02-14T08:27:43","slug":"kate-ja-kuuntehoolitsus-kuuma-oliga","status":"publish","type":"page","link":"https:\/\/vana.vspa.ee\/lv\/rituali\/kate-ja-kuuntehoolitsus-kuuma-oliga\/","title":{"rendered":"Silt\u0101s e\u013c\u013cas roku un nagu kop\u0161anas proced\u016bra."},"content":{"rendered":"<p>Pat\u012bkami sildo\u0161a proced\u016bra, kas padara rokas maigas un z\u012bdainas. Proced\u016br\u0101 tiek apr\u016bp\u0113ti j\u016bsu nagi un rokas, ta\u010du galven\u0101 v\u0113r\u012bba tiek piev\u0113rsta silt\u0101s e\u013c\u013cas roku mas\u0101\u017eai, kura tiek veikta l\u012bdz pat elko\u0146iem. Proced\u016bras nosl\u0113gum\u0101 rok\u0101m uzkl\u0101j mitrino\u0161u kr\u0113mu. Proced\u016bra \u012bpa\u0161i piem\u0113rota gadalaiku mai\u0146\u0101s un aukstaj\u0101 gada period\u0101, k\u0101 ar\u012b, ir \u013coti mitrino\u0161a \u012bpa\u0161i sausai roku \u0101dai.<\/p>\n<p>\u0160\u012bs proced\u016bras gait\u0101 j\u016bsu roku nagi tiek \u012bpa\u0161i mitrin\u0101ti, t\u0101d\u0113\u013c nav ieteicams p\u0113c proced\u016bras uzkl\u0101t nagu laku.<\/p>\n","protected":false},"excerpt":{"rendered":"<p>Pat\u012bkami sildo\u0161a proced\u016bra, kas padara rokas maigas un z\u012bdainas. Proced\u016br\u0101 tiek apr\u016bp\u0113ti j\u016bsu nagi un rokas, ta\u010du galven\u0101 v\u0113r\u012bba tiek&#8230;<\/p>\n","protected":false},"author":1,"featured_media":0,"parent":1094,"menu_order":10,"comment_status":"closed","ping_status":"closed","template":"page-templates\/tpl-offer1.php","meta":{"_acf_changed":false,"_monsterinsights_skip_tracking":false,"_monsterinsights_sitenote_active":false,"_monsterinsights_sitenote_note":"","_monsterinsights_sitenote_category":0,"footnotes":"","_links_to":"","_links_to_target":""},"class_list":["post-9796","page","type-page","status-publish","hentry"],"acf":[],"yoast_head":"<!-- This site is optimized with the Yoast SEO plugin v24.7 - https:\/\/yoast.com\/wordpress\/plugins\/seo\/ -->\n<title>Silt\u0101s e\u013c\u013cas roku un nagu kop\u0161anas proced\u016bra. - V Spa<\/title>\n<meta name=\"robots\" content=\"noindex, follow, max-snippet:-1, max-image-preview:large, max-video-preview:-1\" \/>\n<meta property=\"og:locale\" content=\"lv_LV\" \/>\n<meta property=\"og:type\" content=\"article\" \/>\n<meta property=\"og:title\" content=\"Silt\u0101s e\u013c\u013cas roku un nagu kop\u0161anas proced\u016bra. - V Spa\" \/>\n<meta property=\"og:description\" content=\"Pat\u012bkami sildo\u0161a proced\u016bra, kas padara rokas maigas un z\u012bdainas. Proced\u016br\u0101 tiek apr\u016bp\u0113ti j\u016bsu nagi un rokas, ta\u010du galven\u0101 v\u0113r\u012bba tiek...\" \/>\n<meta property=\"og:url\" content=\"https:\/\/vana.vspa.ee\/hoolitsused\/kate-ja-kuuntehoolitsus-kuuma-oliga\/\" \/>\n<meta property=\"og:site_name\" content=\"V Spa\" \/>\n<meta property=\"article:modified_time\" content=\"2025-02-14T08:27:43+00:00\" \/>\n<meta name=\"twitter:card\" content=\"summary_large_image\" \/>\n<meta name=\"twitter:label1\" content=\"Est. reading time\" \/>\n\t<meta name=\"twitter:data1\" content=\"1 min\u016b\u0161u\" \/>\n<script type=\"application\/ld+json\" class=\"yoast-schema-graph\">{\"@context\":\"https:\/\/schema.org\",\"@graph\":[{\"@type\":\"WebPage\",\"@id\":\"https:\/\/vana.vspa.ee\/hoolitsused\/kate-ja-kuuntehoolitsus-kuuma-oliga\/\",\"url\":\"https:\/\/vana.vspa.ee\/hoolitsused\/kate-ja-kuuntehoolitsus-kuuma-oliga\/\",\"name\":\"Silt\u0101s e\u013c\u013cas roku un nagu kop\u0161anas proced\u016bra. - V Spa\",\"isPartOf\":{\"@id\":\"https:\/\/vana.vspa.ee\/#website\"},\"datePublished\":\"2017-12-20T09:12:01+00:00\",\"dateModified\":\"2025-02-14T08:27:43+00:00\",\"breadcrumb\":{\"@id\":\"https:\/\/vana.vspa.ee\/hoolitsused\/kate-ja-kuuntehoolitsus-kuuma-oliga\/#breadcrumb\"},\"inLanguage\":\"lv-LV\",\"potentialAction\":[{\"@type\":\"ReadAction\",\"target\":[\"https:\/\/vana.vspa.ee\/hoolitsused\/kate-ja-kuuntehoolitsus-kuuma-oliga\/\"]}]},{\"@type\":\"BreadcrumbList\",\"@id\":\"https:\/\/vana.vspa.ee\/hoolitsused\/kate-ja-kuuntehoolitsus-kuuma-oliga\/#breadcrumb\",\"itemListElement\":[{\"@type\":\"ListItem\",\"position\":1,\"name\":\"Home\",\"item\":\"https:\/\/vana.vspa.ee\/lv\/\"},{\"@type\":\"ListItem\",\"position\":2,\"name\":\"Ritu\u0101li\",\"item\":\"https:\/\/vana.vspa.ee\/hoolitsused\/\"},{\"@type\":\"ListItem\",\"position\":3,\"name\":\"Silt\u0101s e\u013c\u013cas roku un nagu kop\u0161anas proced\u016bra.\"}]},{\"@type\":\"WebSite\",\"@id\":\"https:\/\/vana.vspa.ee\/#website\",\"url\":\"https:\/\/vana.vspa.ee\/\",\"name\":\"V Spa\",\"description\":\"V\u00f5ta veest viimast!\",\"potentialAction\":[{\"@type\":\"SearchAction\",\"target\":{\"@type\":\"EntryPoint\",\"urlTemplate\":\"https:\/\/vana.vspa.ee\/?s={search_term_string}\"},\"query-input\":{\"@type\":\"PropertyValueSpecification\",\"valueRequired\":true,\"valueName\":\"search_term_string\"}}],\"inLanguage\":\"lv-LV\"}]}<\/script>\n<!-- \/ Yoast SEO plugin. -->","yoast_head_json":{"title":"Silt\u0101s e\u013c\u013cas roku un nagu kop\u0161anas proced\u016bra. - V Spa","robots":{"index":"noindex","follow":"follow","max-snippet":"max-snippet:-1","max-image-preview":"max-image-preview:large","max-video-preview":"max-video-preview:-1"},"og_locale":"lv_LV","og_type":"article","og_title":"Silt\u0101s e\u013c\u013cas roku un nagu kop\u0161anas proced\u016bra. - V Spa","og_description":"Pat\u012bkami sildo\u0161a proced\u016bra, kas padara rokas maigas un z\u012bdainas. Proced\u016br\u0101 tiek apr\u016bp\u0113ti j\u016bsu nagi un rokas, ta\u010du galven\u0101 v\u0113r\u012bba tiek...","og_url":"https:\/\/vana.vspa.ee\/hoolitsused\/kate-ja-kuuntehoolitsus-kuuma-oliga\/","og_site_name":"V Spa","article_modified_time":"2025-02-14T08:27:43+00:00","twitter_card":"summary_large_image","twitter_misc":{"Est. reading time":"1 min\u016b\u0161u"},"schema":{"@context":"https:\/\/schema.org","@graph":[{"@type":"WebPage","@id":"https:\/\/vana.vspa.ee\/hoolitsused\/kate-ja-kuuntehoolitsus-kuuma-oliga\/","url":"https:\/\/vana.vspa.ee\/hoolitsused\/kate-ja-kuuntehoolitsus-kuuma-oliga\/","name":"Silt\u0101s e\u013c\u013cas roku un nagu kop\u0161anas proced\u016bra. - V Spa","isPartOf":{"@id":"https:\/\/vana.vspa.ee\/#website"},"datePublished":"2017-12-20T09:12:01+00:00","dateModified":"2025-02-14T08:27:43+00:00","breadcrumb":{"@id":"https:\/\/vana.vspa.ee\/hoolitsused\/kate-ja-kuuntehoolitsus-kuuma-oliga\/#breadcrumb"},"inLanguage":"lv-LV","potentialAction":[{"@type":"ReadAction","target":["https:\/\/vana.vspa.ee\/hoolitsused\/kate-ja-kuuntehoolitsus-kuuma-oliga\/"]}]},{"@type":"BreadcrumbList","@id":"https:\/\/vana.vspa.ee\/hoolitsused\/kate-ja-kuuntehoolitsus-kuuma-oliga\/#breadcrumb","itemListElement":[{"@type":"ListItem","position":1,"name":"Home","item":"https:\/\/vana.vspa.ee\/lv\/"},{"@type":"ListItem","position":2,"name":"Ritu\u0101li","item":"https:\/\/vana.vspa.ee\/hoolitsused\/"},{"@type":"ListItem","position":3,"name":"Silt\u0101s e\u013c\u013cas roku un nagu kop\u0161anas proced\u016bra."}]},{"@type":"WebSite","@id":"https:\/\/vana.vspa.ee\/#website","url":"https:\/\/vana.vspa.ee\/","name":"V Spa","description":"V\u00f5ta veest viimast!","potentialAction":[{"@type":"SearchAction","target":{"@type":"EntryPoint","urlTemplate":"https:\/\/vana.vspa.ee\/?s={search_term_string}"},"query-input":{"@type":"PropertyValueSpecification","valueRequired":true,"valueName":"search_term_string"}}],"inLanguage":"lv-LV"}]}},"_links":{"self":[{"href":"https:\/\/vana.vspa.ee\/lv\/wp-json\/wp\/v2\/pages\/9796","targetHints":{"allow":["GET"]}}],"collection":[{"href":"https:\/\/vana.vspa.ee\/lv\/wp-json\/wp\/v2\/pages"}],"about":[{"href":"https:\/\/vana.vspa.ee\/lv\/wp-json\/wp\/v2\/types\/page"}],"author":[{"embeddable":true,"href":"https:\/\/vana.vspa.ee\/lv\/wp-json\/wp\/v2\/users\/1"}],"replies":[{"embeddable":true,"href":"https:\/\/vana.vspa.ee\/lv\/wp-json\/wp\/v2\/comments?post=9796"}],"version-history":[{"count":5,"href":"https:\/\/vana.vspa.ee\/lv\/wp-json\/wp\/v2\/pages\/9796\/revisions"}],"predecessor-version":[{"id":49060,"href":"https:\/\/vana.vspa.ee\/lv\/wp-json\/wp\/v2\/pages\/9796\/revisions\/49060"}],"up":[{"embeddable":true,"href":"https:\/\/vana.vspa.ee\/lv\/wp-json\/wp\/v2\/pages\/1094"}],"wp:attachment":[{"href":"https:\/\/vana.vspa.ee\/lv\/wp-json\/wp\/v2\/media?parent=9796"}],"curies":[{"name":"wp","href":"https:\/\/api.w.org\/{rel}","templated":true}]}}