{"id":9798,"date":"2017-12-20T11:30:36","date_gmt":"2017-12-20T09:30:36","guid":{"rendered":"https:\/\/vspa.ee\/rituali\/gel-fx-katehoolitsus-geellakiga\/"},"modified":"2023-12-04T14:32:28","modified_gmt":"2023-12-04T12:32:28","slug":"gel-fx-katehoolitsus-geellakiga","status":"publish","type":"page","link":"https:\/\/vana.vspa.ee\/lv\/rituali\/gel-fx-katehoolitsus-geellakiga\/","title":{"rendered":"Gel FX roku kop\u0161anas proced\u016bra ar g\u0113la lakas p\u0101rkl\u0101jumu"},"content":{"rendered":"<p>Proced\u016bra ies\u0101kas ar maigu sauso manik\u012bru, kura turpin\u0101jum\u0101 nagus p\u0101rkl\u0101j ar vitam\u012bniem pies\u0101tin\u0101tu g\u0113la b\u0101zes laku, kas aizsarg\u0101 nagus. Turpin\u0101jum\u0101 nagi tiek p\u0101rkl\u0101ti ar J\u016bsu izv\u0113l\u0113tu g\u0113la lakas kr\u0101su un virslaku, kas nodro\u0161ina nagu sp\u012bdumu. Nosl\u0113gum\u0101 nagus apr\u016bp\u0113 ar speci\u0101lu Gel FX nagu e\u013c\u013cu, kas sniedz nagiem \u012bpa\u0161u mirdzumu un mitrin\u0101jumu. Gel FX ir nagiem dro\u0161a g\u0113la lakas tehnolo\u0123ija un nodro\u0161ina sakoptu nagu izskatu l\u012bdz pat 3 ned\u0113\u013c\u0101m!<\/p>\n","protected":false},"excerpt":{"rendered":"<p>Proced\u016bra ies\u0101kas ar maigu sauso manik\u012bru, kura turpin\u0101jum\u0101 nagus p\u0101rkl\u0101j ar vitam\u012bniem pies\u0101tin\u0101tu g\u0113la b\u0101zes laku, kas aizsarg\u0101 nagus. Turpin\u0101jum\u0101&#8230;<\/p>\n","protected":false},"author":1,"featured_media":0,"parent":1094,"menu_order":9,"comment_status":"closed","ping_status":"closed","template":"page-templates\/tpl-offer1.php","meta":{"_acf_changed":false,"_monsterinsights_skip_tracking":false,"_monsterinsights_sitenote_active":false,"_monsterinsights_sitenote_note":"","_monsterinsights_sitenote_category":0,"footnotes":"","_links_to":"","_links_to_target":""},"class_list":["post-9798","page","type-page","status-publish","hentry"],"acf":[],"yoast_head":"<!-- This site is optimized with the Yoast SEO plugin v24.7 - https:\/\/yoast.com\/wordpress\/plugins\/seo\/ -->\n<title>Gel FX roku kop\u0161anas proced\u016bra ar g\u0113la lakas p\u0101rkl\u0101jumu - V Spa<\/title>\n<meta name=\"robots\" content=\"noindex, follow, max-snippet:-1, max-image-preview:large, max-video-preview:-1\" \/>\n<meta property=\"og:locale\" content=\"lv_LV\" \/>\n<meta property=\"og:type\" content=\"article\" \/>\n<meta property=\"og:title\" content=\"Gel FX roku kop\u0161anas proced\u016bra ar g\u0113la lakas p\u0101rkl\u0101jumu - V Spa\" \/>\n<meta property=\"og:description\" content=\"Proced\u016bra ies\u0101kas ar maigu sauso manik\u012bru, kura turpin\u0101jum\u0101 nagus p\u0101rkl\u0101j ar vitam\u012bniem pies\u0101tin\u0101tu g\u0113la b\u0101zes laku, kas aizsarg\u0101 nagus. Turpin\u0101jum\u0101...\" \/>\n<meta property=\"og:url\" content=\"https:\/\/vana.vspa.ee\/hoolitsused\/gel-fx-katehoolitsus-geellakiga\/\" \/>\n<meta property=\"og:site_name\" content=\"V Spa\" \/>\n<meta property=\"article:modified_time\" content=\"2023-12-04T12:32:28+00:00\" \/>\n<meta name=\"twitter:card\" content=\"summary_large_image\" \/>\n<meta name=\"twitter:label1\" content=\"Est. reading time\" \/>\n\t<meta name=\"twitter:data1\" content=\"1 min\u016b\u0161u\" \/>\n<script type=\"application\/ld+json\" class=\"yoast-schema-graph\">{\"@context\":\"https:\/\/schema.org\",\"@graph\":[{\"@type\":\"WebPage\",\"@id\":\"https:\/\/vana.vspa.ee\/hoolitsused\/gel-fx-katehoolitsus-geellakiga\/\",\"url\":\"https:\/\/vana.vspa.ee\/hoolitsused\/gel-fx-katehoolitsus-geellakiga\/\",\"name\":\"Gel FX roku kop\u0161anas proced\u016bra ar g\u0113la lakas p\u0101rkl\u0101jumu - V Spa\",\"isPartOf\":{\"@id\":\"https:\/\/vana.vspa.ee\/#website\"},\"datePublished\":\"2017-12-20T09:30:36+00:00\",\"dateModified\":\"2023-12-04T12:32:28+00:00\",\"breadcrumb\":{\"@id\":\"https:\/\/vana.vspa.ee\/hoolitsused\/gel-fx-katehoolitsus-geellakiga\/#breadcrumb\"},\"inLanguage\":\"lv-LV\",\"potentialAction\":[{\"@type\":\"ReadAction\",\"target\":[\"https:\/\/vana.vspa.ee\/hoolitsused\/gel-fx-katehoolitsus-geellakiga\/\"]}]},{\"@type\":\"BreadcrumbList\",\"@id\":\"https:\/\/vana.vspa.ee\/hoolitsused\/gel-fx-katehoolitsus-geellakiga\/#breadcrumb\",\"itemListElement\":[{\"@type\":\"ListItem\",\"position\":1,\"name\":\"Home\",\"item\":\"https:\/\/vana.vspa.ee\/lv\/\"},{\"@type\":\"ListItem\",\"position\":2,\"name\":\"Ritu\u0101li\",\"item\":\"https:\/\/vana.vspa.ee\/hoolitsused\/\"},{\"@type\":\"ListItem\",\"position\":3,\"name\":\"Gel FX roku kop\u0161anas proced\u016bra ar g\u0113la lakas p\u0101rkl\u0101jumu\"}]},{\"@type\":\"WebSite\",\"@id\":\"https:\/\/vana.vspa.ee\/#website\",\"url\":\"https:\/\/vana.vspa.ee\/\",\"name\":\"V Spa\",\"description\":\"V\u00f5ta veest viimast!\",\"potentialAction\":[{\"@type\":\"SearchAction\",\"target\":{\"@type\":\"EntryPoint\",\"urlTemplate\":\"https:\/\/vana.vspa.ee\/?s={search_term_string}\"},\"query-input\":{\"@type\":\"PropertyValueSpecification\",\"valueRequired\":true,\"valueName\":\"search_term_string\"}}],\"inLanguage\":\"lv-LV\"}]}<\/script>\n<!-- \/ Yoast SEO plugin. -->","yoast_head_json":{"title":"Gel FX roku kop\u0161anas proced\u016bra ar g\u0113la lakas p\u0101rkl\u0101jumu - V Spa","robots":{"index":"noindex","follow":"follow","max-snippet":"max-snippet:-1","max-image-preview":"max-image-preview:large","max-video-preview":"max-video-preview:-1"},"og_locale":"lv_LV","og_type":"article","og_title":"Gel FX roku kop\u0161anas proced\u016bra ar g\u0113la lakas p\u0101rkl\u0101jumu - V Spa","og_description":"Proced\u016bra ies\u0101kas ar maigu sauso manik\u012bru, kura turpin\u0101jum\u0101 nagus p\u0101rkl\u0101j ar vitam\u012bniem pies\u0101tin\u0101tu g\u0113la b\u0101zes laku, kas aizsarg\u0101 nagus. Turpin\u0101jum\u0101...","og_url":"https:\/\/vana.vspa.ee\/hoolitsused\/gel-fx-katehoolitsus-geellakiga\/","og_site_name":"V Spa","article_modified_time":"2023-12-04T12:32:28+00:00","twitter_card":"summary_large_image","twitter_misc":{"Est. reading time":"1 min\u016b\u0161u"},"schema":{"@context":"https:\/\/schema.org","@graph":[{"@type":"WebPage","@id":"https:\/\/vana.vspa.ee\/hoolitsused\/gel-fx-katehoolitsus-geellakiga\/","url":"https:\/\/vana.vspa.ee\/hoolitsused\/gel-fx-katehoolitsus-geellakiga\/","name":"Gel FX roku kop\u0161anas proced\u016bra ar g\u0113la lakas p\u0101rkl\u0101jumu - V Spa","isPartOf":{"@id":"https:\/\/vana.vspa.ee\/#website"},"datePublished":"2017-12-20T09:30:36+00:00","dateModified":"2023-12-04T12:32:28+00:00","breadcrumb":{"@id":"https:\/\/vana.vspa.ee\/hoolitsused\/gel-fx-katehoolitsus-geellakiga\/#breadcrumb"},"inLanguage":"lv-LV","potentialAction":[{"@type":"ReadAction","target":["https:\/\/vana.vspa.ee\/hoolitsused\/gel-fx-katehoolitsus-geellakiga\/"]}]},{"@type":"BreadcrumbList","@id":"https:\/\/vana.vspa.ee\/hoolitsused\/gel-fx-katehoolitsus-geellakiga\/#breadcrumb","itemListElement":[{"@type":"ListItem","position":1,"name":"Home","item":"https:\/\/vana.vspa.ee\/lv\/"},{"@type":"ListItem","position":2,"name":"Ritu\u0101li","item":"https:\/\/vana.vspa.ee\/hoolitsused\/"},{"@type":"ListItem","position":3,"name":"Gel FX roku kop\u0161anas proced\u016bra ar g\u0113la lakas p\u0101rkl\u0101jumu"}]},{"@type":"WebSite","@id":"https:\/\/vana.vspa.ee\/#website","url":"https:\/\/vana.vspa.ee\/","name":"V Spa","description":"V\u00f5ta veest viimast!","potentialAction":[{"@type":"SearchAction","target":{"@type":"EntryPoint","urlTemplate":"https:\/\/vana.vspa.ee\/?s={search_term_string}"},"query-input":{"@type":"PropertyValueSpecification","valueRequired":true,"valueName":"search_term_string"}}],"inLanguage":"lv-LV"}]}},"_links":{"self":[{"href":"https:\/\/vana.vspa.ee\/lv\/wp-json\/wp\/v2\/pages\/9798","targetHints":{"allow":["GET"]}}],"collection":[{"href":"https:\/\/vana.vspa.ee\/lv\/wp-json\/wp\/v2\/pages"}],"about":[{"href":"https:\/\/vana.vspa.ee\/lv\/wp-json\/wp\/v2\/types\/page"}],"author":[{"embeddable":true,"href":"https:\/\/vana.vspa.ee\/lv\/wp-json\/wp\/v2\/users\/1"}],"replies":[{"embeddable":true,"href":"https:\/\/vana.vspa.ee\/lv\/wp-json\/wp\/v2\/comments?post=9798"}],"version-history":[{"count":3,"href":"https:\/\/vana.vspa.ee\/lv\/wp-json\/wp\/v2\/pages\/9798\/revisions"}],"predecessor-version":[{"id":41988,"href":"https:\/\/vana.vspa.ee\/lv\/wp-json\/wp\/v2\/pages\/9798\/revisions\/41988"}],"up":[{"embeddable":true,"href":"https:\/\/vana.vspa.ee\/lv\/wp-json\/wp\/v2\/pages\/1094"}],"wp:attachment":[{"href":"https:\/\/vana.vspa.ee\/lv\/wp-json\/wp\/v2\/media?parent=9798"}],"curies":[{"name":"wp","href":"https:\/\/api.w.org\/{rel}","templated":true}]}}